{"id":35,"date":"2018-01-13T22:08:01","date_gmt":"2018-01-13T22:08:01","guid":{"rendered":"https:\/\/forester.temp.domains\/~aprosites\/?page_id=35"},"modified":"2026-01-07T09:05:14","modified_gmt":"2026-01-07T15:05:14","slug":"about","status":"publish","type":"page","link":"https:\/\/carterembry.com\/fr\/about","title":{"rendered":"\u00c0 propos de"},"content":{"rendered":"<div id=\"pl-35\"  class=\"panel-layout\" ><div id=\"pg-35-0\"  class=\"panel-grid panel-no-style\" ><div id=\"pgc-35-0-0\"  class=\"panel-grid-cell\" ><div id=\"panel-35-0-0-0\" class=\"so-panel widget widget_sow-features panel-first-child\" data-index=\"0\" ><div\n\t\t\t\n\t\t\tclass=\"so-widget-sow-features so-widget-sow-features-default-e737ac4e09b6-35\"\n\t\t\t\n\t\t><ul\n\tclass=\"sow-features-list\tsow-features-responsive\">\n\n\t\t\t<li\n\t\t\tclass=\"sow-features-feature sow-icon-container-position-top\"\n\t\t\tstyle=\"display: flex; flex-direction: column; width: calc(25% - 25px);\"\n\t\t>\n\t\t\t\t\t\t\t<a\n\t\t\t\t\thref=\"\/fr\/user\/daniel\/\"\n\t\t\t\t\t\t\t\t\t\tclass=\"sow-features-feature-linked-column\"\n\t\t\t\t>\n\t\t\t\t\t<span class=\"so-sr-only\">\n\t\t\t\t\t\t\t\t\t\t\t<\/span>\n\t\t\t\t<\/a>\n\t\t\t\n\t\t\t\t\t\t<a\t\t\t\tclass=\"sow-icon-container sow-container-none\"\n\t\t\t\tstyle=\"color: #404040; \"\n\t\t\t\t\n\t\t\t\t\t\t\t\t\thref=\"\/fr\/user\/daniel\/\"\n\t\t\t\t\t\t\t\t>\n\t\t\t\t\t\t\t\t\t\t<div class=\"sow-icon-image\" style=\"background-image: url(https:\/\/carterembry.com\/wp-content\/uploads\/2022\/02\/daniel.png); font-size: 85px\"><\/div>\n\t\t\t\t\t\t\t\t\t<\/a>\n\n\t\t\t<div class=\"textwidget\">\n\t\t\t\t\n\t\t\t\t\t\t\t\t\t<h5 class=\"sow-features-feature-title\">\n\t\t\t\t\t\tDaniel Carter\t\t\t\t\t<\/h5>\n\t\t\t\t\n\t\t\t\t\t\t\t\t\t<div class=\"sow-features-feature-text\">\n\t\t\t\t\t<p><em><small>Mentor Javascript, anciennement certifi\u00e9 Scrum Master<sup>\u00ae<\/sup><\/small><\/em><\/p>\n\t\t\t\t\t<\/div>\n\t\t\t\t\t\t\t\t<\/div>\n\t\t\t\t\t\t\t\t<\/li>\n\n\t\t\t<li\n\t\t\tclass=\"sow-features-feature sow-icon-container-position-top\"\n\t\t\tstyle=\"display: flex; flex-direction: column; width: calc(25% - 25px);\"\n\t\t>\n\t\t\t\t\t\t\t<a\n\t\t\t\t\thref=\"\/fr\/user\/ammi\/\"\n\t\t\t\t\t\t\t\t\t\tclass=\"sow-features-feature-linked-column\"\n\t\t\t\t>\n\t\t\t\t\t<span class=\"so-sr-only\">\n\t\t\t\t\t\t\t\t\t\t\t<\/span>\n\t\t\t\t<\/a>\n\t\t\t\n\t\t\t\t\t\t<a\t\t\t\tclass=\"sow-icon-container sow-container-none\"\n\t\t\t\tstyle=\"color: #404040; \"\n\t\t\t\t\n\t\t\t\t\t\t\t\t\thref=\"\/fr\/user\/ammi\/\"\n\t\t\t\t\t\t\t\t>\n\t\t\t\t\t\t\t\t\t\t<div class=\"sow-icon-image\" style=\"background-image: url(https:\/\/carterembry.com\/wp-content\/uploads\/2022\/02\/ammi.png); font-size: 85px\"><\/div>\n\t\t\t\t\t\t\t\t\t<\/a>\n\n\t\t\t<div class=\"textwidget\">\n\t\t\t\t\n\t\t\t\t\t\t\t\t\t<h5 class=\"sow-features-feature-title\">\n\t\t\t\t\t\tAmmi Embry\t\t\t\t\t<\/h5>\n\t\t\t\t\n\t\t\t\t\t\t\t\t\t<div class=\"sow-features-feature-text\">\n\t\t\t\t\t<em><small>Fondateur, conseiller, innovateur<\/small><\/em>\t\t\t\t\t<\/div>\n\t\t\t\t\t\t\t\t<\/div>\n\t\t\t\t\t\t\t\t<\/li>\n\n\t\t\t<li\n\t\t\tclass=\"sow-features-feature sow-icon-container-position-top\"\n\t\t\tstyle=\"display: flex; flex-direction: column; width: calc(25% - 25px);\"\n\t\t>\n\t\t\t\t\t\t\t<a\n\t\t\t\t\thref=\"\/fr\/user\/magnus\/\"\n\t\t\t\t\t\t\t\t\t\tclass=\"sow-features-feature-linked-column\"\n\t\t\t\t>\n\t\t\t\t\t<span class=\"so-sr-only\">\n\t\t\t\t\t\t\t\t\t\t\t<\/span>\n\t\t\t\t<\/a>\n\t\t\t\n\t\t\t\t\t\t<a\t\t\t\tclass=\"sow-icon-container sow-container-none\"\n\t\t\t\tstyle=\"color: #404040; \"\n\t\t\t\t\n\t\t\t\t\t\t\t\t\thref=\"\/fr\/user\/magnus\/\"\n\t\t\t\t\t\t\t\t>\n\t\t\t\t\t\t\t\t\t\t<div class=\"sow-icon-image\" style=\"background-image: url(https:\/\/carterembry.com\/wp-content\/uploads\/2022\/02\/magnus.png); font-size: 85px\"><\/div>\n\t\t\t\t\t\t\t\t\t<\/a>\n\n\t\t\t<div class=\"textwidget\">\n\t\t\t\t\n\t\t\t\t\t\t\t\t\t<h5 class=\"sow-features-feature-title\">\n\t\t\t\t\t\tMagnus McFlufington\t\t\t\t\t<\/h5>\n\t\t\t\t\n\t\t\t\t\t\t\t\t\t<div class=\"sow-features-feature-text\">\n\t\t\t\t\t<em><small>Pupper, Monsieur<\/small><\/em>\t\t\t\t\t<\/div>\n\t\t\t\t\t\t\t\t<\/div>\n\t\t\t\t\t\t\t\t<\/li>\n\n\t\t\t<li\n\t\t\tclass=\"sow-features-feature sow-icon-container-position-top\"\n\t\t\tstyle=\"display: flex; flex-direction: column; width: calc(25% - 25px);\"\n\t\t>\n\t\t\t\t\t\t\t<a\n\t\t\t\t\thref=\"\/fr\/user\/cirrus\/\"\n\t\t\t\t\t\t\t\t\t\tclass=\"sow-features-feature-linked-column\"\n\t\t\t\t>\n\t\t\t\t\t<span class=\"so-sr-only\">\n\t\t\t\t\t\t\t\t\t\t\t<\/span>\n\t\t\t\t<\/a>\n\t\t\t\n\t\t\t\t\t\t<a\t\t\t\tclass=\"sow-icon-container sow-container-none\"\n\t\t\t\tstyle=\"color: #404040; \"\n\t\t\t\t\n\t\t\t\t\t\t\t\t\thref=\"\/fr\/user\/cirrus\/\"\n\t\t\t\t\t\t\t\t>\n\t\t\t\t\t\t\t\t\t\t<div class=\"sow-icon-image\" style=\"background-image: url(https:\/\/carterembry.com\/wp-content\/uploads\/2022\/02\/cirrus.png); font-size: 85px\"><\/div>\n\t\t\t\t\t\t\t\t\t<\/a>\n\n\t\t\t<div class=\"textwidget\">\n\t\t\t\t\n\t\t\t\t\t\t\t\t\t<h5 class=\"sow-features-feature-title\">\n\t\t\t\t\t\tCirrus McFlufington\t\t\t\t\t<\/h5>\n\t\t\t\t\n\t\t\t\t\t\t\t\t\t<div class=\"sow-features-feature-text\">\n\t\t\t\t\t<p><em><small>Little Bit, The Littlest<\/small><\/em><\/p>\n\t\t\t\t\t<\/div>\n\t\t\t\t\t\t\t\t<\/div>\n\t\t\t\t\t\t\t\t<\/li>\n\n\t<\/ul>\n<\/div><\/div><div id=\"panel-35-0-0-1\" class=\"so-panel widget widget_siteorigin-panels-builder panel-last-child\" data-index=\"1\" ><div id=\"pl-w64a416cbc7162\"  class=\"panel-layout\" ><div id=\"pg-w64a416cbc7162-0\"  class=\"panel-grid panel-no-style\" ><div id=\"pgc-w64a416cbc7162-0-0\"  class=\"panel-grid-cell\" ><div id=\"panel-w64a416cbc7162-0-0-0\" class=\"so-panel widget widget_sow-button panel-first-child panel-last-child\" data-index=\"0\" ><div\n\t\t\t\n\t\t\tclass=\"so-widget-sow-button so-widget-sow-button-flat-4ceac46c5c07\"\n\t\t\t\n\t\t><div class=\"ow-button-base ow-button-align-center\"\n>\n\t\t\t<a\n\t\t\t\t\thref=\"https:\/\/carterembry.com\/fr\/d-links\"\n\t\t\t\t\tclass=\"sowb-button ow-icon-placement-left ow-button-hover\" \t>\n\t\t<span>\n\t\t\t\n\t\t\tLiens de Daniel\t\t<\/span>\n\t\t\t<\/a>\n\t<\/div>\n<\/div><\/div><\/div><div id=\"pgc-w64a416cbc7162-0-1\"  class=\"panel-grid-cell\" ><div id=\"panel-w64a416cbc7162-0-1-0\" class=\"so-panel widget widget_sow-button panel-first-child panel-last-child\" data-index=\"1\" ><div\n\t\t\t\n\t\t\tclass=\"so-widget-sow-button so-widget-sow-button-flat-4ceac46c5c07\"\n\t\t\t\n\t\t><div class=\"ow-button-base ow-button-align-center\"\n>\n\t\t\t<a\n\t\t\t\t\thref=\"https:\/\/carterembry.com\/fr\/a-links\"\n\t\t\t\t\tclass=\"sowb-button ow-icon-placement-left ow-button-hover\" \t>\n\t\t<span>\n\t\t\t\n\t\t\tLiens de Ammi\t\t<\/span>\n\t\t\t<\/a>\n\t<\/div>\n<\/div><\/div><\/div><div id=\"pgc-w64a416cbc7162-0-2\"  class=\"panel-grid-cell\" ><div id=\"panel-w64a416cbc7162-0-2-0\" class=\"so-panel widget widget_sow-button panel-first-child panel-last-child\" data-index=\"2\" ><div\n\t\t\t\n\t\t\tclass=\"so-widget-sow-button so-widget-sow-button-flat-4ceac46c5c07\"\n\t\t\t\n\t\t><div class=\"ow-button-base ow-button-align-center\"\n>\n\t\t\t<a\n\t\t\t\t\thref=\"https:\/\/carterembry.com\/fr\/m-links\"\n\t\t\t\t\tclass=\"sowb-button ow-icon-placement-left ow-button-hover\" \t>\n\t\t<span>\n\t\t\t\n\t\t\tLiens McFluff\t\t<\/span>\n\t\t\t<\/a>\n\t<\/div>\n<\/div><\/div><\/div><\/div><\/div><\/div><\/div><\/div><div id=\"pg-35-1\"  class=\"panel-grid panel-no-style\" ><div id=\"pgc-35-1-0\"  class=\"panel-grid-cell\" ><div id=\"panel-35-1-0-0\" class=\"so-panel widget widget_sow-headline panel-first-child\" data-index=\"2\" ><div\n\t\t\t\n\t\t\tclass=\"so-widget-sow-headline so-widget-sow-headline-default-1f3830fe9f70-35\"\n\t\t\t\n\t\t><div class=\"sow-headline-container\">\n\t\t\t\t\t\t\t<h3 class=\"sow-headline\">\n\t\t\t\t\t\tNos r\u00e9cents m\u00e9dias sociaux\t\t\t\t\t\t<\/h3>\n\t\t\t\t\t\t\t\t\t\t\t\t<h5 class=\"sow-sub-headline\">\n\t\t\t\t\t\tRetrouve-nous dans les espaces f\u00e9d\u00e9r\u00e9s : PixelFed, BlueSky et Mastodon \t\t\t\t\t\t<\/h5>\n\t\t\t\t\t\t\t\t\t\t\t<div class=\"decoration\">\n\t\t\t\t\t\t<div class=\"decoration-inside\"><\/div>\n\t\t\t\t\t<\/div>\n\t\t\t\t\t<\/div>\n<\/div><\/div><div id=\"panel-35-1-0-1\" class=\"so-panel widget widget_super_rss_reader panel-last-child\" data-index=\"3\" ><!-- Start - Super RSS Reader v5.4-->\r\n        <div class=\"super-rss-reader-widget\"><div class=\"srr-main\"><ul class=\"srr-tab-wrap srr-tab-style-grey srr-clearfix\"><li data-tab=\"srr-tab-319\">Ammi | Pixelfed<\/li><li data-tab=\"srr-tab-557\">Daniel | Pixelfed<\/li><li data-tab=\"srr-tab-707\">Ammi | Bluesky<\/li><li data-tab=\"srr-tab-736\">Ammi | Mastodon<\/li><li data-tab=\"srr-tab-324\">Daniel | Mastodon<\/li><\/ul><div class=\"srr-wrap srr-style-grey\" data-visible=\"5\" data-speed=\"4000\" data-id=\"srr-tab-319\" ><div class=\"srr-inner\"><div class=\"srr-item\"><div class=\"srr-item-in srr-clearfix\"><div class=\"srr-meta\"><time class=\"srr-date\" title=\"20 March 2026, 7:50 pm UTC\">il y a 3 semaines<\/time><\/div><a href=\"https:\/\/pixelfed.social\/p\/ammijembry\/940696161451996590\" class=\"srr-thumb srr-thumb-cover\" style=\"width:100%;height:100%;\"  target=\"_blank\" rel=\"nofollow noopener noreferrer\"><img decoding=\"async\" src=\"https:\/\/pxscdn.com\/public\/m\/_v2\/783331531393983859\/a1431798c-70628a\/LOfjN7RnDUzz\/DJKGcbAA5Kg5AnC3K6GAXhX0mjRLxPC3nEYo7EFk.jpg\" alt=\"New glasses day.\" align=\"left\" loading=\"lazy\" \/><\/a><div class=\"srr-summary srr-clearfix\"><p>New glasses day. <a href=\"https:\/\/pixelfed.social\/p\/ammijembry\/940696161451996590\" title=\"En savoir plus\" target=\"_blank\" rel=\"nofollow noopener noreferrer\" class=\"srr-read-more\">Voir l'original<\/a><\/p><\/div><\/div><\/div><div class=\"srr-item srr-stripe\"><div class=\"srr-item-in srr-clearfix\"><div class=\"srr-meta\"><time class=\"srr-date\" title=\"23 February 2026, 11:51 pm UTC\">il y a 2 mois<\/time><\/div><a href=\"https:\/\/pixelfed.social\/p\/ammijembry\/931696980833442338\" class=\"srr-thumb srr-thumb-cover\" style=\"width:100%;height:100%;\"  target=\"_blank\" rel=\"nofollow noopener noreferrer\"><img decoding=\"async\" src=\"https:\/\/pxscdn.com\/public\/m\/_v2\/783331531393983859\/fbedcc803-0ec729\/91Bd4AdjPciw\/bUboSuJvpeOQCT6C2Axio1guuFCt97ag5UKSyJQe.jpg\" alt=\"Our street hasn&#039;t been plowed yet, but at least our driveway and sidewalk are clear. It&#039;s our first blizzard and so far it&#039;s just a lot of work.  #ProvidenceRI #RhodeIsland #Blizzard2026 #Snow\" align=\"left\" loading=\"lazy\" \/><\/a><div class=\"srr-summary srr-clearfix\"><p>Our street hasn&#039;t been plowed yet, but at least our driveway and sidewalk are clear.   It&#039;s our first blizzard and so far it&#039;s just a lot of work.    #ProvidenceRI #RhodeIsland #Blizzard2026 #Snow <a href=\"https:\/\/pixelfed.social\/p\/ammijembry\/931696980833442338\" title=\"En savoir plus\" target=\"_blank\" rel=\"nofollow noopener noreferrer\" class=\"srr-read-more\">Voir l'original<\/a><\/p><\/div><\/div><\/div><div class=\"srr-item\"><div class=\"srr-item-in srr-clearfix\"><div class=\"srr-meta\"><time class=\"srr-date\" title=\"25 December 2025, 2:30 pm UTC\">il y a 4 mois<\/time><\/div><a href=\"https:\/\/pixelfed.social\/p\/ammijembry\/909812533876078842\" class=\"srr-thumb srr-thumb-cover\" style=\"width:100%;height:100%;\"  target=\"_blank\" rel=\"nofollow noopener noreferrer\"><img decoding=\"async\" src=\"https:\/\/pxscdn.com\/public\/m\/_v2\/783331531393983859\/c19ce1b25-2f8843\/BOu9R5g9nUxh\/EtTgaZFbVIVMzoiiVQ8DFMY1tb9Vfk4gS60IeE55.jpg\" alt=\"We&#039;re wishing all of our friends &amp; family a happy and healthy holiday season and upcoming year. We&#039;re excited for all the adventures 2026 has in store for us.  #adventureDogs #wanderPups #CirrusMcFluffington #MagnusMcFluffington #McFluffs #holidayWishes\" align=\"left\" loading=\"lazy\" \/><\/a><div class=\"srr-summary srr-clearfix\"><p>We&#039;re wishing all of our friends &amp; family a happy and healthy holiday season and upcoming year. We&#039;re excited for all the adventures 2026 has in store for us.    #adventureDogs #wanderPups #CirrusMcFluffington #MagnusMcFluffington #McFluffs #holidayWishes <a href=\"https:\/\/pixelfed.social\/p\/ammijembry\/909812533876078842\" title=\"En savoir plus\" target=\"_blank\" rel=\"nofollow noopener noreferrer\" class=\"srr-read-more\">Voir l'original<\/a><\/p><\/div><\/div><\/div><\/div><\/div><div class=\"srr-wrap srr-style-grey\" data-visible=\"5\" data-speed=\"4000\" data-id=\"srr-tab-557\" ><div class=\"srr-inner\"><div class=\"srr-item\"><div class=\"srr-item-in srr-clearfix\"><div class=\"srr-meta\"><time class=\"srr-date\" title=\"2 mars 2025, 13h00 UTC\">il y a 1 an<\/time><\/div><a href=\"https:\/\/pixelfed.social\/p\/slobaum\/801798401533315224\" class=\"srr-thumb srr-thumb-cover\" style=\"width:100%;height:100%;\"  target=\"_blank\" rel=\"nofollow noopener noreferrer\"><img decoding=\"async\" src=\"https:\/\/pxscdn.com\/public\/m\/_v2\/783337728297759683\/549719332-a3f277\/BZixTSSV6JKx\/5vd9fwf7QuKxth9gXZ2rQ1vWukBjwiIT5To4iTHI.jpg\" alt=\"Duff ! Mais c&#039;est sans alcool et plein de vitamine B. \u00c7a a le m\u00eame go\u00fbt que si tu mettais du Tang dans une boisson Pipi.#duff #simpsons #tang\" align=\"left\" loading=\"lazy\" \/><\/a><div class=\"srr-summary srr-clearfix\"><p>Duff ! Mais c'est sans alcool et plein de vitamine B. \u00c7a a le m\u00eame go\u00fbt que si tu mettais du Tang dans une boisson Pipi.  #duff #simpsons #tang <a href=\"https:\/\/pixelfed.social\/p\/slobaum\/801798401533315224\" title=\"En savoir plus\" target=\"_blank\" rel=\"nofollow noopener noreferrer\" class=\"srr-read-more\">Voir l'original<\/a><\/p><\/div><\/div><\/div><div class=\"srr-item srr-stripe\"><div class=\"srr-item-in srr-clearfix\"><div class=\"srr-meta\"><time class=\"srr-date\" title=\"13 janvier 2025, 1:27 UTC\">il y a 1 an<\/time><\/div><a href=\"https:\/\/pixelfed.social\/p\/slobaum\/784229244280678051\" class=\"srr-thumb srr-thumb-cover\" style=\"width:100%;height:100%;\"  target=\"_blank\" rel=\"nofollow noopener noreferrer\"><img decoding=\"async\" src=\"https:\/\/pxscdn.com\/public\/m\/_v2\/783337728297759683\/634f2a4e4-291f24\/YHocggZzhldN\/sNcgGkcBzyzh4R0RukkgRTA33qvR9r85BJFELBYh.jpg\" alt=\"froid\" align=\"left\" loading=\"lazy\" \/><\/a><div class=\"srr-summary srr-clearfix\"><p>froid <a href=\"https:\/\/pixelfed.social\/p\/slobaum\/784229244280678051\" title=\"En savoir plus\" target=\"_blank\" rel=\"nofollow noopener noreferrer\" class=\"srr-read-more\">Voir l'original<\/a><\/p><\/div><\/div><\/div><div class=\"srr-item\"><div class=\"srr-item-in srr-clearfix\"><div class=\"srr-meta\"><time class=\"srr-date\" title=\"10 janvier 2025, 2:38 pm UTC\">il y a 1 an<\/time><\/div><a href=\"https:\/\/pixelfed.social\/p\/slobaum\/783341337150499950\" class=\"srr-thumb srr-thumb-cover\" style=\"width:100%;height:100%;\"  target=\"_blank\" rel=\"nofollow noopener noreferrer\"><img decoding=\"async\" src=\"https:\/\/pxscdn.com\/public\/m\/_v2\/783337728297759683\/634f2a4e4-291f24\/2UTtLhQnC5Fi\/L5pmRnfimdtaFyHKzAS61Svgpg9EBbG707ZS5vMb.jpg\" alt=\"Nous jouons \u00e0 Minecraft ensemble depuis de nombreuses ann\u00e9es. le portage mobile est g\u00e9nial (surtout si tu as une manette comme la Kishi ou la Backbone). il rend les choses tellement plus faciles que par le pass\u00e9. c&#039;est beaucoup moins comme un lan-party de la vieille \u00e9cole.\" align=\"left\" loading=\"lazy\" \/><\/a><div class=\"srr-summary srr-clearfix\"><p>Nous jouons \u00e0 Minecraft ensemble depuis de nombreuses ann\u00e9es. le portage mobile est g\u00e9nial (surtout si tu as une manette comme la Kishi ou la Backbone). il rend les choses tellement plus faciles que par le pass\u00e9. c'est beaucoup moins comme un lan-party de la vieille \u00e9cole. <a href=\"https:\/\/pixelfed.social\/p\/slobaum\/783341337150499950\" title=\"En savoir plus\" target=\"_blank\" rel=\"nofollow noopener noreferrer\" class=\"srr-read-more\">Voir l'original<\/a><\/p><\/div><\/div><\/div><\/div><\/div><div class=\"srr-wrap srr-style-grey\" data-visible=\"5\" data-speed=\"4000\" data-id=\"srr-tab-707\" ><div class=\"srr-inner\"><div class=\"srr-item\"><div class=\"srr-item-in srr-clearfix\"><div class=\"srr-meta\"><time class=\"srr-date\" title=\"10 April 2026, 6:12 pm UTC\">il y a 3 jours<\/time><\/div><div class=\"srr-summary srr-clearfix\"><p>Every time we go to replace a light in this new house I find wiring that makes me question why the house hasn&#039;t suffered electrical fires.   Under a poorly installed fan, the wires were all melted together. I&#039;m no expert, but I&#039;m positive that&#039;s bad. <a href=\"https:\/\/bsky.app\/profile\/ammi.me\/post\/3mj5we5szfc2a\" title=\"En savoir plus\" target=\"_blank\" rel=\"nofollow noopener noreferrer\" class=\"srr-read-more\">Voir l'original<\/a><\/p><\/div><\/div><\/div><div class=\"srr-item srr-stripe\"><div class=\"srr-item-in srr-clearfix\"><div class=\"srr-meta\"><time class=\"srr-date\" title=\"1 April 2026, 8:01 pm UTC\">il y a 2 semaines<\/time><\/div><div class=\"srr-summary srr-clearfix\"><p>Resharing this for the afternoon crowd. If you can donate, Stephen is wonderful and deserves better than life is giving him. If you can&#039;t give, please share. He&#039;s close to his goal, but any over will go to help with other bills. Thanks for sharing and\/or helping.  [contains quote post or other embedded content] <a href=\"https:\/\/bsky.app\/profile\/ammi.me\/post\/3mihib7vszc2c\" title=\"En savoir plus\" target=\"_blank\" rel=\"nofollow noopener noreferrer\" class=\"srr-read-more\">Voir l'original<\/a><\/p><\/div><\/div><\/div><div class=\"srr-item\"><div class=\"srr-item-in srr-clearfix\"><div class=\"srr-meta\"><time class=\"srr-date\" title=\"1 April 2026, 1:35 pm UTC\">il y a 2 semaines<\/time><\/div><div class=\"srr-summary srr-clearfix\"><p>My good friend Stephen was laid off last year, right after his wife had surgery. They are struggling and need help. I know it&#039;s hard for everyone right now, but Stephen is a helper and he needs help. #mutualaid #gofundme  gofund.me\/b9a944b31 <a href=\"https:\/\/bsky.app\/profile\/ammi.me\/post\/3migsogbw3b26\" title=\"En savoir plus\" target=\"_blank\" rel=\"nofollow noopener noreferrer\" class=\"srr-read-more\">Voir l'original<\/a><\/p><\/div><\/div><\/div><\/div><\/div><div class=\"srr-wrap srr-style-grey\" data-visible=\"5\" data-speed=\"4000\" data-id=\"srr-tab-736\" ><div class=\"srr-inner\"><div class=\"srr-item\"><div class=\"srr-item-in srr-clearfix\"><div class=\"srr-meta\"><time class=\"srr-date\" title=\"1 April 2026, 1:35 pm UTC\">il y a 2 semaines<\/time><\/div><div class=\"srr-summary srr-clearfix\"><p>My good friend Stephen was laid off last year, right after his wife had surgery. They are struggling and need help. I know it&#039;s hard for everyone right now, but Stephen is a helper and he needs help. #mutualaid #gofundme https:\/\/gofund.me\/b9a944b31 <a href=\"https:\/\/dcae.fyi\/@ammi\/116329712061806693\" title=\"En savoir plus\" target=\"_blank\" rel=\"nofollow noopener noreferrer\" class=\"srr-read-more\">Voir l'original<\/a><\/p><\/div><\/div><\/div><div class=\"srr-item srr-stripe\"><div class=\"srr-item-in srr-clearfix\"><div class=\"srr-meta\"><time class=\"srr-date\" title=\"1 April 2026, 1:34 pm UTC\">il y a 2 semaines<\/time><\/div><div class=\"srr-summary srr-clearfix\"><p>My good friend Stephen was laid off last year, right after his wife had surgery. They are struggling and need help. I know it&#039;s hard for everyone right now, but Stephen is a helper and he needs help. #mutualaid #gofundme https:\/\/gofund.me\/b9a944b31 <a href=\"https:\/\/dcae.fyi\/@ammi\/116329707470838841\" title=\"En savoir plus\" target=\"_blank\" rel=\"nofollow noopener noreferrer\" class=\"srr-read-more\">Voir l'original<\/a><\/p><\/div><\/div><\/div><div class=\"srr-item\"><div class=\"srr-item-in srr-clearfix\"><div class=\"srr-meta\"><time class=\"srr-date\" title=\"26 March 2026, 11:08 am UTC\">il y a 3 semaines<\/time><\/div><div class=\"srr-summary srr-clearfix\"><p>So if you have a colonoscopy and an endoscopy at the same time, do the cameras meet in the middle? \ud83c\udfa5\ud83d\udcf9(Related to my plans for the day). <a href=\"https:\/\/dcae.fyi\/@ammi\/116295158617620829\" title=\"En savoir plus\" target=\"_blank\" rel=\"nofollow noopener noreferrer\" class=\"srr-read-more\">Voir l'original<\/a><\/p><\/div><\/div><\/div><\/div><\/div><div class=\"srr-wrap srr-style-grey\" data-visible=\"5\" data-speed=\"4000\" data-id=\"srr-tab-324\" ><div class=\"srr-inner\"><div class=\"srr-item\"><div class=\"srr-item-in srr-clearfix\"><div class=\"srr-meta\"><time class=\"srr-date\" title=\"20 octobre 2023, 2:14 pm UTC\">2 ans ago<\/time><\/div><div class=\"srr-summary srr-clearfix\"><p>Les tests fonctionnels (comme Selenium ou Cypress) sont des outils de qualit\u00e9, pas des outils d'ing\u00e9nierie. Les tests unitaires et les tests d'int\u00e9gration sont des outils d'ing\u00e9nierie. La maintenance des tests fonctionnels est un travail \u00e0 plein temps et \u00e9chouera sans une attention constante. <a href=\"https:\/\/dcae.fyi\/@dc\/111267758970870412\" title=\"En savoir plus\" target=\"_blank\" rel=\"nofollow noopener noreferrer\" class=\"srr-read-more\">Voir l'original<\/a><\/p><\/div><\/div><\/div><div class=\"srr-item srr-stripe\"><div class=\"srr-item-in srr-clearfix\"><div class=\"srr-meta\"><time class=\"srr-date\" title=\"23 novembre 2022, 11:10 pm UTC\">3 ans ago<\/time><\/div><div class=\"srr-summary srr-clearfix\"><p>J'ai vu trop de mentions de la Russie \"organiquement\" sur Reddit aujourd'hui. Un post \u00e0 propos d'un repeint de Tetris la mentionnait. Tetris a \u00e9t\u00e9 cr\u00e9\u00e9 par un ing\u00e9nieur am\u00e9ricain n\u00e9 en Russie. Il est maintenant un ing\u00e9nieur am\u00e9ricain. J'ai vu un grimpeur \"russe\" sur un pont tout \u00e0 l'heure. Le post n'aurait pas \u00e9t\u00e9 diff\u00e9rent si je n'avais pas connu la nationalit\u00e9 du grimpeur. Il y a beaucoup de sentiments l\u00e9g\u00e8rement positifs \u00e0 l'\u00e9gard de la Russie en ce moment. Ce n'est jamais le but du message, c'est juste un d\u00e9tail insignifiant qui leur permet d'entrer dans ta psych\u00e9. <a href=\"https:\/\/dcae.fyi\/@dc\/109395641002077081\" title=\"En savoir plus\" target=\"_blank\" rel=\"nofollow noopener noreferrer\" class=\"srr-read-more\">Voir l'original<\/a><\/p><\/div><\/div><\/div><div class=\"srr-item\"><div class=\"srr-item-in srr-clearfix\"><div class=\"srr-meta\"><time class=\"srr-date\" title=\"21 novembre 2022, 2:04 pm UTC\">3 ans ago<\/time><\/div><div class=\"srr-summary srr-clearfix\"><p>Je vais faire de l'entoilage avec \u00e7a pour faire quelque chose de cool. Maintenant, si seulement j'avais une id\u00e9e. Et du temps.https:\/\/www.si.edu\/openaccess <a href=\"https:\/\/dcae.fyi\/@dc\/109382169065010092\" title=\"En savoir plus\" target=\"_blank\" rel=\"nofollow noopener noreferrer\" class=\"srr-read-more\">Voir l'original<\/a><\/p><\/div><\/div><\/div><\/div><\/div><\/div><\/div><!-- End - Super RSS Reader --><\/div><\/div><\/div><\/div>","protected":false},"excerpt":{"rendered":"<p>Daniel Carter Javascript Mentor, formerly certified Scrum Master\u00ae Ammi Embry Founder, Advisor, Innovator Magnus McFlufington Pupper, Sir Cirrus McFlufington Little Bit, The Littlest Daniel&#8217;s Links Ammi&#8217;s Links McFluff Links Our Recent Social Media Find Us in Federated Spaces: PixelFed, BlueSky, &amp; Mastodon Ammi | PixelfedDaniel | PixelfedAmmi | BlueskyAmmi | MastodonDaniel | Mastodon3 semaines agoNew [&hellip;]<\/p>","protected":false},"author":2,"featured_media":17862,"parent":0,"menu_order":0,"comment_status":"closed","ping_status":"closed","template":"","meta":{"wprm-recipe-roundup-name":"","wprm-recipe-roundup-description":"","site-sidebar-layout":"default","site-content-layout":"default","ast-site-content-layout":"default","site-content-style":"default","site-sidebar-style":"default","ast-global-header-display":"","ast-banner-title-visibility":"","ast-main-header-display":"","ast-hfb-above-header-display":"","ast-hfb-below-header-display":"","ast-hfb-mobile-header-display":"","site-post-title":"","ast-breadcrumbs-content":"","ast-featured-img":"","footer-sml-layout":"","ast-disable-related-posts":"","theme-transparent-header-meta":"default","adv-header-id-meta":"","stick-header-meta":"default","header-above-stick-meta":"","header-main-stick-meta":"","header-below-stick-meta":"","astra-migrate-meta-layouts":"set","ast-page-background-enabled":"default","ast-page-background-meta":{"desktop":{"background-color":"var(--ast-global-color-4)","background-image":"","background-repeat":"repeat","background-position":"center center","background-size":"auto","background-attachment":"scroll","background-type":"","background-media":"","overlay-type":"","overlay-color":"","overlay-opacity":"","overlay-gradient":""},"tablet":{"background-color":"","background-image":"","background-repeat":"repeat","background-position":"center center","background-size":"auto","background-attachment":"scroll","background-type":"","background-media":"","overlay-type":"","overlay-color":"","overlay-opacity":"","overlay-gradient":""},"mobile":{"background-color":"","background-image":"","background-repeat":"repeat","background-position":"center center","background-size":"auto","background-attachment":"scroll","background-type":"","background-media":"","overlay-type":"","overlay-color":"","overlay-opacity":"","overlay-gradient":""}},"ast-content-background-meta":{"desktop":{"background-color":"var(--ast-global-color-5)","background-image":"","background-repeat":"repeat","background-position":"center center","background-size":"auto","background-attachment":"scroll","background-type":"","background-media":"","overlay-type":"","overlay-color":"","overlay-opacity":"","overlay-gradient":""},"tablet":{"background-color":"var(--ast-global-color-5)","background-image":"","background-repeat":"repeat","background-position":"center center","background-size":"auto","background-attachment":"scroll","background-type":"","background-media":"","overlay-type":"","overlay-color":"","overlay-opacity":"","overlay-gradient":""},"mobile":{"background-color":"var(--ast-global-color-5)","background-image":"","background-repeat":"repeat","background-position":"center center","background-size":"auto","background-attachment":"scroll","background-type":"","background-media":"","overlay-type":"","overlay-color":"","overlay-opacity":"","overlay-gradient":""}},"footnotes":""},"class_list":["post-35","page","type-page","status-publish","has-post-thumbnail","hentry"],"_links":{"self":[{"href":"https:\/\/carterembry.com\/fr\/wp-json\/wp\/v2\/pages\/35","targetHints":{"allow":["GET"]}}],"collection":[{"href":"https:\/\/carterembry.com\/fr\/wp-json\/wp\/v2\/pages"}],"about":[{"href":"https:\/\/carterembry.com\/fr\/wp-json\/wp\/v2\/types\/page"}],"author":[{"embeddable":true,"href":"https:\/\/carterembry.com\/fr\/wp-json\/wp\/v2\/users\/2"}],"replies":[{"embeddable":true,"href":"https:\/\/carterembry.com\/fr\/wp-json\/wp\/v2\/comments?post=35"}],"version-history":[{"count":10,"href":"https:\/\/carterembry.com\/fr\/wp-json\/wp\/v2\/pages\/35\/revisions"}],"predecessor-version":[{"id":21518,"href":"https:\/\/carterembry.com\/fr\/wp-json\/wp\/v2\/pages\/35\/revisions\/21518"}],"wp:featuredmedia":[{"embeddable":true,"href":"https:\/\/carterembry.com\/fr\/wp-json\/wp\/v2\/media\/17862"}],"wp:attachment":[{"href":"https:\/\/carterembry.com\/fr\/wp-json\/wp\/v2\/media?parent=35"}],"curies":[{"name":"wp","href":"https:\/\/api.w.org\/{rel}","templated":true}]}}