{"id":33,"date":"2018-01-13T22:08:01","date_gmt":"2018-01-13T22:08:01","guid":{"rendered":"https:\/\/forester.temp.domains\/~aprosites\/?page_id=33"},"modified":"2026-01-26T06:55:07","modified_gmt":"2026-01-26T12:55:07","slug":"home","status":"publish","type":"page","link":"https:\/\/carterembry.com\/fr\/","title":{"rendered":"Bienvenue sur"},"content":{"rendered":"<div id=\"pl-33\"  class=\"panel-layout\" ><div id=\"pg-33-0\"  class=\"panel-grid panel-no-style\" ><div id=\"pgc-33-0-0\"  class=\"panel-grid-cell\" ><div id=\"panel-33-0-0-0\" class=\"so-panel widget widget_sow-editor panel-first-child panel-last-child\" data-index=\"0\" ><div\n\t\t\t\n\t\t\tclass=\"so-widget-sow-editor so-widget-sow-editor-base\"\n\t\t\t\n\t\t>\n<div class=\"siteorigin-widget-tinymce textwidget\">\n\t<p><span style=\"font-weight: 400;\">Nous (Daniel Carter et Ammi Embry) nous sommes mari\u00e9s le 1er mai 2016 au parc Bicentennial \u00e0 Nashville, Tennessee. C'\u00e9tait un mariage de r\u00eave.<\/span><\/p>\n<p><span style=\"font-weight: 400;\">Daniel and I are lucky enough to have two Bichon Bolognese puppies named Sir Magnus McFluffington and Squire Cirrus McFluffington. Magnus was beloved in downtown Nashville for nearly a decade because of his amazing sunglasses and shoes. Cirrus was a pandemic puppy if we ever saw one, and loves meeting new people (especially kids) and animals. Magnus and Cirrus are both expert travelers at this point, having visited many states in the USA and seven countries across Europe. Cirrus has spent a large part of his life in Europe and seems to speak better Hrvaski than anyone else in the family. He's our cuddle monster and our extrovert. Magnus is doing great for nearly 14 and has thrived in the walkable neighborhood we live in and with all our traveling. He's a grumpy old man, but he seems to be loving life despite it. He can spot another senior pup anytime on a walk and we know they're senior because his tail wags, excited to meet a comrade.\u00a0<\/span><\/p>\n<p><span style=\"font-weight: 400;\">In the summer of 2013 we bought a condo in the South Broadway neighborhood of Nashville. We watched the neighborhood grow and change and loved it. In 2020 we needed more space and were ready for some peace and quiet. In September 2020 we bought a new home in the Crieve Hall neighborhood in South Nashville. In 2023 we took a month at the end of December and first of January to move across the world to Split, Croatia. We've loved our adventure living in Split, Croatia for all of 2023 and half of 2024. We have settled in beautiful Providence, Rhode Island, USA. New England life has been great, although winter has been... let's say \"an adjustment\". Despite this, we've found New Englanders universally welcoming and kind. Not always nice (by their own admission), but almost always kind. They frequently claim that they're rude, brash, and unwelcoming while simultaneously being some of the kindest, most welcoming folks we've ever met.\u00a0<\/span><\/p>\n<p><span style=\"font-weight: 400;\">We're happy you've found us on the web and hope you take a minute to look around and learn a little about us, our lives, and our travels. The past few years have been hectic and we've not had a chance to share all our more recent adventure, we hope to catch up someday. We're loving New England and have visited Salem, Newport, the Berkshires, and the Hudson Valley to name a few places we need to share our adventures.<\/span><\/p>\n<\/div>\n<\/div><\/div><\/div><\/div><div id=\"pg-33-1\"  class=\"panel-grid panel-has-style\" ><div class=\"recent-bar siteorigin-panels-stretch panel-row-style panel-row-style-for-33-1\" data-stretch-type=\"full\" ><div id=\"pgc-33-1-0\"  class=\"panel-grid-cell\" ><div id=\"panel-33-1-0-0\" class=\"so-panel widget widget_sow-headline panel-first-child\" data-index=\"1\" ><div\n\t\t\t\n\t\t\tclass=\"so-widget-sow-headline so-widget-sow-headline-default-c93d0ad5bdeb-33\"\n\t\t\t\n\t\t><div class=\"sow-headline-container\">\n\t\t\t\t\t\t\t<h4 class=\"sow-headline\">\n\t\t\t\t\t\tPoste r\u00e9cent\t\t\t\t\t\t<\/h4>\n\t\t\t\t\t\t<\/div>\n<\/div><\/div><div id=\"panel-33-1-0-1\" class=\"so-panel widget widget_sow-blog\" data-index=\"2\" ><div\n\t\t\t\n\t\t\tclass=\"so-widget-sow-blog so-widget-sow-blog-grid-a1fb425de5a2-33\"\n\t\t\t\n\t\t>\t\t<div\n\t\tclass=\"sow-blog sow-blog-layout-grid\"\n\t\tdata-template=\"grid\"\n\t\tdata-settings=\"{&quot;columns&quot;:4,&quot;featured_image&quot;:true,&quot;featured_image_size&quot;:&quot;sow-blog-grid&quot;,&quot;featured_image_size_width&quot;:&quot;&quot;,&quot;featured_image_size_height&quot;:&quot;&quot;,&quot;tag&quot;:&quot;h2&quot;,&quot;content&quot;:&quot;excerpt&quot;,&quot;read_more&quot;:true,&quot;excerpt_length&quot;:25,&quot;date&quot;:true,&quot;author&quot;:true,&quot;filter_categories&quot;:false,&quot;so_field_container_state&quot;:&quot;open&quot;,&quot;categories&quot;:false,&quot;tags&quot;:false,&quot;comment_count&quot;:false,&quot;featured_image_empty&quot;:true,&quot;trim_manual_excerpt&quot;:&quot;&quot;,&quot;template&quot;:&quot;grid&quot;}\"\n\t\tdata-paged=\"1\"\n\t\tdata-paging-id=\"a1fb425de5a2\"\n\t\tdata-total-pages=\"63\"\n\t\tdata-hash=\"a45ded96\"\n\t>\n\t\t\n\t\t\t\t\t\t\t<div class=\"sow-blog-posts\">\n\t\t\t\t<article id=\"post-21454\" class=\"post-21454 post type-post status-publish format-standard has-post-thumbnail hentry category-about-daniel category-professional-opinions category-technical-jargon\" style=\"margin: 0 0 30px;\">\n\t\t\t\t\t<div class=\"sow-entry-thumbnail\">\n\t\t\t\t\t\t\t\t\t\t<a href=\"https:\/\/carterembry.com\/fr\/2025\/adopting-typescript-at-scale\/%20\">\n\t\t\t\t\t\t<img loading=\"lazy\" decoding=\"async\" width=\"720\" height=\"480\" src=\"https:\/\/carterembry.com\/wp-content\/uploads\/2025\/08\/typescript_over_javascript-720x480.jpg\" class=\"attachment-sow-blog-grid size-sow-blog-grid wp-post-image\" alt=\"M\u00e8me d&#039;un couple marchant ensemble. Sa moiti\u00e9 porte l&#039;inscription &quot;Javascript&quot;, tandis que l&#039;autre femme porte l&#039;inscription &quot;Typescript&quot;. L&#039;homme regarde l&#039;autre femme (Typescript) par-dessus son \u00e9paule, ce qui indique qu&#039;elle a attir\u00e9 son attention.\" srcset=\"https:\/\/carterembry.com\/wp-content\/uploads\/2025\/08\/typescript_over_javascript-720x480.jpg 720w, https:\/\/carterembry.com\/wp-content\/uploads\/2025\/08\/typescript_over_javascript-200x133.jpg 200w, https:\/\/carterembry.com\/wp-content\/uploads\/2025\/08\/typescript_over_javascript-18x12.jpg 18w, https:\/\/carterembry.com\/wp-content\/uploads\/2025\/08\/typescript_over_javascript-272x182.jpg 272w, https:\/\/carterembry.com\/wp-content\/uploads\/2025\/08\/typescript_over_javascript.jpg 750w\" sizes=\"auto, (max-width: 720px) 100vw, 720px\" \/>\t\t\t\t\t<\/a>\n\t\t\t\t<\/div>\n\t\t\t\t\t\t\t<div class=\"sow-blog-content-wrapper\"\n\t\t style=\"padding: 25px 30px 33px;\">\n\t\t\t\t<header class=\"sow-entry-header\">\n\t\t\t<h2 class=\"sow-entry-title\" style=\"margin: 0 0 5px;\"><a href=\"https:\/\/carterembry.com\/fr\/2025\/adopting-typescript-at-scale\/%20\" rel=\"bookmark\">Adopter TypeScript \u00e0 l'\u00e9chelle (ou changer les roues d'un bus en marche).<\/a><\/h2>\t\t\t<div class=\"sow-entry-meta\">\n\t\t\t\t\t\t\t<span class=\"sow-entry-date\">\n\t\t\t\t<a href=\"https:\/\/carterembry.com\/fr\/2025\/adopting-typescript-at-scale\/%20\" rel=\"bookmark\">\n\t\t\t\t\t<time class=\"published\" datetime=\"2025-09-03T10:00:03-05:00\">\n\t\t\t\t\t\t3 septembre 2025\t\t\t\t\t<\/time>\n\t\t\t\t\t<time class=\"updated\" datetime=\"2025-09-03T11:27:37-05:00\">\n\t\t\t\t\t\t3 septembre 2025\t\t\t\t\t<\/time>\n\t\t\t\t<\/a>\n\t\t\t<\/span>\n\t\t\n\t\t\t\t\t<span class=\"sow-entry-author-link byline\">\n\t\t\t\t\t\t\t\t\t<span class=\"sow-author author vcard\">\n\t\t\t\t\t\t<a class=\"url fn n\" href=\"https:\/\/carterembry.com\/fr\/author\/daniel\" rel=\"author\">\n\t\t\t\t\t\t\tDaniel Carter\t\t\t\t\t\t<\/a>\n\t\t\t\t\t<\/span>\n\t\t\t\t\t\t\t<\/span>\n\t\t\n\t\t\n\t\t\t\t\t<\/div>\n\t\t<\/header>\n\n\t\t\t\t\t<div\n\t\t\t\tclass=\"sow-entry-content\"\n\t\t\t\tstyle=\"margin-top: 20px;\"\n\t\t\t>\n\t\t\t\t<p>Salut les amis ! C'est moi, Daniel. Si tu me connais IRL, tu m'as probablement d\u00e9j\u00e0 entendu parler longuement de quelque chose en rapport avec JavaScript. Ma premi\u00e8re programmation professionnelle...<a class=\"sow-more-link more-link excerpt\" href=\"https:\/\/carterembry.com\/fr\/2025\/adopting-typescript-at-scale\/%20\">Poursuivre la lecture<span class=\"sow-more-link-arrow\">\u2192<\/span><\/a><\/p>\t\t\t<\/div>\n\t\t\t\t<\/div>\n<\/article>\n<article id=\"post-21399\" class=\"post-21399 post type-post status-publish format-standard has-post-thumbnail hentry category-health category-heath-challenges category-myalgic-encephalomyelitis tag-897 tag-cf tag-chronic-fatigue-syndrome tag-health tag-health-challenges tag-me tag-myalgic-encephalomyelitis\" style=\"margin: 0 0 30px;\">\n\t\t\t\t\t<div class=\"sow-entry-thumbnail\">\n\t\t\t\t\t\t\t\t\t\t<a href=\"https:\/\/carterembry.com\/fr\/2025\/life-slowed-down\/%20\">\n\t\t\t\t\t\t<img loading=\"lazy\" decoding=\"async\" width=\"310\" height=\"310\" src=\"https:\/\/carterembry.com\/wp-content\/uploads\/2022\/02\/noun-kindness-4249559.png\" class=\"attachment-sow-blog-grid size-sow-blog-grid wp-post-image\" alt=\"\" srcset=\"https:\/\/carterembry.com\/wp-content\/uploads\/2022\/02\/noun-kindness-4249559.png 310w, https:\/\/carterembry.com\/wp-content\/uploads\/2022\/02\/noun-kindness-4249559-200x200.png 200w\" sizes=\"auto, (max-width: 310px) 100vw, 310px\" \/>\t\t\t\t\t<\/a>\n\t\t\t\t<\/div>\n\t\t\t\t\t\t\t<div class=\"sow-blog-content-wrapper\"\n\t\t style=\"padding: 25px 30px 33px;\">\n\t\t\t\t<header class=\"sow-entry-header\">\n\t\t\t<h2 class=\"sow-entry-title\" style=\"margin: 0 0 5px;\"><a href=\"https:\/\/carterembry.com\/fr\/2025\/life-slowed-down\/%20\" rel=\"bookmark\">La vie au ralenti : un bilan de sant\u00e9<\/a><\/h2>\t\t\t<div class=\"sow-entry-meta\">\n\t\t\t\t\t\t\t<span class=\"sow-entry-date\">\n\t\t\t\t<a href=\"https:\/\/carterembry.com\/fr\/2025\/life-slowed-down\/%20\" rel=\"bookmark\">\n\t\t\t\t\t<time class=\"published\" datetime=\"2025-06-09T09:25:04-05:00\">\n\t\t\t\t\t\t9 juin 2025\t\t\t\t\t<\/time>\n\t\t\t\t\t<time class=\"updated\" datetime=\"2025-06-09T09:25:04-05:00\">\n\t\t\t\t\t\t9 juin 2025\t\t\t\t\t<\/time>\n\t\t\t\t<\/a>\n\t\t\t<\/span>\n\t\t\n\t\t\t\t\t<span class=\"sow-entry-author-link byline\">\n\t\t\t\t\t\t\t\t\t<span class=\"sow-author author vcard\">\n\t\t\t\t\t\t<a class=\"url fn n\" href=\"https:\/\/carterembry.com\/fr\/author\/ammi\" rel=\"author\">\n\t\t\t\t\t\t\tAmmi Embry\t\t\t\t\t\t<\/a>\n\t\t\t\t\t<\/span>\n\t\t\t\t\t\t\t<\/span>\n\t\t\n\t\t\n\t\t\t\t\t<\/div>\n\t\t<\/header>\n\n\t\t\t\t\t<div\n\t\t\t\tclass=\"sow-entry-content\"\n\t\t\t\tstyle=\"margin-top: 20px;\"\n\t\t\t>\n\t\t\t\t<p>Je ne sais pas trop comment commencer ce billet, mais je veux partager ce qui s'est pass\u00e9 avec moi. J'ai l'impression qu'il y a au moins quelques mois...<a class=\"sow-more-link more-link excerpt\" href=\"https:\/\/carterembry.com\/fr\/2025\/life-slowed-down\/%20\">Poursuivre la lecture<span class=\"sow-more-link-arrow\">\u2192<\/span><\/a><\/p>\t\t\t<\/div>\n\t\t\t\t<\/div>\n<\/article>\n<article id=\"post-21335\" class=\"post-21335 post type-post status-publish format-standard has-post-thumbnail hentry category-daniel-anthology category-music tag-897 tag-anthology tag-broken tag-casual tag-chappell-roan tag-covers tag-i-feel-like-im-drowning tag-is-everybody-going-crazy tag-little-image tag-lovely-the-band tag-nothing-but-thieves tag-out-of-my-mind tag-two-feet tag-uke\" style=\"margin: 0 0 30px;\">\n\t\t\t\t\t<div class=\"sow-entry-thumbnail\">\n\t\t\t\t\t\t\t\t\t\t<a href=\"https:\/\/carterembry.com\/fr\/2025\/danielj-anthology-2025-ch_2\/%20\">\n\t\t\t\t\t\t<img loading=\"lazy\" decoding=\"async\" width=\"720\" height=\"480\" src=\"https:\/\/carterembry.com\/wp-content\/uploads\/2025\/03\/2025-Daniel-Anthology-1920-x-1080-px-6-720x480.png\" class=\"attachment-sow-blog-grid size-sow-blog-grid wp-post-image\" alt=\"\" srcset=\"https:\/\/carterembry.com\/wp-content\/uploads\/2025\/03\/2025-Daniel-Anthology-1920-x-1080-px-6-720x480.png 720w, https:\/\/carterembry.com\/wp-content\/uploads\/2025\/03\/2025-Daniel-Anthology-1920-x-1080-px-6-272x182.png 272w\" sizes=\"auto, (max-width: 720px) 100vw, 720px\" \/>\t\t\t\t\t<\/a>\n\t\t\t\t<\/div>\n\t\t\t\t\t\t\t<div class=\"sow-blog-content-wrapper\"\n\t\t style=\"padding: 25px 30px 33px;\">\n\t\t\t\t<header class=\"sow-entry-header\">\n\t\t\t<h2 class=\"sow-entry-title\" style=\"margin: 0 0 5px;\"><a href=\"https:\/\/carterembry.com\/fr\/2025\/danielj-anthology-2025-ch_2\/%20\" rel=\"bookmark\">2025 Daniel J Anthologie | Chapitre 2<\/a><\/h2>\t\t\t<div class=\"sow-entry-meta\">\n\t\t\t\t\t\t\t<span class=\"sow-entry-date\">\n\t\t\t\t<a href=\"https:\/\/carterembry.com\/fr\/2025\/danielj-anthology-2025-ch_2\/%20\" rel=\"bookmark\">\n\t\t\t\t\t<time class=\"published\" datetime=\"2025-04-09T13:07:07-05:00\">\n\t\t\t\t\t\t9 avril 2025\t\t\t\t\t<\/time>\n\t\t\t\t\t<time class=\"updated\" datetime=\"2025-06-06T11:45:26-05:00\">\n\t\t\t\t\t\t6 juin 2025\t\t\t\t\t<\/time>\n\t\t\t\t<\/a>\n\t\t\t<\/span>\n\t\t\n\t\t\t\t\t<span class=\"sow-entry-author-link byline\">\n\t\t\t\t\t\t\t\t\t<span class=\"sow-author author vcard\">\n\t\t\t\t\t\t<a class=\"url fn n\" href=\"https:\/\/carterembry.com\/fr\/author\/daniel\" rel=\"author\">\n\t\t\t\t\t\t\tDaniel Carter\t\t\t\t\t\t<\/a>\n\t\t\t\t\t<\/span>\n\t\t\t\t\t\t\t<\/span>\n\t\t\n\t\t\n\t\t\t\t\t<\/div>\n\t\t<\/header>\n\n\t\t\t\t\t<div\n\t\t\t\tclass=\"sow-entry-content\"\n\t\t\t\tstyle=\"margin-top: 20px;\"\n\t\t\t>\n\t\t\t\t<p>J'ai commenc\u00e9 \u00e0 enregistrer mes reprises comme un moyen de capturer ce que je peux jouer \u00e0 ce moment de ma vie - bienvenue \u00e0 2025 Chapitre 2 ! Dans ce chapitre, tu d\u00e9couvriras des chansons de petits artistes (little image) et d'autres de g\u00e9ants (Chappell Roan). J'esp\u00e8re que tu prendras autant de plaisir \u00e0 les \u00e9couter que j'en ai \u00e0 les jouer.<a class=\"sow-more-link more-link excerpt\" href=\"https:\/\/carterembry.com\/fr\/2025\/danielj-anthology-2025-ch_2\/%20\">Poursuivre la lecture<span class=\"sow-more-link-arrow\">\u2192<\/span><\/a><\/p>\t\t\t<\/div>\n\t\t\t\t<\/div>\n<\/article>\n<article id=\"post-21187\" class=\"post-21187 post type-post status-publish format-audio has-post-thumbnail hentry category-aunt-ammi-reads category-picture-books tag-aunt-ammi-reads tag-beatrix-potter tag-children-books tag-peter-rabbit tag-podcast tag-reading tag-story-book post_format-post-format-audio\" style=\"margin: 0 0 30px;\">\n\t\t\t\t\t<div class=\"sow-entry-thumbnail\">\n\t\t\t\t\t\t\t\t\t\t<a href=\"https:\/\/carterembry.com\/fr\/2025\/aar-peter-rabbit\/%20\">\n\t\t\t\t\t\t<img loading=\"lazy\" decoding=\"async\" width=\"720\" height=\"480\" src=\"https:\/\/carterembry.com\/wp-content\/uploads\/2025\/03\/Peter-Rabbit-Cover-1920-x-1080-px-720x480.png\" class=\"attachment-sow-blog-grid size-sow-blog-grid wp-post-image\" alt=\"\" srcset=\"https:\/\/carterembry.com\/wp-content\/uploads\/2025\/03\/Peter-Rabbit-Cover-1920-x-1080-px-720x480.png 720w, https:\/\/carterembry.com\/wp-content\/uploads\/2025\/03\/Peter-Rabbit-Cover-1920-x-1080-px-272x182.png 272w\" sizes=\"auto, (max-width: 720px) 100vw, 720px\" \/>\t\t\t\t\t<\/a>\n\t\t\t\t<\/div>\n\t\t\t\t\t\t\t<div class=\"sow-blog-content-wrapper\"\n\t\t style=\"padding: 25px 30px 33px;\">\n\t\t\t\t<header class=\"sow-entry-header\">\n\t\t\t<h2 class=\"sow-entry-title\" style=\"margin: 0 0 5px;\"><a href=\"https:\/\/carterembry.com\/fr\/2025\/aar-peter-rabbit\/%20\" rel=\"bookmark\">Tante Ammi lit le conte de Pierre Lapin<\/a><\/h2>\t\t\t<div class=\"sow-entry-meta\">\n\t\t\t\t\t\t\t<span class=\"sow-entry-date\">\n\t\t\t\t<a href=\"https:\/\/carterembry.com\/fr\/2025\/aar-peter-rabbit\/%20\" rel=\"bookmark\">\n\t\t\t\t\t<time class=\"published\" datetime=\"2025-03-29T07:23:58-05:00\">\n\t\t\t\t\t\t29 mars 2025\t\t\t\t\t<\/time>\n\t\t\t\t\t<time class=\"updated\" datetime=\"2025-04-03T10:56:23-05:00\">\n\t\t\t\t\t\t3 avril 2025\t\t\t\t\t<\/time>\n\t\t\t\t<\/a>\n\t\t\t<\/span>\n\t\t\n\t\t\t\t\t<span class=\"sow-entry-author-link byline\">\n\t\t\t\t\t\t\t\t\t<span class=\"sow-author author vcard\">\n\t\t\t\t\t\t<a class=\"url fn n\" href=\"https:\/\/carterembry.com\/fr\/author\/ammi\" rel=\"author\">\n\t\t\t\t\t\t\tAmmi Embry\t\t\t\t\t\t<\/a>\n\t\t\t\t\t<\/span>\n\t\t\t\t\t\t\t<\/span>\n\t\t\n\t\t\n\t\t\t\t\t<\/div>\n\t\t<\/header>\n\n\t\t\t\t\t<div\n\t\t\t\tclass=\"sow-entry-content\"\n\t\t\t\tstyle=\"margin-top: 20px;\"\n\t\t\t>\n\t\t\t\t<p>Pour le premier \u00e9pisode de ce projet, je voulais quelque chose de court, quelque chose que mon neveu - que je n'ai jamais rencontr\u00e9 en personne - pourrait appr\u00e9cier, et quelque chose qui capture la sensation du printemps. Peter Rabbit de Beatrix Potter m'a sembl\u00e9 \u00eatre le choix id\u00e9al. Ses histoires font partie des pr\u00e9f\u00e9r\u00e9es de mon enfance, et je suis s\u00fbre que je les ai d\u00e9j\u00e0 lues \u00e0 mon fr\u00e8re. Aujourd'hui, \u00e0 distance, j'ai l'occasion de les partager avec ses enfants.<a class=\"sow-more-link more-link excerpt\" href=\"https:\/\/carterembry.com\/fr\/2025\/aar-peter-rabbit\/%20\">Poursuivre la lecture<span class=\"sow-more-link-arrow\">\u2192<\/span><\/a><\/p>\t\t\t<\/div>\n\t\t\t\t<\/div>\n<\/article>\n\t\t\t<\/div>\n\t\t\t\t\t\t<nav class=\"sow-post-navigation\">\n\t\t\t\t<h3 class=\"screen-reader-text\">Pagination<\/h3>\n\t\t\t\t<div class=\"sow-nav-links\">\n\t\t\t\t\t<span aria-current=\"page\" class=\"page-numbers current\">1<\/span>\n<a class=\"page-numbers\" href=\"https:\/\/carterembry.com\/fr\/2025\/aar-peter-rabbit\/%20?sow-a1fb425de5a2=2\">2<\/a>\n<a class=\"page-numbers\" href=\"https:\/\/carterembry.com\/fr\/2025\/aar-peter-rabbit\/%20?sow-a1fb425de5a2=3\">3<\/a>\n<span class=\"page-numbers dots\">...<\/span>\n<a class=\"page-numbers\" href=\"https:\/\/carterembry.com\/fr\/2025\/aar-peter-rabbit\/%20?sow-a1fb425de5a2=63\">63<\/a>\n<a class=\"next page-numbers\" href=\"https:\/\/carterembry.com\/fr\/2025\/aar-peter-rabbit\/%20?sow-a1fb425de5a2=2\">\u2192<\/a>\t\t\t\t<\/div>\n\t\t\t<\/nav>\n\t\t\t\t\t\t\t\t<\/div>\n\t<\/div><\/div><div id=\"panel-33-1-0-2\" class=\"so-panel widget widget_siteorigin-panels-builder panel-last-child\" data-index=\"3\" ><div id=\"pl-w64a4161d35e76\"  class=\"panel-layout\" ><div id=\"pg-w64a4161d35e76-0\"  class=\"panel-grid panel-no-style\" ><div id=\"pgc-w64a4161d35e76-0-0\"  class=\"panel-grid-cell\" ><div id=\"panel-w64a4161d35e76-0-0-0\" class=\"so-panel widget widget_sow-button panel-first-child panel-last-child\" data-index=\"0\" ><div\n\t\t\t\n\t\t\tclass=\"so-widget-sow-button so-widget-sow-button-flat-4ceac46c5c07\"\n\t\t\t\n\t\t><div class=\"ow-button-base ow-button-align-center\"\n>\n\t\t\t<a\n\t\t\t\t\thref=\"https:\/\/carterembry.com\/fr\/blog\"\n\t\t\t\t\tclass=\"sowb-button ow-icon-placement-left ow-button-hover\" \t>\n\t\t<span>\n\t\t\t\n\t\t\tJette un coup d'\u0153il \u00e0 notre article de blog\t\t<\/span>\n\t\t\t<\/a>\n\t<\/div>\n<\/div><\/div><\/div><div id=\"pgc-w64a4161d35e76-0-1\"  class=\"panel-grid-cell\" ><div id=\"panel-w64a4161d35e76-0-1-0\" class=\"so-panel widget widget_sow-button panel-first-child panel-last-child\" data-index=\"1\" ><div\n\t\t\t\n\t\t\tclass=\"so-widget-sow-button so-widget-sow-button-flat-4ceac46c5c07\"\n\t\t\t\n\t\t><div class=\"ow-button-base ow-button-align-center\"\n>\n\t\t\t<a\n\t\t\t\t\thref=\"https:\/\/carterembry.com\/fr\/our-recipes\"\n\t\t\t\t\tclass=\"sowb-button ow-icon-placement-left ow-button-hover\" \t>\n\t\t<span>\n\t\t\t\n\t\t\tD\u00e9couvre nos recettes\t\t<\/span>\n\t\t\t<\/a>\n\t<\/div>\n<\/div><\/div><\/div><\/div><\/div><\/div><\/div><\/div><\/div><\/div>","protected":false},"excerpt":{"rendered":"<p>We (Daniel Carter and Ammi Embry) married May 1, 2016 at Bicentennial Park in Nashville, Tennessee. It was a dream wedding. Daniel and I are&#8230;<\/p>","protected":false},"author":2,"featured_media":0,"parent":0,"menu_order":0,"comment_status":"closed","ping_status":"closed","template":"","meta":{"wprm-recipe-roundup-name":"","wprm-recipe-roundup-description":"","site-sidebar-layout":"default","site-content-layout":"default","ast-site-content-layout":"default","site-content-style":"default","site-sidebar-style":"default","ast-global-header-display":"","ast-banner-title-visibility":"","ast-main-header-display":"","ast-hfb-above-header-display":"","ast-hfb-below-header-display":"","ast-hfb-mobile-header-display":"","site-post-title":"","ast-breadcrumbs-content":"","ast-featured-img":"","footer-sml-layout":"","ast-disable-related-posts":"","theme-transparent-header-meta":"default","adv-header-id-meta":"","stick-header-meta":"default","header-above-stick-meta":"","header-main-stick-meta":"","header-below-stick-meta":"","astra-migrate-meta-layouts":"set","ast-page-background-enabled":"default","ast-page-background-meta":{"desktop":{"background-color":"var(--ast-global-color-4)","background-image":"","background-repeat":"repeat","background-position":"center center","background-size":"auto","background-attachment":"scroll","background-type":"","background-media":"","overlay-type":"","overlay-color":"","overlay-opacity":"","overlay-gradient":""},"tablet":{"background-color":"","background-image":"","background-repeat":"repeat","background-position":"center center","background-size":"auto","background-attachment":"scroll","background-type":"","background-media":"","overlay-type":"","overlay-color":"","overlay-opacity":"","overlay-gradient":""},"mobile":{"background-color":"","background-image":"","background-repeat":"repeat","background-position":"center center","background-size":"auto","background-attachment":"scroll","background-type":"","background-media":"","overlay-type":"","overlay-color":"","overlay-opacity":"","overlay-gradient":""}},"ast-content-background-meta":{"desktop":{"background-color":"var(--ast-global-color-5)","background-image":"","background-repeat":"repeat","background-position":"center center","background-size":"auto","background-attachment":"scroll","background-type":"","background-media":"","overlay-type":"","overlay-color":"","overlay-opacity":"","overlay-gradient":""},"tablet":{"background-color":"var(--ast-global-color-5)","background-image":"","background-repeat":"repeat","background-position":"center center","background-size":"auto","background-attachment":"scroll","background-type":"","background-media":"","overlay-type":"","overlay-color":"","overlay-opacity":"","overlay-gradient":""},"mobile":{"background-color":"var(--ast-global-color-5)","background-image":"","background-repeat":"repeat","background-position":"center center","background-size":"auto","background-attachment":"scroll","background-type":"","background-media":"","overlay-type":"","overlay-color":"","overlay-opacity":"","overlay-gradient":""}},"footnotes":""},"class_list":["post-33","page","type-page","status-publish","hentry"],"_links":{"self":[{"href":"https:\/\/carterembry.com\/fr\/wp-json\/wp\/v2\/pages\/33","targetHints":{"allow":["GET"]}}],"collection":[{"href":"https:\/\/carterembry.com\/fr\/wp-json\/wp\/v2\/pages"}],"about":[{"href":"https:\/\/carterembry.com\/fr\/wp-json\/wp\/v2\/types\/page"}],"author":[{"embeddable":true,"href":"https:\/\/carterembry.com\/fr\/wp-json\/wp\/v2\/users\/2"}],"replies":[{"embeddable":true,"href":"https:\/\/carterembry.com\/fr\/wp-json\/wp\/v2\/comments?post=33"}],"version-history":[{"count":10,"href":"https:\/\/carterembry.com\/fr\/wp-json\/wp\/v2\/pages\/33\/revisions"}],"predecessor-version":[{"id":21548,"href":"https:\/\/carterembry.com\/fr\/wp-json\/wp\/v2\/pages\/33\/revisions\/21548"}],"wp:attachment":[{"href":"https:\/\/carterembry.com\/fr\/wp-json\/wp\/v2\/media?parent=33"}],"curies":[{"name":"wp","href":"https:\/\/api.w.org\/{rel}","templated":true}]}}