{"id":21230,"date":"2025-03-29T12:58:52","date_gmt":"2025-03-29T17:58:52","guid":{"rendered":"http:\/\/carterembry.com\/?page_id=21230"},"modified":"2025-04-03T10:56:58","modified_gmt":"2025-04-03T15:56:58","slug":"aunt-ammi-reads","status":"publish","type":"page","link":"https:\/\/carterembry.com\/fr\/aunt-ammi-reads","title":{"rendered":"Tante Ammi lit"},"content":{"rendered":"<div id=\"pl-21230\"  class=\"panel-layout\" ><div id=\"pg-21230-0\"  class=\"panel-grid panel-no-style\" ><div id=\"pgc-21230-0-0\"  class=\"panel-grid-cell\" ><div id=\"panel-21230-0-0-0\" class=\"so-panel widget widget_so-premium-mirror-widget panel-first-child panel-last-child\" data-index=\"0\" ><div\n\t\t\t\n\t\t\tclass=\"so-widget-so-premium-mirror-widget so-widget-so-premium-mirror-widget-default-d75171398898-21230\"\n\t\t\t\n\t\t><div id=\"pl-w69d7a41f54f33\"  class=\"panel-layout\" ><div id=\"pg-w69d7a41f54f33-0\"  class=\"panel-grid panel-no-style\" ><div id=\"pgc-w69d7a41f54f33-0-0\"  class=\"panel-grid-cell\" ><div id=\"panel-w69d7a41f54f33-0-0-0\" class=\"so-panel widget widget_sow-headline panel-first-child panel-last-child\" data-index=\"0\" ><div\n\t\t\t\n\t\t\tclass=\"so-widget-sow-headline so-widget-sow-headline-default-bdd4db35e334-21230\"\n\t\t\t\n\t\t><div class=\"sow-headline-container\">\n\t\t\t\t\t\t\t<h4 class=\"sow-headline\">\n\t\t\t\t\t\t\u00c0 propos de Tante Ammi Reads\t\t\t\t\t\t<\/h4>\n\t\t\t\t\t\t\t\t\t\t\t<div class=\"decoration\">\n\t\t\t\t\t\t<div class=\"decoration-inside\"><\/div>\n\t\t\t\t\t<\/div>\n\t\t\t\t\t<\/div>\n<\/div><\/div><\/div><\/div><div id=\"pg-w69d7a41f54f33-1\"  class=\"panel-grid panel-no-style\" ><div id=\"pgc-w69d7a41f54f33-1-0\"  class=\"panel-grid-cell\" ><div id=\"panel-w69d7a41f54f33-1-0-0\" class=\"so-panel widget widget_sow-editor panel-first-child\" data-index=\"1\" ><div\n\t\t\t\n\t\t\tclass=\"so-widget-sow-editor so-widget-sow-editor-base\"\n\t\t\t\n\t\t>\n<div class=\"siteorigin-widget-tinymce textwidget\">\n\t<p>Je suis ravie de te pr\u00e9senter <em>Tante Ammi lit<\/em>! En tant que tante \u00e9loign\u00e9e, j'ai cherch\u00e9 des moyens de communiquer avec mes fr\u00e8res et s\u0153urs, et quel meilleur moyen que de partager certains de mes livres pour enfants pr\u00e9f\u00e9r\u00e9s ? Je lirai des histoires qui ne sont plus soumises \u00e0 des droits d'auteur, provenant de <a href=\"https:\/\/www.gutenberg.org\/\" target=\"_blank\" rel=\"noopener\">Projet Gutenberg<\/a>Les pages de ce site sont en anglais, et des liens te permettent de les t\u00e9l\u00e9charger au format ebook de ton choix ou de les lire dans ton navigateur.<\/p>\n<p>Pour ceux qui aiment une copie physique, je vais \u00e9galement partager un lien pour acheter le livre dans ta librairie locale via . <a href=\"https:\/\/bookshop.org\/\" target=\"_blank\" rel=\"noopener\">Bookshop.org<\/a>. Je ne re\u00e7ois aucune compensation - je veux simplement soutenir les librairies ind\u00e9pendantes. De plus, comme ces livres sont tous dans le domaine public, tu pourrais m\u00eame trouver une belle \u00e9dition dans ta librairie d'occasion locale, ce qui est une option fantastique et durable !<\/p>\n<\/div>\n<\/div><\/div><div id=\"panel-w69d7a41f54f33-1-0-1\" class=\"so-panel widget widget_sow-headline\" data-index=\"2\" ><div\n\t\t\t\n\t\t\tclass=\"so-widget-sow-headline so-widget-sow-headline-default-5fc7378957ff-21230\"\n\t\t\t\n\t\t><div class=\"sow-headline-container\">\n\t\t\t\t\t\t\t<h6 class=\"sow-headline\">\n\t\t\t\t\t\t\u00c9coute o\u00f9 tu obtiens ton podcast\t\t\t\t\t\t<\/h6>\n\t\t\t\t\t\t\t\t\t\t\t<div class=\"decoration\">\n\t\t\t\t\t\t<div class=\"decoration-inside\"><\/div>\n\t\t\t\t\t<\/div>\n\t\t\t\t\t<\/div>\n<\/div><\/div><div id=\"panel-w69d7a41f54f33-1-0-2\" class=\"so-panel widget widget_sow-features panel-last-child\" data-index=\"3\" ><div\n\t\t\t\n\t\t\tclass=\"so-widget-sow-features so-widget-sow-features-default-9abdb0b23c27-21230\"\n\t\t\t\n\t\t><ul\n\tclass=\"sow-features-list\">\n\n\t\t\t<li\n\t\t\tclass=\"sow-features-feature sow-icon-container-position-top\"\n\t\t\tstyle=\"display: flex; flex-direction: column; width: calc(25% - 25px);\"\n\t\t>\n\t\t\t\t\t\t\t<a\n\t\t\t\t\thref=\"https:\/\/open.spotify.com\/show\/73YgSXfWzNuyhkkSDbl31B\"\n\t\t\t\t\ttarget=\"_blank\" rel=\"noopener noreferrer\"\t\t\t\t\tclass=\"sow-features-feature-linked-column\"\n\t\t\t\t>\n\t\t\t\t\t<span class=\"so-sr-only\">\n\t\t\t\t\t\t\t\t\t\t\t<\/span>\n\t\t\t\t<\/a>\n\t\t\t\n\t\t\t\t\t\t<a\t\t\t\tclass=\"sow-icon-container sow-container-none\"\n\t\t\t\tstyle=\"color: #83b6b2; \"\n\t\t\t\ttitle=\"Trouve Aunt Ammi Reads sur Spotify\"\n\t\t\t\t\t\t\t\t\thref=\"https:\/\/open.spotify.com\/show\/73YgSXfWzNuyhkkSDbl31B\"\n\t\t\t\t\ttarget=\"_blank\" rel=\"noopener noreferrer\"\t\t\t>\n\t\t\t\t<span class=\"sow-icon-fontawesome sow-fab\" data-sow-icon=\"&#xf1bc;\"\n\t\tstyle=\"font-size: 50px; color: #83b6b2\" \n\t\taria-hidden=\"true\"><\/span>\t\t\t<\/a>\n\n\t\t\t<div class=\"textwidget\">\n\t\t\t\t\n\t\t\t\t\n\t\t\t\t\t\t\t<\/div>\n\t\t\t\t\t\t\t\t<\/li>\n\n\t\t\t<li\n\t\t\tclass=\"sow-features-feature sow-icon-container-position-top\"\n\t\t\tstyle=\"display: flex; flex-direction: column; width: calc(25% - 25px);\"\n\t\t>\n\t\t\t\t\t\t\t<a\n\t\t\t\t\thref=\"https:\/\/apple.co\/42ami7c\"\n\t\t\t\t\ttarget=\"_blank\" rel=\"noopener noreferrer\"\t\t\t\t\tclass=\"sow-features-feature-linked-column\"\n\t\t\t\t>\n\t\t\t\t\t<span class=\"so-sr-only\">\n\t\t\t\t\t\t\t\t\t\t\t<\/span>\n\t\t\t\t<\/a>\n\t\t\t\n\t\t\t\t\t\t<a\t\t\t\tclass=\"sow-icon-container sow-container-none\"\n\t\t\t\tstyle=\"color: #83b6b2; \"\n\t\t\t\ttitle=\"Trouve les lectures de Tante Ammi sur Apple Podcast\"\n\t\t\t\t\t\t\t\t\thref=\"https:\/\/apple.co\/42ami7c\"\n\t\t\t\t\ttarget=\"_blank\" rel=\"noopener noreferrer\"\t\t\t>\n\t\t\t\t<span class=\"sow-icon-fontawesome sow-fab\" data-sow-icon=\"&#xf179;\"\n\t\tstyle=\"font-size: 50px; color: #83b6b2\" \n\t\taria-hidden=\"true\"><\/span>\t\t\t<\/a>\n\n\t\t\t<div class=\"textwidget\">\n\t\t\t\t\n\t\t\t\t\n\t\t\t\t\t\t\t<\/div>\n\t\t\t\t\t\t\t\t<\/li>\n\n\t\t\t<li\n\t\t\tclass=\"sow-features-feature sow-icon-container-position-top\"\n\t\t\tstyle=\"display: flex; flex-direction: column; width: calc(25% - 25px);\"\n\t\t>\n\t\t\t\t\t\t\t<a\n\t\t\t\t\thref=\"https:\/\/www.youtube.com\/playlist?list=PLM5lz7SKnPLNZVv_N99kca4PqfBdNT4T8\"\n\t\t\t\t\ttarget=\"_blank\" rel=\"noopener noreferrer\"\t\t\t\t\tclass=\"sow-features-feature-linked-column\"\n\t\t\t\t>\n\t\t\t\t\t<span class=\"so-sr-only\">\n\t\t\t\t\t\t\t\t\t\t\t<\/span>\n\t\t\t\t<\/a>\n\t\t\t\n\t\t\t\t\t\t<a\t\t\t\tclass=\"sow-icon-container sow-container-none\"\n\t\t\t\tstyle=\"color: #83b6b2; \"\n\t\t\t\ttitle=\"Trouve Tante Ammi Reads sur YouTube Podcast\"\n\t\t\t\t\t\t\t\t\thref=\"https:\/\/www.youtube.com\/playlist?list=PLM5lz7SKnPLNZVv_N99kca4PqfBdNT4T8\"\n\t\t\t\t\ttarget=\"_blank\" rel=\"noopener noreferrer\"\t\t\t>\n\t\t\t\t<span class=\"sow-icon-fontawesome sow-fab\" data-sow-icon=\"&#xf167;\"\n\t\tstyle=\"font-size: 50px; color: #83b6b2\" \n\t\taria-hidden=\"true\"><\/span>\t\t\t<\/a>\n\n\t\t\t<div class=\"textwidget\">\n\t\t\t\t\n\t\t\t\t\n\t\t\t\t\t\t\t<\/div>\n\t\t\t\t\t\t\t\t<\/li>\n\n\t\t\t<li\n\t\t\tclass=\"sow-features-feature sow-icon-container-position-top\"\n\t\t\tstyle=\"display: flex; flex-direction: column; width: calc(25% - 25px);\"\n\t\t>\n\t\t\t\t\t\t\t<a\n\t\t\t\t\thref=\"https:\/\/music.amazon.com\/podcasts\/841f8d21-5d2f-4ae5-8c51-464054b4a27f\/aunt-ammi-reads\"\n\t\t\t\t\ttarget=\"_blank\" rel=\"noopener noreferrer\"\t\t\t\t\tclass=\"sow-features-feature-linked-column\"\n\t\t\t\t>\n\t\t\t\t\t<span class=\"so-sr-only\">\n\t\t\t\t\t\t\t\t\t\t\t<\/span>\n\t\t\t\t<\/a>\n\t\t\t\n\t\t\t\t\t\t<a\t\t\t\tclass=\"sow-icon-container sow-container-none\"\n\t\t\t\tstyle=\"color: #83b6b2; \"\n\t\t\t\ttitle=\"Trouve Tante Ammi Reads sur Amazon Podcast\/Audible\"\n\t\t\t\t\t\t\t\t\thref=\"https:\/\/music.amazon.com\/podcasts\/841f8d21-5d2f-4ae5-8c51-464054b4a27f\/aunt-ammi-reads\"\n\t\t\t\t\ttarget=\"_blank\" rel=\"noopener noreferrer\"\t\t\t>\n\t\t\t\t<span class=\"sow-icon-fontawesome sow-fab\" data-sow-icon=\"&#xf270;\"\n\t\tstyle=\"font-size: 50px; color: #83b6b2\" \n\t\taria-hidden=\"true\"><\/span>\t\t\t<\/a>\n\n\t\t\t<div class=\"textwidget\">\n\t\t\t\t\n\t\t\t\t\n\t\t\t\t\t\t\t<\/div>\n\t\t\t\t\t\t\t\t<\/li>\n\n\t<\/ul>\n<\/div><\/div><\/div><\/div><\/div><\/div><\/div><\/div><div id=\"pgc-21230-0-1\"  class=\"panel-grid-cell\" ><div id=\"panel-21230-0-1-0\" class=\"so-panel widget widget_sow-blog panel-first-child panel-last-child\" data-index=\"1\" ><div\n\t\t\t\n\t\t\tclass=\"so-widget-sow-blog so-widget-sow-blog-grid-f72773c883b8-21230\"\n\t\t\t\n\t\t>\t\t<div\n\t\tclass=\"sow-blog sow-blog-layout-grid\"\n\t\tdata-template=\"grid\"\n\t\tdata-settings=\"{&quot;columns&quot;:2,&quot;featured_image&quot;:true,&quot;featured_image_empty&quot;:true,&quot;featured_image_size&quot;:&quot;sow-blog-grid&quot;,&quot;featured_image_size_width&quot;:&quot;&quot;,&quot;featured_image_size_height&quot;:&quot;&quot;,&quot;tag&quot;:&quot;h2&quot;,&quot;content&quot;:&quot;none&quot;,&quot;read_more&quot;:true,&quot;excerpt_length&quot;:&quot;&quot;,&quot;excerpt_trim&quot;:&quot;&quot;,&quot;read_more_text&quot;:&quot;Listen Now&quot;,&quot;date&quot;:true,&quot;date_output_format&quot;:&quot;&quot;,&quot;author&quot;:true,&quot;categories&quot;:true,&quot;pagination&quot;:&quot;standard&quot;,&quot;pagination_reload&quot;:&quot;standard&quot;,&quot;so_field_container_state&quot;:&quot;closed&quot;,&quot;featured_image_fallback&quot;:&quot;&quot;,&quot;trim_manual_excerpt&quot;:&quot;&quot;,&quot;filter_categories&quot;:false,&quot;tags&quot;:&quot;&quot;,&quot;comment_count&quot;:&quot;&quot;,&quot;template&quot;:&quot;grid&quot;}\"\n\t\tdata-paged=\"1\"\n\t\tdata-paging-id=\"f72773c883b8\"\n\t\tdata-total-pages=\"1\"\n\t\tdata-hash=\"6d6ab144\"\n\t>\n\t\t\n\t\t\t\t\t\t\t<div class=\"sow-blog-posts\">\n\t\t\t\t<article id=\"post-21187\" class=\"post-21187 post type-post status-publish format-audio has-post-thumbnail hentry category-aunt-ammi-reads category-picture-books tag-aunt-ammi-reads tag-beatrix-potter tag-children-books tag-peter-rabbit tag-podcast tag-reading tag-story-book post_format-post-format-audio\" style=\"margin: 0 0 30px;\">\n\t\t\t\t\t<div class=\"sow-entry-thumbnail\">\n\t\t\t\t\t\t\t\t\t\t<a href=\"https:\/\/carterembry.com\/fr\/2025\/aar-peter-rabbit\/%20\">\n\t\t\t\t\t\t<img loading=\"lazy\" decoding=\"async\" width=\"720\" height=\"480\" src=\"https:\/\/carterembry.com\/wp-content\/uploads\/2025\/03\/Peter-Rabbit-Cover-1920-x-1080-px-720x480.png\" class=\"attachment-sow-blog-grid size-sow-blog-grid wp-post-image\" alt=\"\" srcset=\"https:\/\/carterembry.com\/wp-content\/uploads\/2025\/03\/Peter-Rabbit-Cover-1920-x-1080-px-720x480.png 720w, https:\/\/carterembry.com\/wp-content\/uploads\/2025\/03\/Peter-Rabbit-Cover-1920-x-1080-px-272x182.png 272w\" sizes=\"auto, (max-width: 720px) 100vw, 720px\" \/>\t\t\t\t\t<\/a>\n\t\t\t\t<\/div>\n\t\t\t\t\t\t\t<div class=\"sow-blog-content-wrapper\"\n\t\t style=\"padding: 25px 30px 33px;\">\n\t\t\t\t<header class=\"sow-entry-header\">\n\t\t\t<h2 class=\"sow-entry-title\" style=\"margin: 0 0 5px;\"><a href=\"https:\/\/carterembry.com\/fr\/2025\/aar-peter-rabbit\/%20\" rel=\"bookmark\">Tante Ammi lit le conte de Pierre Lapin<\/a><\/h2>\t\t\t<div class=\"sow-entry-meta\">\n\t\t\t\t\t\t\t<span class=\"sow-entry-date\">\n\t\t\t\t<a href=\"https:\/\/carterembry.com\/fr\/2025\/aar-peter-rabbit\/%20\" rel=\"bookmark\">\n\t\t\t\t\t<time class=\"published\" datetime=\"2025-03-29T07:23:58-05:00\">\n\t\t\t\t\t\t29 mars 2025\t\t\t\t\t<\/time>\n\t\t\t\t\t<time class=\"updated\" datetime=\"2025-04-03T10:56:23-05:00\">\n\t\t\t\t\t\t3 avril 2025\t\t\t\t\t<\/time>\n\t\t\t\t<\/a>\n\t\t\t<\/span>\n\t\t\n\t\t\t\t\t<span class=\"sow-entry-author-link byline\">\n\t\t\t\t\t\t\t\t\t<span class=\"sow-author author vcard\">\n\t\t\t\t\t\t<a class=\"url fn n\" href=\"https:\/\/carterembry.com\/fr\/author\/ammi\" rel=\"author\">\n\t\t\t\t\t\t\tAmmi Embry\t\t\t\t\t\t<\/a>\n\t\t\t\t\t<\/span>\n\t\t\t\t\t\t\t<\/span>\n\t\t\n\t\t<span class=\"sow-entry-categories\"><a href=\"https:\/\/carterembry.com\/fr\/category\/aunt-ammi-reads\">Tante Ammi lit<\/a>, <a href=\"https:\/\/carterembry.com\/fr\/category\/aunt-ammi-reads\/picture-books\">Livres d'images<\/a><\/span>\n\t\t\t\t\t<\/div>\n\t\t<\/header>\n\n\t\t\t<\/div>\n<\/article>\n\t\t\t<\/div>\n\t\t\t\t\t\t\t\t<\/div>\n\t<\/div><\/div><\/div><\/div><\/div>","protected":false},"excerpt":{"rendered":"<p>&#8230;<\/p>","protected":false},"author":2,"featured_media":21248,"parent":0,"menu_order":0,"comment_status":"closed","ping_status":"closed","template":"","meta":{"wprm-recipe-roundup-name":"","wprm-recipe-roundup-description":"","site-sidebar-layout":"default","site-content-layout":"","ast-site-content-layout":"default","site-content-style":"default","site-sidebar-style":"default","ast-global-header-display":"","ast-banner-title-visibility":"","ast-main-header-display":"","ast-hfb-above-header-display":"","ast-hfb-below-header-display":"","ast-hfb-mobile-header-display":"","site-post-title":"","ast-breadcrumbs-content":"","ast-featured-img":"","footer-sml-layout":"","ast-disable-related-posts":"","theme-transparent-header-meta":"default","adv-header-id-meta":"","stick-header-meta":"default","header-above-stick-meta":"","header-main-stick-meta":"","header-below-stick-meta":"","astra-migrate-meta-layouts":"set","ast-page-background-enabled":"default","ast-page-background-meta":{"desktop":{"background-color":"var(--ast-global-color-4)","background-image":"","background-repeat":"repeat","background-position":"center center","background-size":"auto","background-attachment":"scroll","background-type":"","background-media":"","overlay-type":"","overlay-color":"","overlay-opacity":"","overlay-gradient":""},"tablet":{"background-color":"","background-image":"","background-repeat":"repeat","background-position":"center center","background-size":"auto","background-attachment":"scroll","background-type":"","background-media":"","overlay-type":"","overlay-color":"","overlay-opacity":"","overlay-gradient":""},"mobile":{"background-color":"","background-image":"","background-repeat":"repeat","background-position":"center center","background-size":"auto","background-attachment":"scroll","background-type":"","background-media":"","overlay-type":"","overlay-color":"","overlay-opacity":"","overlay-gradient":""}},"ast-content-background-meta":{"desktop":{"background-color":"var(--ast-global-color-5)","background-image":"","background-repeat":"repeat","background-position":"center center","background-size":"auto","background-attachment":"scroll","background-type":"","background-media":"","overlay-type":"","overlay-color":"","overlay-opacity":"","overlay-gradient":""},"tablet":{"background-color":"var(--ast-global-color-5)","background-image":"","background-repeat":"repeat","background-position":"center center","background-size":"auto","background-attachment":"scroll","background-type":"","background-media":"","overlay-type":"","overlay-color":"","overlay-opacity":"","overlay-gradient":""},"mobile":{"background-color":"var(--ast-global-color-5)","background-image":"","background-repeat":"repeat","background-position":"center center","background-size":"auto","background-attachment":"scroll","background-type":"","background-media":"","overlay-type":"","overlay-color":"","overlay-opacity":"","overlay-gradient":""}},"footnotes":""},"class_list":["post-21230","page","type-page","status-publish","has-post-thumbnail","hentry"],"_links":{"self":[{"href":"https:\/\/carterembry.com\/fr\/wp-json\/wp\/v2\/pages\/21230","targetHints":{"allow":["GET"]}}],"collection":[{"href":"https:\/\/carterembry.com\/fr\/wp-json\/wp\/v2\/pages"}],"about":[{"href":"https:\/\/carterembry.com\/fr\/wp-json\/wp\/v2\/types\/page"}],"author":[{"embeddable":true,"href":"https:\/\/carterembry.com\/fr\/wp-json\/wp\/v2\/users\/2"}],"replies":[{"embeddable":true,"href":"https:\/\/carterembry.com\/fr\/wp-json\/wp\/v2\/comments?post=21230"}],"version-history":[{"count":15,"href":"https:\/\/carterembry.com\/fr\/wp-json\/wp\/v2\/pages\/21230\/revisions"}],"predecessor-version":[{"id":21330,"href":"https:\/\/carterembry.com\/fr\/wp-json\/wp\/v2\/pages\/21230\/revisions\/21330"}],"wp:featuredmedia":[{"embeddable":true,"href":"https:\/\/carterembry.com\/fr\/wp-json\/wp\/v2\/media\/21248"}],"wp:attachment":[{"href":"https:\/\/carterembry.com\/fr\/wp-json\/wp\/v2\/media?parent=21230"}],"curies":[{"name":"wp","href":"https:\/\/api.w.org\/{rel}","templated":true}]}}