{"id":10351,"date":"2018-08-17T10:22:51","date_gmt":"2018-08-17T15:22:51","guid":{"rendered":"http:\/\/carterembry.com\/\/?page_id=10351"},"modified":"2022-02-19T19:42:23","modified_gmt":"2022-02-20T01:42:23","slug":"our-art","status":"publish","type":"page","link":"https:\/\/carterembry.com\/fr\/our-art","title":{"rendered":"Notre art"},"content":{"rendered":"<div id=\"pl-10351\"  class=\"panel-layout\" ><div id=\"pg-10351-0\"  class=\"panel-grid panel-no-style\" ><div id=\"pgc-10351-0-0\"  class=\"panel-grid-cell\" ><div id=\"panel-10351-0-0-0\" class=\"widget_text so-panel widget widget_custom_html panel-first-child panel-last-child\" data-index=\"0\" ><div class=\"textwidget custom-html-widget\"><div class=\"rt-container-fluid tlp-portfolio tlp-portfolio-container is-isotope\" id=\"tlp-portfolio-container-14046\" data-layout=\"isotope1\"><div class=\"rt-row isotope1\" data-title='Loading ...'><div class=\"tlp-portfolio-isotope\"><div class=\"tlp-col-md-3 tlp-col-sm-6 tlp-col-xs-12 tlp-single-item tlp-isotope-item\">\r\n\t<div class=\"tlp-portfolio-item\">\r\n\t\t\t\t\t\t\t\t\t<div class=\"tlp-portfolio-thum tlp-item\">\r\n\t\t\t<img loading=\"lazy\" decoding=\"async\" width=\"500\" height=\"500\" src=\"https:\/\/carterembry.com\/wp-content\/uploads\/2023\/08\/stardew-website-header-1-e1692873842884-500x500.png\" class=\"img-responsive\" alt=\"\" \/>\r\n\t\t\t<div class=\"tlp-overlay\">\r\n\t\t\t\t<p class=\"link-icon\">\r\n\t\t\t\t\t\r\n\t\t\t\t\t<a href=\"https:\/\/carterembry.com\/fr\/portfolio\/stardew-valley-illustrated-portrait\" aria-label=\"Portrait illustr\u00e9 de Stardew Valley\"><i class=\"demo-icon icon-link-ext\"><\/i><\/a>\r\n\t\t\t\t<\/p>\r\n\t\t\t<\/div>\r\n\t\t<\/div><div class=\"tlp-content\">\r\n\t\t\t\t\t<div class=\"tlp-content-holder\">\r\n\t\t\t\t\t\t<h3><a href=\"https:\/\/carterembry.com\/fr\/portfolio\/stardew-valley-illustrated-portrait\">Portrait illustr\u00e9 de Stardew Valley<\/a><\/h3>\r\n\t\t\t\t\t\t\r\n\t\t\t\t\t<\/div>\r\n\t\t\t\t<\/div>\t<\/div>\r\n<\/div>\r\n<div class=\"tlp-col-md-3 tlp-col-sm-6 tlp-col-xs-12 tlp-single-item tlp-isotope-item\">\r\n\t<div class=\"tlp-portfolio-item\">\r\n\t\t\t\t\t\t\t\t\t<div class=\"tlp-portfolio-thum tlp-item\">\r\n\t\t\t<img loading=\"lazy\" decoding=\"async\" width=\"500\" height=\"500\" src=\"https:\/\/carterembry.com\/wp-content\/uploads\/2024\/08\/lower_decks_with-pups_web-500x500.png\" class=\"img-responsive\" alt=\"\" \/>\r\n\t\t\t<div class=\"tlp-overlay\">\r\n\t\t\t\t<p class=\"link-icon\">\r\n\t\t\t\t\t\r\n\t\t\t\t\t<a href=\"https:\/\/carterembry.com\/fr\/portfolio\/star-trek-lower-decks-digital-illustration\" aria-label=\"Star Trek Lower Decks Illustration num\u00e9rique\"><i class=\"demo-icon icon-link-ext\"><\/i><\/a>\r\n\t\t\t\t<\/p>\r\n\t\t\t<\/div>\r\n\t\t<\/div><div class=\"tlp-content\">\r\n\t\t\t\t\t<div class=\"tlp-content-holder\">\r\n\t\t\t\t\t\t<h3><a href=\"https:\/\/carterembry.com\/fr\/portfolio\/star-trek-lower-decks-digital-illustration\">Star Trek Lower Decks Illustration num\u00e9rique<\/a><\/h3>\r\n\t\t\t\t\t\t\r\n\t\t\t\t\t<\/div>\r\n\t\t\t\t<\/div>\t<\/div>\r\n<\/div>\r\n<div class=\"tlp-col-md-3 tlp-col-sm-6 tlp-col-xs-12 tlp-single-item tlp-isotope-item\">\r\n\t<div class=\"tlp-portfolio-item\">\r\n\t\t\t\t\t\t\t\t\t<div class=\"tlp-portfolio-thum tlp-item\">\r\n\t\t\t<img loading=\"lazy\" decoding=\"async\" width=\"300\" height=\"300\" src=\"https:\/\/carterembry.com\/wp-content\/uploads\/2018\/03\/MVIMG_20180302_085202-1-300x300.jpg\" class=\"img-responsive\" alt=\"\" \/>\r\n\t\t\t<div class=\"tlp-overlay\">\r\n\t\t\t\t<p class=\"link-icon\">\r\n\t\t\t\t\t\r\n\t\t\t\t\t<a href=\"https:\/\/carterembry.com\/fr\/portfolio\/dual-clay-display-bowl\" aria-label=\"Bol de pr\u00e9sentation en argile double\"><i class=\"demo-icon icon-link-ext\"><\/i><\/a>\r\n\t\t\t\t<\/p>\r\n\t\t\t<\/div>\r\n\t\t<\/div><div class=\"tlp-content\">\r\n\t\t\t\t\t<div class=\"tlp-content-holder\">\r\n\t\t\t\t\t\t<h3><a href=\"https:\/\/carterembry.com\/fr\/portfolio\/dual-clay-display-bowl\">Bol de pr\u00e9sentation en argile double<\/a><\/h3>\r\n\t\t\t\t\t\t\r\n\t\t\t\t\t<\/div>\r\n\t\t\t\t<\/div>\t<\/div>\r\n<\/div>\r\n<div class=\"tlp-col-md-3 tlp-col-sm-6 tlp-col-xs-12 tlp-single-item tlp-isotope-item\">\r\n\t<div class=\"tlp-portfolio-item\">\r\n\t\t\t\t\t\t\t\t\t<div class=\"tlp-portfolio-thum tlp-item\">\r\n\t\t\t<img loading=\"lazy\" decoding=\"async\" width=\"300\" height=\"300\" src=\"https:\/\/carterembry.com\/wp-content\/uploads\/2018\/01\/MVIMG_20180127_100721-e1517850318576-300x300.jpg\" class=\"img-responsive\" alt=\"\" \/>\r\n\t\t\t<div class=\"tlp-overlay\">\r\n\t\t\t\t<p class=\"link-icon\">\r\n\t\t\t\t\t\r\n\t\t\t\t\t<a href=\"https:\/\/carterembry.com\/fr\/portfolio\/handmade-paper\" aria-label=\"Papier fait \u00e0 la main\"><i class=\"demo-icon icon-link-ext\"><\/i><\/a>\r\n\t\t\t\t<\/p>\r\n\t\t\t<\/div>\r\n\t\t<\/div><div class=\"tlp-content\">\r\n\t\t\t\t\t<div class=\"tlp-content-holder\">\r\n\t\t\t\t\t\t<h3><a href=\"https:\/\/carterembry.com\/fr\/portfolio\/handmade-paper\">Papier fait \u00e0 la main<\/a><\/h3>\r\n\t\t\t\t\t\t\r\n\t\t\t\t\t<\/div>\r\n\t\t\t\t<\/div>\t<\/div>\r\n<\/div>\r\n<div class=\"tlp-col-md-3 tlp-col-sm-6 tlp-col-xs-12 tlp-single-item tlp-isotope-item\">\r\n\t<div class=\"tlp-portfolio-item\">\r\n\t\t\t\t\t\t\t\t\t<div class=\"tlp-portfolio-thum tlp-item\">\r\n\t\t\t<img loading=\"lazy\" decoding=\"async\" width=\"300\" height=\"300\" src=\"https:\/\/carterembry.com\/wp-content\/uploads\/2018\/01\/IMG_20171109_183714-e1515979121744-300x300.jpg\" class=\"img-responsive\" alt=\"\" \/>\r\n\t\t\t<div class=\"tlp-overlay\">\r\n\t\t\t\t<p class=\"link-icon\">\r\n\t\t\t\t\t\r\n\t\t\t\t\t<a href=\"https:\/\/carterembry.com\/fr\/portfolio\/tree-planter\" aria-label=\"Planteur d&#039;arbre\"><i class=\"demo-icon icon-link-ext\"><\/i><\/a>\r\n\t\t\t\t<\/p>\r\n\t\t\t<\/div>\r\n\t\t<\/div><div class=\"tlp-content\">\r\n\t\t\t\t\t<div class=\"tlp-content-holder\">\r\n\t\t\t\t\t\t<h3><a href=\"https:\/\/carterembry.com\/fr\/portfolio\/tree-planter\">Planteur d'arbre<\/a><\/h3>\r\n\t\t\t\t\t\t\r\n\t\t\t\t\t<\/div>\r\n\t\t\t\t<\/div>\t<\/div>\r\n<\/div>\r\n<div class=\"tlp-col-md-3 tlp-col-sm-6 tlp-col-xs-12 tlp-single-item tlp-isotope-item\">\r\n\t<div class=\"tlp-portfolio-item\">\r\n\t\t\t\t\t\t\t\t\t<div class=\"tlp-portfolio-thum tlp-item\">\r\n\t\t\t<img loading=\"lazy\" decoding=\"async\" width=\"300\" height=\"300\" src=\"https:\/\/carterembry.com\/wp-content\/uploads\/2018\/01\/MVIMG_20171213_144006-e1515965579661-300x300.jpg\" class=\"img-responsive\" alt=\"\" \/>\r\n\t\t\t<div class=\"tlp-overlay\">\r\n\t\t\t\t<p class=\"link-icon\">\r\n\t\t\t\t\t\r\n\t\t\t\t\t<a href=\"https:\/\/carterembry.com\/fr\/portfolio\/ceramic-trees\" aria-label=\"Arbres en c\u00e9ramique\"><i class=\"demo-icon icon-link-ext\"><\/i><\/a>\r\n\t\t\t\t<\/p>\r\n\t\t\t<\/div>\r\n\t\t<\/div><div class=\"tlp-content\">\r\n\t\t\t\t\t<div class=\"tlp-content-holder\">\r\n\t\t\t\t\t\t<h3><a href=\"https:\/\/carterembry.com\/fr\/portfolio\/ceramic-trees\">Arbres en c\u00e9ramique<\/a><\/h3>\r\n\t\t\t\t\t\t\r\n\t\t\t\t\t<\/div>\r\n\t\t\t\t<\/div>\t<\/div>\r\n<\/div>\r\n<div class=\"tlp-col-md-3 tlp-col-sm-6 tlp-col-xs-12 tlp-single-item tlp-isotope-item\">\r\n\t<div class=\"tlp-portfolio-item\">\r\n\t\t\t\t\t\t\t\t\t<div class=\"tlp-portfolio-thum tlp-item\">\r\n\t\t\t<img loading=\"lazy\" decoding=\"async\" width=\"300\" height=\"300\" src=\"https:\/\/carterembry.com\/wp-content\/uploads\/2018\/01\/Quilt_v1-web-300x300.png\" class=\"img-responsive\" alt=\"\" \/>\r\n\t\t\t<div class=\"tlp-overlay\">\r\n\t\t\t\t<p class=\"link-icon\">\r\n\t\t\t\t\t\r\n\t\t\t\t\t<a href=\"https:\/\/carterembry.com\/fr\/portfolio\/wedding-quilting\" aria-label=\"Quilting de mariage\"><i class=\"demo-icon icon-link-ext\"><\/i><\/a>\r\n\t\t\t\t<\/p>\r\n\t\t\t<\/div>\r\n\t\t<\/div><div class=\"tlp-content\">\r\n\t\t\t\t\t<div class=\"tlp-content-holder\">\r\n\t\t\t\t\t\t<h3><a href=\"https:\/\/carterembry.com\/fr\/portfolio\/wedding-quilting\">Quilting de mariage<\/a><\/h3>\r\n\t\t\t\t\t\t\r\n\t\t\t\t\t<\/div>\r\n\t\t\t\t<\/div>\t<\/div>\r\n<\/div>\r\n<div class=\"tlp-col-md-3 tlp-col-sm-6 tlp-col-xs-12 tlp-single-item tlp-isotope-item\">\r\n\t<div class=\"tlp-portfolio-item\">\r\n\t\t\t\t\t\t\t\t\t<div class=\"tlp-portfolio-thum tlp-item\">\r\n\t\t\t<img loading=\"lazy\" decoding=\"async\" width=\"300\" height=\"300\" src=\"https:\/\/carterembry.com\/wp-content\/uploads\/2018\/01\/MVIMG_20171213_142401-e1518910650563-300x300.jpg\" class=\"img-responsive\" alt=\"\" \/>\r\n\t\t\t<div class=\"tlp-overlay\">\r\n\t\t\t\t<p class=\"link-icon\">\r\n\t\t\t\t\t\r\n\t\t\t\t\t<a href=\"https:\/\/carterembry.com\/fr\/portfolio\/welcome-home-myndi\" aria-label=\"Bienvenue \u00e0 la maison Myndi\"><i class=\"demo-icon icon-link-ext\"><\/i><\/a>\r\n\t\t\t\t<\/p>\r\n\t\t\t<\/div>\r\n\t\t<\/div><div class=\"tlp-content\">\r\n\t\t\t\t\t<div class=\"tlp-content-holder\">\r\n\t\t\t\t\t\t<h3><a href=\"https:\/\/carterembry.com\/fr\/portfolio\/welcome-home-myndi\">Bienvenue \u00e0 la maison Myndi<\/a><\/h3>\r\n\t\t\t\t\t\t\r\n\t\t\t\t\t<\/div>\r\n\t\t\t\t<\/div>\t<\/div>\r\n<\/div>\r\n<div class=\"tlp-col-md-3 tlp-col-sm-6 tlp-col-xs-12 tlp-single-item tlp-isotope-item\">\r\n\t<div class=\"tlp-portfolio-item\">\r\n\t\t\t\t\t\t\t\t\t<div class=\"tlp-portfolio-thum tlp-item\">\r\n\t\t\t<img loading=\"lazy\" decoding=\"async\" width=\"300\" height=\"300\" src=\"https:\/\/carterembry.com\/wp-content\/uploads\/2018\/01\/IMG_20170803_224717-300x300.jpg\" class=\"img-responsive\" alt=\"\" \/>\r\n\t\t\t<div class=\"tlp-overlay\">\r\n\t\t\t\t<p class=\"link-icon\">\r\n\t\t\t\t\t\r\n\t\t\t\t\t<a href=\"https:\/\/carterembry.com\/fr\/portfolio\/bowls\" aria-label=\"Lancer des petits bols\"><i class=\"demo-icon icon-link-ext\"><\/i><\/a>\r\n\t\t\t\t<\/p>\r\n\t\t\t<\/div>\r\n\t\t<\/div><div class=\"tlp-content\">\r\n\t\t\t\t\t<div class=\"tlp-content-holder\">\r\n\t\t\t\t\t\t<h3><a href=\"https:\/\/carterembry.com\/fr\/portfolio\/bowls\">Lancer des petits bols<\/a><\/h3>\r\n\t\t\t\t\t\t\r\n\t\t\t\t\t<\/div>\r\n\t\t\t\t<\/div>\t<\/div>\r\n<\/div>\r\n<div class=\"tlp-col-md-3 tlp-col-sm-6 tlp-col-xs-12 tlp-single-item tlp-isotope-item\">\r\n\t<div class=\"tlp-portfolio-item\">\r\n\t\t\t\t\t\t\t\t\t<div class=\"tlp-portfolio-thum tlp-item\">\r\n\t\t\t<img loading=\"lazy\" decoding=\"async\" width=\"300\" height=\"300\" src=\"https:\/\/carterembry.com\/wp-content\/uploads\/2018\/01\/IMG_20170531_190509-e1518910982209-300x300.jpg\" class=\"img-responsive\" alt=\"\" \/>\r\n\t\t\t<div class=\"tlp-overlay\">\r\n\t\t\t\t<p class=\"link-icon\">\r\n\t\t\t\t\t\r\n\t\t\t\t\t<a href=\"https:\/\/carterembry.com\/fr\/portfolio\/bowl-variations\" aria-label=\"Variations de bols plus grands\"><i class=\"demo-icon icon-link-ext\"><\/i><\/a>\r\n\t\t\t\t<\/p>\r\n\t\t\t<\/div>\r\n\t\t<\/div><div class=\"tlp-content\">\r\n\t\t\t\t\t<div class=\"tlp-content-holder\">\r\n\t\t\t\t\t\t<h3><a href=\"https:\/\/carterembry.com\/fr\/portfolio\/bowl-variations\">Variations de bols plus grands<\/a><\/h3>\r\n\t\t\t\t\t\t\r\n\t\t\t\t\t<\/div>\r\n\t\t\t\t<\/div>\t<\/div>\r\n<\/div>\r\n<div class=\"tlp-col-md-3 tlp-col-sm-6 tlp-col-xs-12 tlp-single-item tlp-isotope-item\">\r\n\t<div class=\"tlp-portfolio-item\">\r\n\t\t\t\t\t\t\t\t\t<div class=\"tlp-portfolio-thum tlp-item\">\r\n\t\t\t<img loading=\"lazy\" decoding=\"async\" width=\"300\" height=\"300\" src=\"https:\/\/carterembry.com\/wp-content\/uploads\/2018\/01\/IMG_20170329_132005-300x300.jpg\" class=\"img-responsive\" alt=\"\" \/>\r\n\t\t\t<div class=\"tlp-overlay\">\r\n\t\t\t\t<p class=\"link-icon\">\r\n\t\t\t\t\t\r\n\t\t\t\t\t<a href=\"https:\/\/carterembry.com\/fr\/portfolio\/ceramic-bowls\" aria-label=\"Bols \u00e0 tricoter en c\u00e9ramique\"><i class=\"demo-icon icon-link-ext\"><\/i><\/a>\r\n\t\t\t\t<\/p>\r\n\t\t\t<\/div>\r\n\t\t<\/div><div class=\"tlp-content\">\r\n\t\t\t\t\t<div class=\"tlp-content-holder\">\r\n\t\t\t\t\t\t<h3><a href=\"https:\/\/carterembry.com\/fr\/portfolio\/ceramic-bowls\">Bols \u00e0 tricoter en c\u00e9ramique<\/a><\/h3>\r\n\t\t\t\t\t\t\r\n\t\t\t\t\t<\/div>\r\n\t\t\t\t<\/div>\t<\/div>\r\n<\/div>\r\n<div class=\"tlp-col-md-3 tlp-col-sm-6 tlp-col-xs-12 tlp-single-item tlp-isotope-item\">\r\n\t<div class=\"tlp-portfolio-item\">\r\n\t\t\t\t\t\t\t\t\t<div class=\"tlp-portfolio-thum tlp-item\">\r\n\t\t\t<img loading=\"lazy\" decoding=\"async\" width=\"300\" height=\"300\" src=\"https:\/\/carterembry.com\/wp-content\/uploads\/2018\/01\/IMG_20170706_102728-300x300.jpg\" class=\"img-responsive\" alt=\"\" \/>\r\n\t\t\t<div class=\"tlp-overlay\">\r\n\t\t\t\t<p class=\"link-icon\">\r\n\t\t\t\t\t\r\n\t\t\t\t\t<a href=\"https:\/\/carterembry.com\/fr\/portfolio\/dinosaurs\" aria-label=\"Dinosaures\"><i class=\"demo-icon icon-link-ext\"><\/i><\/a>\r\n\t\t\t\t<\/p>\r\n\t\t\t<\/div>\r\n\t\t<\/div><div class=\"tlp-content\">\r\n\t\t\t\t\t<div class=\"tlp-content-holder\">\r\n\t\t\t\t\t\t<h3><a href=\"https:\/\/carterembry.com\/fr\/portfolio\/dinosaurs\">Dinosaures<\/a><\/h3>\r\n\t\t\t\t\t\t\r\n\t\t\t\t\t<\/div>\r\n\t\t\t\t<\/div>\t<\/div>\r\n<\/div>\r\n<div class=\"tlp-col-md-3 tlp-col-sm-6 tlp-col-xs-12 tlp-single-item tlp-isotope-item\">\r\n\t<div class=\"tlp-portfolio-item\">\r\n\t\t\t\t\t\t\t\t\t<div class=\"tlp-portfolio-thum tlp-item\">\r\n\t\t\t<img loading=\"lazy\" decoding=\"async\" width=\"300\" height=\"300\" src=\"https:\/\/carterembry.com\/wp-content\/uploads\/2018\/01\/tumblr_ob9a8sJLxw1qcotygo6_1280-300x300.jpg\" class=\"img-responsive\" alt=\"\" \/>\r\n\t\t\t<div class=\"tlp-overlay\">\r\n\t\t\t\t<p class=\"link-icon\">\r\n\t\t\t\t\t\r\n\t\t\t\t\t<a href=\"https:\/\/carterembry.com\/fr\/portfolio\/nashville-skyline-oil\" aria-label=\"Ligne d&#039;horizon de Nashville Huile sur toile\"><i class=\"demo-icon icon-link-ext\"><\/i><\/a>\r\n\t\t\t\t<\/p>\r\n\t\t\t<\/div>\r\n\t\t<\/div><div class=\"tlp-content\">\r\n\t\t\t\t\t<div class=\"tlp-content-holder\">\r\n\t\t\t\t\t\t<h3><a href=\"https:\/\/carterembry.com\/fr\/portfolio\/nashville-skyline-oil\">Ligne d'horizon de Nashville Huile sur toile<\/a><\/h3>\r\n\t\t\t\t\t\t\r\n\t\t\t\t\t<\/div>\r\n\t\t\t\t<\/div>\t<\/div>\r\n<\/div>\r\n<div class=\"tlp-col-md-3 tlp-col-sm-6 tlp-col-xs-12 tlp-single-item tlp-isotope-item\">\r\n\t<div class=\"tlp-portfolio-item\">\r\n\t\t\t\t\t\t\t\t\t<div class=\"tlp-portfolio-thum tlp-item\">\r\n\t\t\t<img loading=\"lazy\" decoding=\"async\" width=\"300\" height=\"300\" src=\"https:\/\/carterembry.com\/wp-content\/uploads\/2018\/01\/IMG_20161017_153943-1-300x300.jpg\" class=\"img-responsive\" alt=\"\" \/>\r\n\t\t\t<div class=\"tlp-overlay\">\r\n\t\t\t\t<p class=\"link-icon\">\r\n\t\t\t\t\t\r\n\t\t\t\t\t<a href=\"https:\/\/carterembry.com\/fr\/portfolio\/a-walk-on-the-beach\" aria-label=\"Une promenade sur la plage\"><i class=\"demo-icon icon-link-ext\"><\/i><\/a>\r\n\t\t\t\t<\/p>\r\n\t\t\t<\/div>\r\n\t\t<\/div><div class=\"tlp-content\">\r\n\t\t\t\t\t<div class=\"tlp-content-holder\">\r\n\t\t\t\t\t\t<h3><a href=\"https:\/\/carterembry.com\/fr\/portfolio\/a-walk-on-the-beach\">Une promenade sur la plage<\/a><\/h3>\r\n\t\t\t\t\t\t\r\n\t\t\t\t\t<\/div>\r\n\t\t\t\t<\/div>\t<\/div>\r\n<\/div>\r\n<div class=\"tlp-col-md-3 tlp-col-sm-6 tlp-col-xs-12 tlp-single-item tlp-isotope-item\">\r\n\t<div class=\"tlp-portfolio-item\">\r\n\t\t\t\t\t\t\t\t\t<div class=\"tlp-portfolio-thum tlp-item\">\r\n\t\t\t<img loading=\"lazy\" decoding=\"async\" width=\"300\" height=\"300\" src=\"https:\/\/carterembry.com\/wp-content\/uploads\/2018\/02\/1518917949320-d71bf3a6-e01f-48a4-9484-f93d0b7222c5_-300x300.jpg\" class=\"img-responsive\" alt=\"\" \/>\r\n\t\t\t<div class=\"tlp-overlay\">\r\n\t\t\t\t<p class=\"link-icon\">\r\n\t\t\t\t\t\r\n\t\t\t\t\t<a href=\"https:\/\/carterembry.com\/fr\/portfolio\/watercolor-daffodil\" aria-label=\"Jonquille aquarelle\"><i class=\"demo-icon icon-link-ext\"><\/i><\/a>\r\n\t\t\t\t<\/p>\r\n\t\t\t<\/div>\r\n\t\t<\/div><div class=\"tlp-content\">\r\n\t\t\t\t\t<div class=\"tlp-content-holder\">\r\n\t\t\t\t\t\t<h3><a href=\"https:\/\/carterembry.com\/fr\/portfolio\/watercolor-daffodil\">Jonquille aquarelle<\/a><\/h3>\r\n\t\t\t\t\t\t\r\n\t\t\t\t\t<\/div>\r\n\t\t\t\t<\/div>\t<\/div>\r\n<\/div>\r\n<div class=\"tlp-col-md-3 tlp-col-sm-6 tlp-col-xs-12 tlp-single-item tlp-isotope-item\">\r\n\t<div class=\"tlp-portfolio-item\">\r\n\t\t\t\t\t\t\t\t\t<div class=\"tlp-portfolio-thum tlp-item\">\r\n\t\t\t<img loading=\"lazy\" decoding=\"async\" width=\"300\" height=\"300\" src=\"https:\/\/carterembry.com\/wp-content\/uploads\/2018\/02\/1519076798508-862a2ddf-f1b6-4c28-8566-bae16cbf5c72_-300x300.jpg\" class=\"img-responsive\" alt=\"\" \/>\r\n\t\t\t<div class=\"tlp-overlay\">\r\n\t\t\t\t<p class=\"link-icon\">\r\n\t\t\t\t\t\r\n\t\t\t\t\t<a href=\"https:\/\/carterembry.com\/fr\/portfolio\/naked-guy-studies\" aria-label=\"Guy nu et \u00e9tudes\"><i class=\"demo-icon icon-link-ext\"><\/i><\/a>\r\n\t\t\t\t<\/p>\r\n\t\t\t<\/div>\r\n\t\t<\/div><div class=\"tlp-content\">\r\n\t\t\t\t\t<div class=\"tlp-content-holder\">\r\n\t\t\t\t\t\t<h3><a href=\"https:\/\/carterembry.com\/fr\/portfolio\/naked-guy-studies\">Guy nu et \u00e9tudes<\/a><\/h3>\r\n\t\t\t\t\t\t\r\n\t\t\t\t\t<\/div>\r\n\t\t\t\t<\/div>\t<\/div>\r\n<\/div>\r\n<div class=\"tlp-col-md-3 tlp-col-sm-6 tlp-col-xs-12 tlp-single-item tlp-isotope-item\">\r\n\t<div class=\"tlp-portfolio-item\">\r\n\t\t\t\t\t\t\t\t\t<div class=\"tlp-portfolio-thum tlp-item\">\r\n\t\t\t<img loading=\"lazy\" decoding=\"async\" width=\"300\" height=\"300\" src=\"https:\/\/carterembry.com\/wp-content\/uploads\/2018\/01\/1516551160307-6b004534-aa4b-4b14-8ec3-3880324fcac5-300x300.jpg\" class=\"img-responsive\" alt=\"\" \/>\r\n\t\t\t<div class=\"tlp-overlay\">\r\n\t\t\t\t<p class=\"link-icon\">\r\n\t\t\t\t\t\r\n\t\t\t\t\t<a href=\"https:\/\/carterembry.com\/fr\/portfolio\/stewarts-soda-in-acrylic\" aria-label=\"&quot;Stewart&#039;s Orange &amp; Cream Soda&quot; Acrylique sur masonite\"><i class=\"demo-icon icon-link-ext\"><\/i><\/a>\r\n\t\t\t\t<\/p>\r\n\t\t\t<\/div>\r\n\t\t<\/div><div class=\"tlp-content\">\r\n\t\t\t\t\t<div class=\"tlp-content-holder\">\r\n\t\t\t\t\t\t<h3><a href=\"https:\/\/carterembry.com\/fr\/portfolio\/stewarts-soda-in-acrylic\">\"Stewart's Orange &amp; Cream Soda\" Acrylique sur masonite<\/a><\/h3>\r\n\t\t\t\t\t\t\r\n\t\t\t\t\t<\/div>\r\n\t\t\t\t<\/div>\t<\/div>\r\n<\/div>\r\n<div class=\"tlp-col-md-3 tlp-col-sm-6 tlp-col-xs-12 tlp-single-item tlp-isotope-item\">\r\n\t<div class=\"tlp-portfolio-item\">\r\n\t\t\t\t\t\t\t\t\t<div class=\"tlp-portfolio-thum tlp-item\">\r\n\t\t\t<img loading=\"lazy\" decoding=\"async\" width=\"300\" height=\"300\" src=\"https:\/\/carterembry.com\/wp-content\/uploads\/2018\/01\/1516550715839-7686d9f9-8ef2-4e9a-be80-bf5ce1753b0d_-300x300.jpg\" class=\"img-responsive\" alt=\"\" \/>\r\n\t\t\t<div class=\"tlp-overlay\">\r\n\t\t\t\t<p class=\"link-icon\">\r\n\t\t\t\t\t\r\n\t\t\t\t\t<a href=\"https:\/\/carterembry.com\/fr\/portfolio\/charcoal-3\" aria-label=\"Anthracite #3\"><i class=\"demo-icon icon-link-ext\"><\/i><\/a>\r\n\t\t\t\t<\/p>\r\n\t\t\t<\/div>\r\n\t\t<\/div><div class=\"tlp-content\">\r\n\t\t\t\t\t<div class=\"tlp-content-holder\">\r\n\t\t\t\t\t\t<h3><a href=\"https:\/\/carterembry.com\/fr\/portfolio\/charcoal-3\">Anthracite #3<\/a><\/h3>\r\n\t\t\t\t\t\t\r\n\t\t\t\t\t<\/div>\r\n\t\t\t\t<\/div>\t<\/div>\r\n<\/div>\r\n<div class=\"tlp-col-md-3 tlp-col-sm-6 tlp-col-xs-12 tlp-single-item tlp-isotope-item\">\r\n\t<div class=\"tlp-portfolio-item\">\r\n\t\t\t\t\t\t\t\t\t<div class=\"tlp-portfolio-thum tlp-item\">\r\n\t\t\t<img loading=\"lazy\" decoding=\"async\" width=\"300\" height=\"300\" src=\"https:\/\/carterembry.com\/wp-content\/uploads\/2018\/01\/1516550838021-0d320582-4f9b-40e2-923e-7a7adf7cb280-300x300.jpg\" class=\"img-responsive\" alt=\"\" \/>\r\n\t\t\t<div class=\"tlp-overlay\">\r\n\t\t\t\t<p class=\"link-icon\">\r\n\t\t\t\t\t\r\n\t\t\t\t\t<a href=\"https:\/\/carterembry.com\/fr\/portfolio\/charcoal-sphere-and-face\" aria-label=\"Sph\u00e8re de charbon de bois (et visage)\"><i class=\"demo-icon icon-link-ext\"><\/i><\/a>\r\n\t\t\t\t<\/p>\r\n\t\t\t<\/div>\r\n\t\t<\/div><div class=\"tlp-content\">\r\n\t\t\t\t\t<div class=\"tlp-content-holder\">\r\n\t\t\t\t\t\t<h3><a href=\"https:\/\/carterembry.com\/fr\/portfolio\/charcoal-sphere-and-face\">Sph\u00e8re de charbon de bois (et visage)<\/a><\/h3>\r\n\t\t\t\t\t\t\r\n\t\t\t\t\t<\/div>\r\n\t\t\t\t<\/div>\t<\/div>\r\n<\/div>\r\n<div class=\"tlp-col-md-3 tlp-col-sm-6 tlp-col-xs-12 tlp-single-item tlp-isotope-item\">\r\n\t<div class=\"tlp-portfolio-item\">\r\n\t\t\t\t\t\t\t\t\t<div class=\"tlp-portfolio-thum tlp-item\">\r\n\t\t\t<img loading=\"lazy\" decoding=\"async\" width=\"300\" height=\"300\" src=\"https:\/\/carterembry.com\/wp-content\/uploads\/2018\/01\/1516550954921-2f734be8-de2a-4c1f-adb6-d9c7d7c6a06f-300x300.jpg\" class=\"img-responsive\" alt=\"\" \/>\r\n\t\t\t<div class=\"tlp-overlay\">\r\n\t\t\t\t<p class=\"link-icon\">\r\n\t\t\t\t\t\r\n\t\t\t\t\t<a href=\"https:\/\/carterembry.com\/fr\/portfolio\/charcoal-boxes-in-a-space\" aria-label=\"Fusain - Des bo\u00eetes dans un espace\"><i class=\"demo-icon icon-link-ext\"><\/i><\/a>\r\n\t\t\t\t<\/p>\r\n\t\t\t<\/div>\r\n\t\t<\/div><div class=\"tlp-content\">\r\n\t\t\t\t\t<div class=\"tlp-content-holder\">\r\n\t\t\t\t\t\t<h3><a href=\"https:\/\/carterembry.com\/fr\/portfolio\/charcoal-boxes-in-a-space\">Fusain - Des bo\u00eetes dans un espace<\/a><\/h3>\r\n\t\t\t\t\t\t\r\n\t\t\t\t\t<\/div>\r\n\t\t\t\t<\/div>\t<\/div>\r\n<\/div>\r\n <\/div><\/div><\/div><\/div><\/div><\/div><\/div><\/div>","protected":false},"excerpt":{"rendered":"<p>Stardew Valley Portrait illustr\u00e9 Star Trek Lower Decks Illustration num\u00e9rique Double bol de pr\u00e9sentation en argile Jardini\u00e8re d'arbres en papier faite \u00e0 la main Arbres en c\u00e9ramique Mariage Quilting Welcome Home Myndi Lancer de petits bols Lancer de plus grands bols Variations Bols \u00e0 tricoter en c\u00e9ramique Dinosaures Nashville Skyline Huile sur toile Promenade sur la plage Aquarelle Jonquille Guy nu et \u00e9tudes \"Stewart's Orange &amp; [...]<\/p>","protected":false},"author":2,"featured_media":0,"parent":0,"menu_order":0,"comment_status":"closed","ping_status":"closed","template":"","meta":{"wprm-recipe-roundup-name":"","wprm-recipe-roundup-description":"","site-sidebar-layout":"default","site-content-layout":"default","ast-site-content-layout":"default","site-content-style":"default","site-sidebar-style":"default","ast-global-header-display":"","ast-banner-title-visibility":"","ast-main-header-display":"","ast-hfb-above-header-display":"","ast-hfb-below-header-display":"","ast-hfb-mobile-header-display":"","site-post-title":"","ast-breadcrumbs-content":"","ast-featured-img":"","footer-sml-layout":"","ast-disable-related-posts":"","theme-transparent-header-meta":"","adv-header-id-meta":"","stick-header-meta":"","header-above-stick-meta":"","header-main-stick-meta":"","header-below-stick-meta":"","astra-migrate-meta-layouts":"default","ast-page-background-enabled":"default","ast-page-background-meta":{"desktop":{"background-color":"var(--ast-global-color-4)","background-image":"","background-repeat":"repeat","background-position":"center center","background-size":"auto","background-attachment":"scroll","background-type":"","background-media":"","overlay-type":"","overlay-color":"","overlay-opacity":"","overlay-gradient":""},"tablet":{"background-color":"","background-image":"","background-repeat":"repeat","background-position":"center center","background-size":"auto","background-attachment":"scroll","background-type":"","background-media":"","overlay-type":"","overlay-color":"","overlay-opacity":"","overlay-gradient":""},"mobile":{"background-color":"","background-image":"","background-repeat":"repeat","background-position":"center center","background-size":"auto","background-attachment":"scroll","background-type":"","background-media":"","overlay-type":"","overlay-color":"","overlay-opacity":"","overlay-gradient":""}},"ast-content-background-meta":{"desktop":{"background-color":"var(--ast-global-color-5)","background-image":"","background-repeat":"repeat","background-position":"center center","background-size":"auto","background-attachment":"scroll","background-type":"","background-media":"","overlay-type":"","overlay-color":"","overlay-opacity":"","overlay-gradient":""},"tablet":{"background-color":"var(--ast-global-color-5)","background-image":"","background-repeat":"repeat","background-position":"center center","background-size":"auto","background-attachment":"scroll","background-type":"","background-media":"","overlay-type":"","overlay-color":"","overlay-opacity":"","overlay-gradient":""},"mobile":{"background-color":"var(--ast-global-color-5)","background-image":"","background-repeat":"repeat","background-position":"center center","background-size":"auto","background-attachment":"scroll","background-type":"","background-media":"","overlay-type":"","overlay-color":"","overlay-opacity":"","overlay-gradient":""}},"footnotes":""},"class_list":["post-10351","page","type-page","status-publish","hentry"],"_links":{"self":[{"href":"https:\/\/carterembry.com\/fr\/wp-json\/wp\/v2\/pages\/10351","targetHints":{"allow":["GET"]}}],"collection":[{"href":"https:\/\/carterembry.com\/fr\/wp-json\/wp\/v2\/pages"}],"about":[{"href":"https:\/\/carterembry.com\/fr\/wp-json\/wp\/v2\/types\/page"}],"author":[{"embeddable":true,"href":"https:\/\/carterembry.com\/fr\/wp-json\/wp\/v2\/users\/2"}],"replies":[{"embeddable":true,"href":"https:\/\/carterembry.com\/fr\/wp-json\/wp\/v2\/comments?post=10351"}],"version-history":[{"count":12,"href":"https:\/\/carterembry.com\/fr\/wp-json\/wp\/v2\/pages\/10351\/revisions"}],"predecessor-version":[{"id":14050,"href":"https:\/\/carterembry.com\/fr\/wp-json\/wp\/v2\/pages\/10351\/revisions\/14050"}],"wp:attachment":[{"href":"https:\/\/carterembry.com\/fr\/wp-json\/wp\/v2\/media?parent=10351"}],"curies":[{"name":"wp","href":"https:\/\/api.w.org\/{rel}","templated":true}]}}