{"id":35,"date":"2018-01-13T22:08:01","date_gmt":"2018-01-13T22:08:01","guid":{"rendered":"https:\/\/forester.temp.domains\/~aprosites\/?page_id=35"},"modified":"2026-01-07T09:05:14","modified_gmt":"2026-01-07T15:05:14","slug":"about","status":"publish","type":"page","link":"https:\/\/carterembry.com\/de_at\/about","title":{"rendered":"\u00dcber"},"content":{"rendered":"<div id=\"pl-35\"  class=\"panel-layout\" ><div id=\"pg-35-0\"  class=\"panel-grid panel-no-style\" ><div id=\"pgc-35-0-0\"  class=\"panel-grid-cell\" ><div id=\"panel-35-0-0-0\" class=\"so-panel widget widget_sow-features panel-first-child\" data-index=\"0\" ><div\n\t\t\t\n\t\t\tclass=\"so-widget-sow-features so-widget-sow-features-default-e737ac4e09b6-35\"\n\t\t\t\n\t\t><ul\n\tclass=\"sow-features-list\tsow-features-responsive\">\n\n\t\t\t<li\n\t\t\tclass=\"sow-features-feature sow-icon-container-position-top\"\n\t\t\tstyle=\"display: flex; flex-direction: column; width: calc(25% - 25px);\"\n\t\t>\n\t\t\t\t\t\t\t<a\n\t\t\t\t\thref=\"\/de_at\/user\/daniel\/\"\n\t\t\t\t\t\t\t\t\t\tclass=\"sow-features-feature-linked-column\"\n\t\t\t\t>\n\t\t\t\t\t<span class=\"so-sr-only\">\n\t\t\t\t\t\t\t\t\t\t\t<\/span>\n\t\t\t\t<\/a>\n\t\t\t\n\t\t\t\t\t\t<a\t\t\t\tclass=\"sow-icon-container sow-container-none\"\n\t\t\t\tstyle=\"color: #404040; \"\n\t\t\t\t\n\t\t\t\t\t\t\t\t\thref=\"\/de_at\/user\/daniel\/\"\n\t\t\t\t\t\t\t\t>\n\t\t\t\t\t\t\t\t\t\t<div class=\"sow-icon-image\" style=\"background-image: url(https:\/\/carterembry.com\/wp-content\/uploads\/2022\/02\/daniel.png); font-size: 85px\"><\/div>\n\t\t\t\t\t\t\t\t\t<\/a>\n\n\t\t\t<div class=\"textwidget\">\n\t\t\t\t\n\t\t\t\t\t\t\t\t\t<h5 class=\"sow-features-feature-title\">\n\t\t\t\t\t\tDaniel Fuhrmann\t\t\t\t\t<\/h5>\n\t\t\t\t\n\t\t\t\t\t\t\t\t\t<div class=\"sow-features-feature-text\">\n\t\t\t\t\t<p><em><small>Javascript Mentor, ehemals zertifizierter Scrum Master<sup>\u00ae<\/sup><\/small><\/em><\/p>\n\t\t\t\t\t<\/div>\n\t\t\t\t\t\t\t\t<\/div>\n\t\t\t\t\t\t\t\t<\/li>\n\n\t\t\t<li\n\t\t\tclass=\"sow-features-feature sow-icon-container-position-top\"\n\t\t\tstyle=\"display: flex; flex-direction: column; width: calc(25% - 25px);\"\n\t\t>\n\t\t\t\t\t\t\t<a\n\t\t\t\t\thref=\"\/de_at\/user\/ammi\/\"\n\t\t\t\t\t\t\t\t\t\tclass=\"sow-features-feature-linked-column\"\n\t\t\t\t>\n\t\t\t\t\t<span class=\"so-sr-only\">\n\t\t\t\t\t\t\t\t\t\t\t<\/span>\n\t\t\t\t<\/a>\n\t\t\t\n\t\t\t\t\t\t<a\t\t\t\tclass=\"sow-icon-container sow-container-none\"\n\t\t\t\tstyle=\"color: #404040; \"\n\t\t\t\t\n\t\t\t\t\t\t\t\t\thref=\"\/de_at\/user\/ammi\/\"\n\t\t\t\t\t\t\t\t>\n\t\t\t\t\t\t\t\t\t\t<div class=\"sow-icon-image\" style=\"background-image: url(https:\/\/carterembry.com\/wp-content\/uploads\/2022\/02\/ammi.png); font-size: 85px\"><\/div>\n\t\t\t\t\t\t\t\t\t<\/a>\n\n\t\t\t<div class=\"textwidget\">\n\t\t\t\t\n\t\t\t\t\t\t\t\t\t<h5 class=\"sow-features-feature-title\">\n\t\t\t\t\t\tAmmi Embry\t\t\t\t\t<\/h5>\n\t\t\t\t\n\t\t\t\t\t\t\t\t\t<div class=\"sow-features-feature-text\">\n\t\t\t\t\t<em><small>Gr\u00fcnder, Berater, Innovator<\/small><\/em>\t\t\t\t\t<\/div>\n\t\t\t\t\t\t\t\t<\/div>\n\t\t\t\t\t\t\t\t<\/li>\n\n\t\t\t<li\n\t\t\tclass=\"sow-features-feature sow-icon-container-position-top\"\n\t\t\tstyle=\"display: flex; flex-direction: column; width: calc(25% - 25px);\"\n\t\t>\n\t\t\t\t\t\t\t<a\n\t\t\t\t\thref=\"\/de_at\/user\/magnus\/\"\n\t\t\t\t\t\t\t\t\t\tclass=\"sow-features-feature-linked-column\"\n\t\t\t\t>\n\t\t\t\t\t<span class=\"so-sr-only\">\n\t\t\t\t\t\t\t\t\t\t\t<\/span>\n\t\t\t\t<\/a>\n\t\t\t\n\t\t\t\t\t\t<a\t\t\t\tclass=\"sow-icon-container sow-container-none\"\n\t\t\t\tstyle=\"color: #404040; \"\n\t\t\t\t\n\t\t\t\t\t\t\t\t\thref=\"\/de_at\/user\/magnus\/\"\n\t\t\t\t\t\t\t\t>\n\t\t\t\t\t\t\t\t\t\t<div class=\"sow-icon-image\" style=\"background-image: url(https:\/\/carterembry.com\/wp-content\/uploads\/2022\/02\/magnus.png); font-size: 85px\"><\/div>\n\t\t\t\t\t\t\t\t\t<\/a>\n\n\t\t\t<div class=\"textwidget\">\n\t\t\t\t\n\t\t\t\t\t\t\t\t\t<h5 class=\"sow-features-feature-title\">\n\t\t\t\t\t\tMagnus McFlufington\t\t\t\t\t<\/h5>\n\t\t\t\t\n\t\t\t\t\t\t\t\t\t<div class=\"sow-features-feature-text\">\n\t\t\t\t\t<em><small>Pupper, Herr<\/small><\/em>\t\t\t\t\t<\/div>\n\t\t\t\t\t\t\t\t<\/div>\n\t\t\t\t\t\t\t\t<\/li>\n\n\t\t\t<li\n\t\t\tclass=\"sow-features-feature sow-icon-container-position-top\"\n\t\t\tstyle=\"display: flex; flex-direction: column; width: calc(25% - 25px);\"\n\t\t>\n\t\t\t\t\t\t\t<a\n\t\t\t\t\thref=\"\/de_at\/user\/cirrus\/\"\n\t\t\t\t\t\t\t\t\t\tclass=\"sow-features-feature-linked-column\"\n\t\t\t\t>\n\t\t\t\t\t<span class=\"so-sr-only\">\n\t\t\t\t\t\t\t\t\t\t\t<\/span>\n\t\t\t\t<\/a>\n\t\t\t\n\t\t\t\t\t\t<a\t\t\t\tclass=\"sow-icon-container sow-container-none\"\n\t\t\t\tstyle=\"color: #404040; \"\n\t\t\t\t\n\t\t\t\t\t\t\t\t\thref=\"\/de_at\/user\/cirrus\/\"\n\t\t\t\t\t\t\t\t>\n\t\t\t\t\t\t\t\t\t\t<div class=\"sow-icon-image\" style=\"background-image: url(https:\/\/carterembry.com\/wp-content\/uploads\/2022\/02\/cirrus.png); font-size: 85px\"><\/div>\n\t\t\t\t\t\t\t\t\t<\/a>\n\n\t\t\t<div class=\"textwidget\">\n\t\t\t\t\n\t\t\t\t\t\t\t\t\t<h5 class=\"sow-features-feature-title\">\n\t\t\t\t\t\tZirrus McFlufington\t\t\t\t\t<\/h5>\n\t\t\t\t\n\t\t\t\t\t\t\t\t\t<div class=\"sow-features-feature-text\">\n\t\t\t\t\t<p><em><small>Little Bit, der Kleinste<\/small><\/em><\/p>\n\t\t\t\t\t<\/div>\n\t\t\t\t\t\t\t\t<\/div>\n\t\t\t\t\t\t\t\t<\/li>\n\n\t<\/ul>\n<\/div><\/div><div id=\"panel-35-0-0-1\" class=\"so-panel widget widget_siteorigin-panels-builder panel-last-child\" data-index=\"1\" ><div id=\"pl-w64a416cbc7162\"  class=\"panel-layout\" ><div id=\"pg-w64a416cbc7162-0\"  class=\"panel-grid panel-no-style\" ><div id=\"pgc-w64a416cbc7162-0-0\"  class=\"panel-grid-cell\" ><div id=\"panel-w64a416cbc7162-0-0-0\" class=\"so-panel widget widget_sow-button panel-first-child panel-last-child\" data-index=\"0\" ><div\n\t\t\t\n\t\t\tclass=\"so-widget-sow-button so-widget-sow-button-flat-4ceac46c5c07\"\n\t\t\t\n\t\t><div class=\"ow-button-base ow-button-align-center\"\n>\n\t\t\t<a\n\t\t\t\t\thref=\"https:\/\/carterembry.com\/de_at\/d-links\"\n\t\t\t\t\tclass=\"sowb-button ow-icon-placement-left ow-button-hover\" \t>\n\t\t<span>\n\t\t\t\n\t\t\tDaniel's Links\t\t<\/span>\n\t\t\t<\/a>\n\t<\/div>\n<\/div><\/div><\/div><div id=\"pgc-w64a416cbc7162-0-1\"  class=\"panel-grid-cell\" ><div id=\"panel-w64a416cbc7162-0-1-0\" class=\"so-panel widget widget_sow-button panel-first-child panel-last-child\" data-index=\"1\" ><div\n\t\t\t\n\t\t\tclass=\"so-widget-sow-button so-widget-sow-button-flat-4ceac46c5c07\"\n\t\t\t\n\t\t><div class=\"ow-button-base ow-button-align-center\"\n>\n\t\t\t<a\n\t\t\t\t\thref=\"https:\/\/carterembry.com\/de_at\/a-links\"\n\t\t\t\t\tclass=\"sowb-button ow-icon-placement-left ow-button-hover\" \t>\n\t\t<span>\n\t\t\t\n\t\t\tAmmi's Links\t\t<\/span>\n\t\t\t<\/a>\n\t<\/div>\n<\/div><\/div><\/div><div id=\"pgc-w64a416cbc7162-0-2\"  class=\"panel-grid-cell\" ><div id=\"panel-w64a416cbc7162-0-2-0\" class=\"so-panel widget widget_sow-button panel-first-child panel-last-child\" data-index=\"2\" ><div\n\t\t\t\n\t\t\tclass=\"so-widget-sow-button so-widget-sow-button-flat-4ceac46c5c07\"\n\t\t\t\n\t\t><div class=\"ow-button-base ow-button-align-center\"\n>\n\t\t\t<a\n\t\t\t\t\thref=\"https:\/\/carterembry.com\/de_at\/m-links\"\n\t\t\t\t\tclass=\"sowb-button ow-icon-placement-left ow-button-hover\" \t>\n\t\t<span>\n\t\t\t\n\t\t\tMcFluff Links\t\t<\/span>\n\t\t\t<\/a>\n\t<\/div>\n<\/div><\/div><\/div><\/div><\/div><\/div><\/div><\/div><div id=\"pg-35-1\"  class=\"panel-grid panel-no-style\" ><div id=\"pgc-35-1-0\"  class=\"panel-grid-cell\" ><div id=\"panel-35-1-0-0\" class=\"so-panel widget widget_sow-headline panel-first-child\" data-index=\"2\" ><div\n\t\t\t\n\t\t\tclass=\"so-widget-sow-headline so-widget-sow-headline-default-1f3830fe9f70-35\"\n\t\t\t\n\t\t><div class=\"sow-headline-container\">\n\t\t\t\t\t\t\t<h3 class=\"sow-headline\">\n\t\t\t\t\t\tUnsere j\u00fcngsten sozialen Medien\t\t\t\t\t\t<\/h3>\n\t\t\t\t\t\t\t\t\t\t\t\t<h5 class=\"sow-sub-headline\">\n\t\t\t\t\t\tFinde uns in Federated Spaces: PixelFed, BlueSky, &amp; Mastodon \t\t\t\t\t\t<\/h5>\n\t\t\t\t\t\t\t\t\t\t\t<div class=\"decoration\">\n\t\t\t\t\t\t<div class=\"decoration-inside\"><\/div>\n\t\t\t\t\t<\/div>\n\t\t\t\t\t<\/div>\n<\/div><\/div><div id=\"panel-35-1-0-1\" class=\"so-panel widget widget_super_rss_reader panel-last-child\" data-index=\"3\" ><!-- Start - Super RSS Reader v5.4-->\r\n        <div class=\"super-rss-reader-widget\"><div class=\"srr-main\"><ul class=\"srr-tab-wrap srr-tab-style-grey srr-clearfix\"><li data-tab=\"srr-tab-891\">Ammi | Pixelfed<\/li><li data-tab=\"srr-tab-615\">Daniel | Pixelfed<\/li><li data-tab=\"srr-tab-346\">Ammi | Bluesky<\/li><li data-tab=\"srr-tab-163\">Ammi | Mastodon<\/li><li data-tab=\"srr-tab-899\">Daniel | Mastodon<\/li><\/ul><div class=\"srr-wrap srr-style-grey\" data-visible=\"5\" data-speed=\"4000\" data-id=\"srr-tab-891\" ><div class=\"srr-inner\"><div class=\"srr-item\"><div class=\"srr-item-in srr-clearfix\"><div class=\"srr-meta\"><time class=\"srr-date\" title=\"20 March 2026, 7:50 pm UTC\">Vor 3 Wochen<\/time><\/div><a href=\"https:\/\/pixelfed.social\/p\/ammijembry\/940696161451996590\" class=\"srr-thumb srr-thumb-cover\" style=\"width:100%;height:100%;\"  target=\"_blank\" rel=\"nofollow noopener noreferrer\"><img decoding=\"async\" src=\"https:\/\/pxscdn.com\/public\/m\/_v2\/783331531393983859\/a1431798c-70628a\/LOfjN7RnDUzz\/DJKGcbAA5Kg5AnC3K6GAXhX0mjRLxPC3nEYo7EFk.jpg\" alt=\"New glasses day.\" align=\"left\" loading=\"lazy\" \/><\/a><div class=\"srr-summary srr-clearfix\"><p>New glasses day. <a href=\"https:\/\/pixelfed.social\/p\/ammijembry\/940696161451996590\" title=\"Mehr lesen\" target=\"_blank\" rel=\"nofollow noopener noreferrer\" class=\"srr-read-more\">Ansicht Original<\/a><\/p><\/div><\/div><\/div><div class=\"srr-item srr-stripe\"><div class=\"srr-item-in srr-clearfix\"><div class=\"srr-meta\"><time class=\"srr-date\" title=\"23 February 2026, 11:51 pm UTC\">vor 1 Monat<\/time><\/div><a href=\"https:\/\/pixelfed.social\/p\/ammijembry\/931696980833442338\" class=\"srr-thumb srr-thumb-cover\" style=\"width:100%;height:100%;\"  target=\"_blank\" rel=\"nofollow noopener noreferrer\"><img decoding=\"async\" src=\"https:\/\/pxscdn.com\/public\/m\/_v2\/783331531393983859\/fbedcc803-0ec729\/91Bd4AdjPciw\/bUboSuJvpeOQCT6C2Axio1guuFCt97ag5UKSyJQe.jpg\" alt=\"Our street hasn&#039;t been plowed yet, but at least our driveway and sidewalk are clear. It&#039;s our first blizzard and so far it&#039;s just a lot of work.  #ProvidenceRI #RhodeIsland #Blizzard2026 #Snow\" align=\"left\" loading=\"lazy\" \/><\/a><div class=\"srr-summary srr-clearfix\"><p>Our street hasn&#039;t been plowed yet, but at least our driveway and sidewalk are clear.   It&#039;s our first blizzard and so far it&#039;s just a lot of work.    #ProvidenceRI #RhodeIsland #Blizzard2026 #Snow <a href=\"https:\/\/pixelfed.social\/p\/ammijembry\/931696980833442338\" title=\"Mehr lesen\" target=\"_blank\" rel=\"nofollow noopener noreferrer\" class=\"srr-read-more\">Ansicht Original<\/a><\/p><\/div><\/div><\/div><div class=\"srr-item\"><div class=\"srr-item-in srr-clearfix\"><div class=\"srr-meta\"><time class=\"srr-date\" title=\"25 December 2025, 2:30 pm UTC\">vor 3 Monaten<\/time><\/div><a href=\"https:\/\/pixelfed.social\/p\/ammijembry\/909812533876078842\" class=\"srr-thumb srr-thumb-cover\" style=\"width:100%;height:100%;\"  target=\"_blank\" rel=\"nofollow noopener noreferrer\"><img decoding=\"async\" src=\"https:\/\/pxscdn.com\/public\/m\/_v2\/783331531393983859\/c19ce1b25-2f8843\/BOu9R5g9nUxh\/EtTgaZFbVIVMzoiiVQ8DFMY1tb9Vfk4gS60IeE55.jpg\" alt=\"We&#039;re wishing all of our friends &amp; family a happy and healthy holiday season and upcoming year. We&#039;re excited for all the adventures 2026 has in store for us.  #adventureDogs #wanderPups #CirrusMcFluffington #MagnusMcFluffington #McFluffs #holidayWishes\" align=\"left\" loading=\"lazy\" \/><\/a><div class=\"srr-summary srr-clearfix\"><p>We&#039;re wishing all of our friends &amp; family a happy and healthy holiday season and upcoming year. We&#039;re excited for all the adventures 2026 has in store for us.    #adventureDogs #wanderPups #CirrusMcFluffington #MagnusMcFluffington #McFluffs #holidayWishes <a href=\"https:\/\/pixelfed.social\/p\/ammijembry\/909812533876078842\" title=\"Mehr lesen\" target=\"_blank\" rel=\"nofollow noopener noreferrer\" class=\"srr-read-more\">Ansicht Original<\/a><\/p><\/div><\/div><\/div><\/div><\/div><div class=\"srr-wrap srr-style-grey\" data-visible=\"5\" data-speed=\"4000\" data-id=\"srr-tab-615\" ><div class=\"srr-inner\"><div class=\"srr-item\"><div class=\"srr-item-in srr-clearfix\"><div class=\"srr-meta\"><time class=\"srr-date\" title=\"2. M\u00e4rz 2025, 13:00 Uhr UTC\">Vor 1 Jahr<\/time><\/div><a href=\"https:\/\/pixelfed.social\/p\/slobaum\/801798401533315224\" class=\"srr-thumb srr-thumb-cover\" style=\"width:100%;height:100%;\"  target=\"_blank\" rel=\"nofollow noopener noreferrer\"><img decoding=\"async\" src=\"https:\/\/pxscdn.com\/public\/m\/_v2\/783337728297759683\/549719332-a3f277\/BZixTSSV6JKx\/5vd9fwf7QuKxth9gXZ2rQ1vWukBjwiIT5To4iTHI.jpg\" alt=\"Duff! Aber er ist alkoholfrei und voller Vitamin B. Er schmeckt so, als w\u00fcrde man Tang in einen Pipi-Drink geben.#duff #simpsons #tang\" align=\"left\" loading=\"lazy\" \/><\/a><div class=\"srr-summary srr-clearfix\"><p>Duff! Aber er ist alkoholfrei und voller Vitamin B. Er schmeckt so, als w\u00fcrde man Tang in einen Pipi-Drink geben.  #duff #simpsons #tang <a href=\"https:\/\/pixelfed.social\/p\/slobaum\/801798401533315224\" title=\"Mehr lesen\" target=\"_blank\" rel=\"nofollow noopener noreferrer\" class=\"srr-read-more\">Ansicht Original<\/a><\/p><\/div><\/div><\/div><div class=\"srr-item srr-stripe\"><div class=\"srr-item-in srr-clearfix\"><div class=\"srr-meta\"><time class=\"srr-date\" title=\"13. Januar 2025, 1:27 Uhr UTC\">Vor 1 Jahr<\/time><\/div><a href=\"https:\/\/pixelfed.social\/p\/slobaum\/784229244280678051\" class=\"srr-thumb srr-thumb-cover\" style=\"width:100%;height:100%;\"  target=\"_blank\" rel=\"nofollow noopener noreferrer\"><img decoding=\"async\" src=\"https:\/\/pxscdn.com\/public\/m\/_v2\/783337728297759683\/634f2a4e4-291f24\/YHocggZzhldN\/sNcgGkcBzyzh4R0RukkgRTA33qvR9r85BJFELBYh.jpg\" alt=\"kalt\" align=\"left\" loading=\"lazy\" \/><\/a><div class=\"srr-summary srr-clearfix\"><p>kalt <a href=\"https:\/\/pixelfed.social\/p\/slobaum\/784229244280678051\" title=\"Mehr lesen\" target=\"_blank\" rel=\"nofollow noopener noreferrer\" class=\"srr-read-more\">Ansicht Original<\/a><\/p><\/div><\/div><\/div><div class=\"srr-item\"><div class=\"srr-item-in srr-clearfix\"><div class=\"srr-meta\"><time class=\"srr-date\" title=\"10. Januar 2025, 2:38 pm UTC\">Vor 1 Jahr<\/time><\/div><a href=\"https:\/\/pixelfed.social\/p\/slobaum\/783341337150499950\" class=\"srr-thumb srr-thumb-cover\" style=\"width:100%;height:100%;\"  target=\"_blank\" rel=\"nofollow noopener noreferrer\"><img decoding=\"async\" src=\"https:\/\/pxscdn.com\/public\/m\/_v2\/783337728297759683\/634f2a4e4-291f24\/2UTtLhQnC5Fi\/L5pmRnfimdtaFyHKzAS61Svgpg9EBbG707ZS5vMb.jpg\" alt=\"wir spielen Minecraft schon seit vielen Jahren zusammen. die mobile portierung ist gro\u00dfartig (vor allem, wenn du einen controller wie den Kishi oder Backbone hast). es macht es so viel einfacher als in den vergangenen Jahren. es ist viel weniger wie eine old school lan-party\" align=\"left\" loading=\"lazy\" \/><\/a><div class=\"srr-summary srr-clearfix\"><p>wir spielen Minecraft schon seit vielen Jahren zusammen. die mobile portierung ist gro\u00dfartig (vor allem, wenn du einen controller wie den Kishi oder Backbone hast). es macht es so viel einfacher als in den vergangenen Jahren. es ist viel weniger wie eine old school lan-party <a href=\"https:\/\/pixelfed.social\/p\/slobaum\/783341337150499950\" title=\"Mehr lesen\" target=\"_blank\" rel=\"nofollow noopener noreferrer\" class=\"srr-read-more\">Ansicht Original<\/a><\/p><\/div><\/div><\/div><\/div><\/div><div class=\"srr-wrap srr-style-grey\" data-visible=\"5\" data-speed=\"4000\" data-id=\"srr-tab-346\" ><div class=\"srr-inner\"><div class=\"srr-item\"><div class=\"srr-item-in srr-clearfix\"><div class=\"srr-meta\"><time class=\"srr-date\" title=\"1 April 2026, 8:01 pm UTC\">6 Tagen ago<\/time><\/div><div class=\"srr-summary srr-clearfix\"><p>Resharing this for the afternoon crowd. If you can donate, Stephen is wonderful and deserves better than life is giving him. If you can&#039;t give, please share. He&#039;s close to his goal, but any over will go to help with other bills. Thanks for sharing and\/or helping.  [contains quote post or other embedded content] <a href=\"https:\/\/bsky.app\/profile\/ammi.me\/post\/3mihib7vszc2c\" title=\"Mehr lesen\" target=\"_blank\" rel=\"nofollow noopener noreferrer\" class=\"srr-read-more\">Ansicht Original<\/a><\/p><\/div><\/div><\/div><div class=\"srr-item srr-stripe\"><div class=\"srr-item-in srr-clearfix\"><div class=\"srr-meta\"><time class=\"srr-date\" title=\"1 April 2026, 1:35 pm UTC\">7 Tagen ago<\/time><\/div><div class=\"srr-summary srr-clearfix\"><p>My good friend Stephen was laid off last year, right after his wife had surgery. They are struggling and need help. I know it&#039;s hard for everyone right now, but Stephen is a helper and he needs help. #mutualaid #gofundme  gofund.me\/b9a944b31 <a href=\"https:\/\/bsky.app\/profile\/ammi.me\/post\/3migsogbw3b26\" title=\"Mehr lesen\" target=\"_blank\" rel=\"nofollow noopener noreferrer\" class=\"srr-read-more\">Ansicht Original<\/a><\/p><\/div><\/div><\/div><div class=\"srr-item\"><div class=\"srr-item-in srr-clearfix\"><div class=\"srr-meta\"><time class=\"srr-date\" title=\"1 April 2026, 1:34 pm UTC\">7 Tagen ago<\/time><\/div><div class=\"srr-summary srr-clearfix\"><p>My good friend Stephen was laid off last year, right after his wife had surgery. They are struggling and need help. I know it&#039;s hard for everyone right now, but Stephen is a helper and he needs help. #mutualaid #gofundme  gofund.me\/b9a944b31 <a href=\"https:\/\/bsky.app\/profile\/ammi.me\/post\/3migsmrpm3r26\" title=\"Mehr lesen\" target=\"_blank\" rel=\"nofollow noopener noreferrer\" class=\"srr-read-more\">Ansicht Original<\/a><\/p><\/div><\/div><\/div><\/div><\/div><div class=\"srr-wrap srr-style-grey\" data-visible=\"5\" data-speed=\"4000\" data-id=\"srr-tab-163\" ><div class=\"srr-inner\"><div class=\"srr-item\"><div class=\"srr-item-in srr-clearfix\"><div class=\"srr-meta\"><time class=\"srr-date\" title=\"1 April 2026, 1:35 pm UTC\">7 Tagen ago<\/time><\/div><div class=\"srr-summary srr-clearfix\"><p>My good friend Stephen was laid off last year, right after his wife had surgery. They are struggling and need help. I know it&#039;s hard for everyone right now, but Stephen is a helper and he needs help. #mutualaid #gofundme https:\/\/gofund.me\/b9a944b31 <a href=\"https:\/\/dcae.fyi\/@ammi\/116329712061806693\" title=\"Mehr lesen\" target=\"_blank\" rel=\"nofollow noopener noreferrer\" class=\"srr-read-more\">Ansicht Original<\/a><\/p><\/div><\/div><\/div><div class=\"srr-item srr-stripe\"><div class=\"srr-item-in srr-clearfix\"><div class=\"srr-meta\"><time class=\"srr-date\" title=\"1 April 2026, 1:34 pm UTC\">7 Tagen ago<\/time><\/div><div class=\"srr-summary srr-clearfix\"><p>My good friend Stephen was laid off last year, right after his wife had surgery. They are struggling and need help. I know it&#039;s hard for everyone right now, but Stephen is a helper and he needs help. #mutualaid #gofundme https:\/\/gofund.me\/b9a944b31 <a href=\"https:\/\/dcae.fyi\/@ammi\/116329707470838841\" title=\"Mehr lesen\" target=\"_blank\" rel=\"nofollow noopener noreferrer\" class=\"srr-read-more\">Ansicht Original<\/a><\/p><\/div><\/div><\/div><div class=\"srr-item\"><div class=\"srr-item-in srr-clearfix\"><div class=\"srr-meta\"><time class=\"srr-date\" title=\"26 March 2026, 11:08 am UTC\">Vor 2 Wochen<\/time><\/div><div class=\"srr-summary srr-clearfix\"><p>So if you have a colonoscopy and an endoscopy at the same time, do the cameras meet in the middle? \ud83c\udfa5\ud83d\udcf9(Related to my plans for the day). <a href=\"https:\/\/dcae.fyi\/@ammi\/116295158617620829\" title=\"Mehr lesen\" target=\"_blank\" rel=\"nofollow noopener noreferrer\" class=\"srr-read-more\">Ansicht Original<\/a><\/p><\/div><\/div><\/div><\/div><\/div><div class=\"srr-wrap srr-style-grey\" data-visible=\"5\" data-speed=\"4000\" data-id=\"srr-tab-899\" ><div class=\"srr-inner\"><div class=\"srr-item\"><div class=\"srr-item-in srr-clearfix\"><div class=\"srr-meta\"><time class=\"srr-date\" title=\"20. Oktober 2023, 2:14 pm UTC\">Vor 2 Jahren<\/time><\/div><div class=\"srr-summary srr-clearfix\"><p>Funktionstests (wie Selenium oder Cypress) sind Qualit\u00e4tswerkzeuge, keine technischen Werkzeuge. Unit-Tests und Integrationstests sind technische Hilfsmittel. Die Pflege von Funktionstests ist ein Vollzeitjob und wird ohne st\u00e4ndige Aufmerksamkeit scheitern. <a href=\"https:\/\/dcae.fyi\/@dc\/111267758970870412\" title=\"Mehr lesen\" target=\"_blank\" rel=\"nofollow noopener noreferrer\" class=\"srr-read-more\">Ansicht Original<\/a><\/p><\/div><\/div><\/div><div class=\"srr-item srr-stripe\"><div class=\"srr-item-in srr-clearfix\"><div class=\"srr-meta\"><time class=\"srr-date\" title=\"23. November 2022, 11:10 Uhr UTC\">Vor 3 Jahren<\/time><\/div><div class=\"srr-summary srr-clearfix\"><p>Ich habe heute auf Reddit zu viele Erw\u00e4hnungen von Russland \"organisch\" gesehen. In einem Beitrag \u00fcber ein Tetris-Remake wurde es erw\u00e4hnt. Tetris wurde von einem in Russland geborenen US-Ingenieur entwickelt. Er ist jetzt ein US-Ingenieur. Ich habe vorhin einen \"russischen\" Kletterer auf einer Br\u00fccke gesehen. Der Beitrag w\u00e4re nicht anders ausgefallen, wenn ich die Nationalit\u00e4t des Kletterers nicht gewusst h\u00e4tte. Im Moment gibt es eine Menge leicht positiver Stimmungen gegen\u00fcber Russland. Das ist nie der Sinn des Beitrags, sondern nur ein bedeutungsloses Detail, mit dem sie sich in deine Psyche einnisten k\u00f6nnen. <a href=\"https:\/\/dcae.fyi\/@dc\/109395641002077081\" title=\"Mehr lesen\" target=\"_blank\" rel=\"nofollow noopener noreferrer\" class=\"srr-read-more\">Ansicht Original<\/a><\/p><\/div><\/div><\/div><div class=\"srr-item\"><div class=\"srr-item-in srr-clearfix\"><div class=\"srr-meta\"><time class=\"srr-date\" title=\"21. November 2022, 2:04 pm UTC\">Vor 3 Jahren<\/time><\/div><div class=\"srr-summary srr-clearfix\"><p>Ich werde damit etwas Cooles n\u00e4hen. Wenn ich jetzt nur eine Idee h\u00e4tte. Und Zeit.https:\/\/www.si.edu\/openaccess <a href=\"https:\/\/dcae.fyi\/@dc\/109382169065010092\" title=\"Mehr lesen\" target=\"_blank\" rel=\"nofollow noopener noreferrer\" class=\"srr-read-more\">Ansicht Original<\/a><\/p><\/div><\/div><\/div><\/div><\/div><\/div><\/div><!-- End - Super RSS Reader --><\/div><\/div><\/div><\/div>","protected":false},"excerpt":{"rendered":"<p>Daniel Carter Javascript Mentor, formerly certified Scrum Master\u00ae Ammi Embry Founder, Advisor, Innovator Magnus McFlufington Pupper, Sir Cirrus McFlufington Little Bit, The Littlest Daniel&#8217;s Links Ammi&#8217;s Links McFluff Links Our Recent Social Media Find Us in Federated Spaces: PixelFed, BlueSky, &amp; Mastodon Ammi | PixelfedDaniel | PixelfedAmmi | BlueskyAmmi | MastodonDaniel | Mastodon3 Wochen agoNew [&hellip;]<\/p>","protected":false},"author":2,"featured_media":17862,"parent":0,"menu_order":0,"comment_status":"closed","ping_status":"closed","template":"","meta":{"wprm-recipe-roundup-name":"","wprm-recipe-roundup-description":"","site-sidebar-layout":"default","site-content-layout":"default","ast-site-content-layout":"default","site-content-style":"default","site-sidebar-style":"default","ast-global-header-display":"","ast-banner-title-visibility":"","ast-main-header-display":"","ast-hfb-above-header-display":"","ast-hfb-below-header-display":"","ast-hfb-mobile-header-display":"","site-post-title":"","ast-breadcrumbs-content":"","ast-featured-img":"","footer-sml-layout":"","ast-disable-related-posts":"","theme-transparent-header-meta":"default","adv-header-id-meta":"","stick-header-meta":"default","header-above-stick-meta":"","header-main-stick-meta":"","header-below-stick-meta":"","astra-migrate-meta-layouts":"set","ast-page-background-enabled":"default","ast-page-background-meta":{"desktop":{"background-color":"var(--ast-global-color-4)","background-image":"","background-repeat":"repeat","background-position":"center center","background-size":"auto","background-attachment":"scroll","background-type":"","background-media":"","overlay-type":"","overlay-color":"","overlay-opacity":"","overlay-gradient":""},"tablet":{"background-color":"","background-image":"","background-repeat":"repeat","background-position":"center center","background-size":"auto","background-attachment":"scroll","background-type":"","background-media":"","overlay-type":"","overlay-color":"","overlay-opacity":"","overlay-gradient":""},"mobile":{"background-color":"","background-image":"","background-repeat":"repeat","background-position":"center center","background-size":"auto","background-attachment":"scroll","background-type":"","background-media":"","overlay-type":"","overlay-color":"","overlay-opacity":"","overlay-gradient":""}},"ast-content-background-meta":{"desktop":{"background-color":"var(--ast-global-color-5)","background-image":"","background-repeat":"repeat","background-position":"center center","background-size":"auto","background-attachment":"scroll","background-type":"","background-media":"","overlay-type":"","overlay-color":"","overlay-opacity":"","overlay-gradient":""},"tablet":{"background-color":"var(--ast-global-color-5)","background-image":"","background-repeat":"repeat","background-position":"center center","background-size":"auto","background-attachment":"scroll","background-type":"","background-media":"","overlay-type":"","overlay-color":"","overlay-opacity":"","overlay-gradient":""},"mobile":{"background-color":"var(--ast-global-color-5)","background-image":"","background-repeat":"repeat","background-position":"center center","background-size":"auto","background-attachment":"scroll","background-type":"","background-media":"","overlay-type":"","overlay-color":"","overlay-opacity":"","overlay-gradient":""}},"footnotes":""},"class_list":["post-35","page","type-page","status-publish","has-post-thumbnail","hentry"],"_links":{"self":[{"href":"https:\/\/carterembry.com\/de_at\/wp-json\/wp\/v2\/pages\/35","targetHints":{"allow":["GET"]}}],"collection":[{"href":"https:\/\/carterembry.com\/de_at\/wp-json\/wp\/v2\/pages"}],"about":[{"href":"https:\/\/carterembry.com\/de_at\/wp-json\/wp\/v2\/types\/page"}],"author":[{"embeddable":true,"href":"https:\/\/carterembry.com\/de_at\/wp-json\/wp\/v2\/users\/2"}],"replies":[{"embeddable":true,"href":"https:\/\/carterembry.com\/de_at\/wp-json\/wp\/v2\/comments?post=35"}],"version-history":[{"count":10,"href":"https:\/\/carterembry.com\/de_at\/wp-json\/wp\/v2\/pages\/35\/revisions"}],"predecessor-version":[{"id":21518,"href":"https:\/\/carterembry.com\/de_at\/wp-json\/wp\/v2\/pages\/35\/revisions\/21518"}],"wp:featuredmedia":[{"embeddable":true,"href":"https:\/\/carterembry.com\/de_at\/wp-json\/wp\/v2\/media\/17862"}],"wp:attachment":[{"href":"https:\/\/carterembry.com\/de_at\/wp-json\/wp\/v2\/media?parent=35"}],"curies":[{"name":"wp","href":"https:\/\/api.w.org\/{rel}","templated":true}]}}