{"id":10351,"date":"2018-08-17T10:22:51","date_gmt":"2018-08-17T15:22:51","guid":{"rendered":"http:\/\/carterembry.com\/\/?page_id=10351"},"modified":"2022-02-19T19:42:23","modified_gmt":"2022-02-20T01:42:23","slug":"our-art","status":"publish","type":"page","link":"https:\/\/carterembry.com\/de\/our-art","title":{"rendered":"Unsere Kunst"},"content":{"rendered":"<div id=\"pl-10351\"  class=\"panel-layout\" ><div id=\"pg-10351-0\"  class=\"panel-grid panel-no-style\" ><div id=\"pgc-10351-0-0\"  class=\"panel-grid-cell\" ><div id=\"panel-10351-0-0-0\" class=\"widget_text so-panel widget widget_custom_html panel-first-child panel-last-child\" data-index=\"0\" ><div class=\"textwidget custom-html-widget\"><div class=\"rt-container-fluid tlp-portfolio tlp-portfolio-container is-isotope\" id=\"tlp-portfolio-container-14046\" data-layout=\"isotope1\"><div class=\"rt-row isotope1\" data-title='Loading ...'><div class=\"tlp-portfolio-isotope\"><div class=\"tlp-col-md-3 tlp-col-sm-6 tlp-col-xs-12 tlp-single-item tlp-isotope-item\">\r\n\t<div class=\"tlp-portfolio-item\">\r\n\t\t\t\t\t\t\t\t\t<div class=\"tlp-portfolio-thum tlp-item\">\r\n\t\t\t<img loading=\"lazy\" decoding=\"async\" width=\"500\" height=\"500\" src=\"https:\/\/carterembry.com\/wp-content\/uploads\/2023\/08\/stardew-website-header-1-e1692873842884-500x500.png\" class=\"img-responsive\" alt=\"\" \/>\r\n\t\t\t<div class=\"tlp-overlay\">\r\n\t\t\t\t<p class=\"link-icon\">\r\n\t\t\t\t\t\r\n\t\t\t\t\t<a href=\"https:\/\/carterembry.com\/de\/portfolio\/stardew-valley-illustrated-portrait\" aria-label=\"Stardew Valley Illustriertes Portr\u00e4t\"><i class=\"demo-icon icon-link-ext\"><\/i><\/a>\r\n\t\t\t\t<\/p>\r\n\t\t\t<\/div>\r\n\t\t<\/div><div class=\"tlp-content\">\r\n\t\t\t\t\t<div class=\"tlp-content-holder\">\r\n\t\t\t\t\t\t<h3><a href=\"https:\/\/carterembry.com\/de\/portfolio\/stardew-valley-illustrated-portrait\">Stardew Valley Illustriertes Portr\u00e4t<\/a><\/h3>\r\n\t\t\t\t\t\t\r\n\t\t\t\t\t<\/div>\r\n\t\t\t\t<\/div>\t<\/div>\r\n<\/div>\r\n<div class=\"tlp-col-md-3 tlp-col-sm-6 tlp-col-xs-12 tlp-single-item tlp-isotope-item\">\r\n\t<div class=\"tlp-portfolio-item\">\r\n\t\t\t\t\t\t\t\t\t<div class=\"tlp-portfolio-thum tlp-item\">\r\n\t\t\t<img loading=\"lazy\" decoding=\"async\" width=\"500\" height=\"500\" src=\"https:\/\/carterembry.com\/wp-content\/uploads\/2024\/08\/lower_decks_with-pups_web-500x500.png\" class=\"img-responsive\" alt=\"\" \/>\r\n\t\t\t<div class=\"tlp-overlay\">\r\n\t\t\t\t<p class=\"link-icon\">\r\n\t\t\t\t\t\r\n\t\t\t\t\t<a href=\"https:\/\/carterembry.com\/de\/portfolio\/star-trek-lower-decks-digital-illustration\" aria-label=\"Star Trek Unterdecks Digitale Illustration\"><i class=\"demo-icon icon-link-ext\"><\/i><\/a>\r\n\t\t\t\t<\/p>\r\n\t\t\t<\/div>\r\n\t\t<\/div><div class=\"tlp-content\">\r\n\t\t\t\t\t<div class=\"tlp-content-holder\">\r\n\t\t\t\t\t\t<h3><a href=\"https:\/\/carterembry.com\/de\/portfolio\/star-trek-lower-decks-digital-illustration\">Star Trek Unterdecks Digitale Illustration<\/a><\/h3>\r\n\t\t\t\t\t\t\r\n\t\t\t\t\t<\/div>\r\n\t\t\t\t<\/div>\t<\/div>\r\n<\/div>\r\n<div class=\"tlp-col-md-3 tlp-col-sm-6 tlp-col-xs-12 tlp-single-item tlp-isotope-item\">\r\n\t<div class=\"tlp-portfolio-item\">\r\n\t\t\t\t\t\t\t\t\t<div class=\"tlp-portfolio-thum tlp-item\">\r\n\t\t\t<img loading=\"lazy\" decoding=\"async\" width=\"300\" height=\"300\" src=\"https:\/\/carterembry.com\/wp-content\/uploads\/2018\/03\/MVIMG_20180302_085202-1-300x300.jpg\" class=\"img-responsive\" alt=\"\" \/>\r\n\t\t\t<div class=\"tlp-overlay\">\r\n\t\t\t\t<p class=\"link-icon\">\r\n\t\t\t\t\t\r\n\t\t\t\t\t<a href=\"https:\/\/carterembry.com\/de\/portfolio\/dual-clay-display-bowl\" aria-label=\"Dual Clay Display Schale\"><i class=\"demo-icon icon-link-ext\"><\/i><\/a>\r\n\t\t\t\t<\/p>\r\n\t\t\t<\/div>\r\n\t\t<\/div><div class=\"tlp-content\">\r\n\t\t\t\t\t<div class=\"tlp-content-holder\">\r\n\t\t\t\t\t\t<h3><a href=\"https:\/\/carterembry.com\/de\/portfolio\/dual-clay-display-bowl\">Dual Clay Display Schale<\/a><\/h3>\r\n\t\t\t\t\t\t\r\n\t\t\t\t\t<\/div>\r\n\t\t\t\t<\/div>\t<\/div>\r\n<\/div>\r\n<div class=\"tlp-col-md-3 tlp-col-sm-6 tlp-col-xs-12 tlp-single-item tlp-isotope-item\">\r\n\t<div class=\"tlp-portfolio-item\">\r\n\t\t\t\t\t\t\t\t\t<div class=\"tlp-portfolio-thum tlp-item\">\r\n\t\t\t<img loading=\"lazy\" decoding=\"async\" width=\"300\" height=\"300\" src=\"https:\/\/carterembry.com\/wp-content\/uploads\/2018\/01\/MVIMG_20180127_100721-e1517850318576-300x300.jpg\" class=\"img-responsive\" alt=\"\" \/>\r\n\t\t\t<div class=\"tlp-overlay\">\r\n\t\t\t\t<p class=\"link-icon\">\r\n\t\t\t\t\t\r\n\t\t\t\t\t<a href=\"https:\/\/carterembry.com\/de\/portfolio\/handmade-paper\" aria-label=\"Handgesch\u00f6pftes Papier\"><i class=\"demo-icon icon-link-ext\"><\/i><\/a>\r\n\t\t\t\t<\/p>\r\n\t\t\t<\/div>\r\n\t\t<\/div><div class=\"tlp-content\">\r\n\t\t\t\t\t<div class=\"tlp-content-holder\">\r\n\t\t\t\t\t\t<h3><a href=\"https:\/\/carterembry.com\/de\/portfolio\/handmade-paper\">Handgesch\u00f6pftes Papier<\/a><\/h3>\r\n\t\t\t\t\t\t\r\n\t\t\t\t\t<\/div>\r\n\t\t\t\t<\/div>\t<\/div>\r\n<\/div>\r\n<div class=\"tlp-col-md-3 tlp-col-sm-6 tlp-col-xs-12 tlp-single-item tlp-isotope-item\">\r\n\t<div class=\"tlp-portfolio-item\">\r\n\t\t\t\t\t\t\t\t\t<div class=\"tlp-portfolio-thum tlp-item\">\r\n\t\t\t<img loading=\"lazy\" decoding=\"async\" width=\"300\" height=\"300\" src=\"https:\/\/carterembry.com\/wp-content\/uploads\/2018\/01\/IMG_20171109_183714-e1515979121744-300x300.jpg\" class=\"img-responsive\" alt=\"\" \/>\r\n\t\t\t<div class=\"tlp-overlay\">\r\n\t\t\t\t<p class=\"link-icon\">\r\n\t\t\t\t\t\r\n\t\t\t\t\t<a href=\"https:\/\/carterembry.com\/de\/portfolio\/tree-planter\" aria-label=\"Baumpflanzer\"><i class=\"demo-icon icon-link-ext\"><\/i><\/a>\r\n\t\t\t\t<\/p>\r\n\t\t\t<\/div>\r\n\t\t<\/div><div class=\"tlp-content\">\r\n\t\t\t\t\t<div class=\"tlp-content-holder\">\r\n\t\t\t\t\t\t<h3><a href=\"https:\/\/carterembry.com\/de\/portfolio\/tree-planter\">Baumpflanzer<\/a><\/h3>\r\n\t\t\t\t\t\t\r\n\t\t\t\t\t<\/div>\r\n\t\t\t\t<\/div>\t<\/div>\r\n<\/div>\r\n<div class=\"tlp-col-md-3 tlp-col-sm-6 tlp-col-xs-12 tlp-single-item tlp-isotope-item\">\r\n\t<div class=\"tlp-portfolio-item\">\r\n\t\t\t\t\t\t\t\t\t<div class=\"tlp-portfolio-thum tlp-item\">\r\n\t\t\t<img loading=\"lazy\" decoding=\"async\" width=\"300\" height=\"300\" src=\"https:\/\/carterembry.com\/wp-content\/uploads\/2018\/01\/MVIMG_20171213_144006-e1515965579661-300x300.jpg\" class=\"img-responsive\" alt=\"\" \/>\r\n\t\t\t<div class=\"tlp-overlay\">\r\n\t\t\t\t<p class=\"link-icon\">\r\n\t\t\t\t\t\r\n\t\t\t\t\t<a href=\"https:\/\/carterembry.com\/de\/portfolio\/ceramic-trees\" aria-label=\"Keramik-B\u00e4ume\"><i class=\"demo-icon icon-link-ext\"><\/i><\/a>\r\n\t\t\t\t<\/p>\r\n\t\t\t<\/div>\r\n\t\t<\/div><div class=\"tlp-content\">\r\n\t\t\t\t\t<div class=\"tlp-content-holder\">\r\n\t\t\t\t\t\t<h3><a href=\"https:\/\/carterembry.com\/de\/portfolio\/ceramic-trees\">Keramik-B\u00e4ume<\/a><\/h3>\r\n\t\t\t\t\t\t\r\n\t\t\t\t\t<\/div>\r\n\t\t\t\t<\/div>\t<\/div>\r\n<\/div>\r\n<div class=\"tlp-col-md-3 tlp-col-sm-6 tlp-col-xs-12 tlp-single-item tlp-isotope-item\">\r\n\t<div class=\"tlp-portfolio-item\">\r\n\t\t\t\t\t\t\t\t\t<div class=\"tlp-portfolio-thum tlp-item\">\r\n\t\t\t<img loading=\"lazy\" decoding=\"async\" width=\"300\" height=\"300\" src=\"https:\/\/carterembry.com\/wp-content\/uploads\/2018\/01\/Quilt_v1-web-300x300.png\" class=\"img-responsive\" alt=\"\" \/>\r\n\t\t\t<div class=\"tlp-overlay\">\r\n\t\t\t\t<p class=\"link-icon\">\r\n\t\t\t\t\t\r\n\t\t\t\t\t<a href=\"https:\/\/carterembry.com\/de\/portfolio\/wedding-quilting\" aria-label=\"Hochzeitssteppung\"><i class=\"demo-icon icon-link-ext\"><\/i><\/a>\r\n\t\t\t\t<\/p>\r\n\t\t\t<\/div>\r\n\t\t<\/div><div class=\"tlp-content\">\r\n\t\t\t\t\t<div class=\"tlp-content-holder\">\r\n\t\t\t\t\t\t<h3><a href=\"https:\/\/carterembry.com\/de\/portfolio\/wedding-quilting\">Hochzeitssteppung<\/a><\/h3>\r\n\t\t\t\t\t\t\r\n\t\t\t\t\t<\/div>\r\n\t\t\t\t<\/div>\t<\/div>\r\n<\/div>\r\n<div class=\"tlp-col-md-3 tlp-col-sm-6 tlp-col-xs-12 tlp-single-item tlp-isotope-item\">\r\n\t<div class=\"tlp-portfolio-item\">\r\n\t\t\t\t\t\t\t\t\t<div class=\"tlp-portfolio-thum tlp-item\">\r\n\t\t\t<img loading=\"lazy\" decoding=\"async\" width=\"300\" height=\"300\" src=\"https:\/\/carterembry.com\/wp-content\/uploads\/2018\/01\/MVIMG_20171213_142401-e1518910650563-300x300.jpg\" class=\"img-responsive\" alt=\"\" \/>\r\n\t\t\t<div class=\"tlp-overlay\">\r\n\t\t\t\t<p class=\"link-icon\">\r\n\t\t\t\t\t\r\n\t\t\t\t\t<a href=\"https:\/\/carterembry.com\/de\/portfolio\/welcome-home-myndi\" aria-label=\"Willkommen zu Hause Myndi\"><i class=\"demo-icon icon-link-ext\"><\/i><\/a>\r\n\t\t\t\t<\/p>\r\n\t\t\t<\/div>\r\n\t\t<\/div><div class=\"tlp-content\">\r\n\t\t\t\t\t<div class=\"tlp-content-holder\">\r\n\t\t\t\t\t\t<h3><a href=\"https:\/\/carterembry.com\/de\/portfolio\/welcome-home-myndi\">Willkommen zu Hause Myndi<\/a><\/h3>\r\n\t\t\t\t\t\t\r\n\t\t\t\t\t<\/div>\r\n\t\t\t\t<\/div>\t<\/div>\r\n<\/div>\r\n<div class=\"tlp-col-md-3 tlp-col-sm-6 tlp-col-xs-12 tlp-single-item tlp-isotope-item\">\r\n\t<div class=\"tlp-portfolio-item\">\r\n\t\t\t\t\t\t\t\t\t<div class=\"tlp-portfolio-thum tlp-item\">\r\n\t\t\t<img loading=\"lazy\" decoding=\"async\" width=\"300\" height=\"300\" src=\"https:\/\/carterembry.com\/wp-content\/uploads\/2018\/01\/IMG_20170803_224717-300x300.jpg\" class=\"img-responsive\" alt=\"\" \/>\r\n\t\t\t<div class=\"tlp-overlay\">\r\n\t\t\t\t<p class=\"link-icon\">\r\n\t\t\t\t\t\r\n\t\t\t\t\t<a href=\"https:\/\/carterembry.com\/de\/portfolio\/bowls\" aria-label=\"Werfen von kleinen Schalen\"><i class=\"demo-icon icon-link-ext\"><\/i><\/a>\r\n\t\t\t\t<\/p>\r\n\t\t\t<\/div>\r\n\t\t<\/div><div class=\"tlp-content\">\r\n\t\t\t\t\t<div class=\"tlp-content-holder\">\r\n\t\t\t\t\t\t<h3><a href=\"https:\/\/carterembry.com\/de\/portfolio\/bowls\">Werfen von kleinen Schalen<\/a><\/h3>\r\n\t\t\t\t\t\t\r\n\t\t\t\t\t<\/div>\r\n\t\t\t\t<\/div>\t<\/div>\r\n<\/div>\r\n<div class=\"tlp-col-md-3 tlp-col-sm-6 tlp-col-xs-12 tlp-single-item tlp-isotope-item\">\r\n\t<div class=\"tlp-portfolio-item\">\r\n\t\t\t\t\t\t\t\t\t<div class=\"tlp-portfolio-thum tlp-item\">\r\n\t\t\t<img loading=\"lazy\" decoding=\"async\" width=\"300\" height=\"300\" src=\"https:\/\/carterembry.com\/wp-content\/uploads\/2018\/01\/IMG_20170531_190509-e1518910982209-300x300.jpg\" class=\"img-responsive\" alt=\"\" \/>\r\n\t\t\t<div class=\"tlp-overlay\">\r\n\t\t\t\t<p class=\"link-icon\">\r\n\t\t\t\t\t\r\n\t\t\t\t\t<a href=\"https:\/\/carterembry.com\/de\/portfolio\/bowl-variations\" aria-label=\"Werfen gr\u00f6\u00dferer Sch\u00fcsselvariationen\"><i class=\"demo-icon icon-link-ext\"><\/i><\/a>\r\n\t\t\t\t<\/p>\r\n\t\t\t<\/div>\r\n\t\t<\/div><div class=\"tlp-content\">\r\n\t\t\t\t\t<div class=\"tlp-content-holder\">\r\n\t\t\t\t\t\t<h3><a href=\"https:\/\/carterembry.com\/de\/portfolio\/bowl-variations\">Werfen gr\u00f6\u00dferer Sch\u00fcsselvariationen<\/a><\/h3>\r\n\t\t\t\t\t\t\r\n\t\t\t\t\t<\/div>\r\n\t\t\t\t<\/div>\t<\/div>\r\n<\/div>\r\n<div class=\"tlp-col-md-3 tlp-col-sm-6 tlp-col-xs-12 tlp-single-item tlp-isotope-item\">\r\n\t<div class=\"tlp-portfolio-item\">\r\n\t\t\t\t\t\t\t\t\t<div class=\"tlp-portfolio-thum tlp-item\">\r\n\t\t\t<img loading=\"lazy\" decoding=\"async\" width=\"300\" height=\"300\" src=\"https:\/\/carterembry.com\/wp-content\/uploads\/2018\/01\/IMG_20170329_132005-300x300.jpg\" class=\"img-responsive\" alt=\"\" \/>\r\n\t\t\t<div class=\"tlp-overlay\">\r\n\t\t\t\t<p class=\"link-icon\">\r\n\t\t\t\t\t\r\n\t\t\t\t\t<a href=\"https:\/\/carterembry.com\/de\/portfolio\/ceramic-bowls\" aria-label=\"Keramik-Strickschalen\"><i class=\"demo-icon icon-link-ext\"><\/i><\/a>\r\n\t\t\t\t<\/p>\r\n\t\t\t<\/div>\r\n\t\t<\/div><div class=\"tlp-content\">\r\n\t\t\t\t\t<div class=\"tlp-content-holder\">\r\n\t\t\t\t\t\t<h3><a href=\"https:\/\/carterembry.com\/de\/portfolio\/ceramic-bowls\">Keramik-Strickschalen<\/a><\/h3>\r\n\t\t\t\t\t\t\r\n\t\t\t\t\t<\/div>\r\n\t\t\t\t<\/div>\t<\/div>\r\n<\/div>\r\n<div class=\"tlp-col-md-3 tlp-col-sm-6 tlp-col-xs-12 tlp-single-item tlp-isotope-item\">\r\n\t<div class=\"tlp-portfolio-item\">\r\n\t\t\t\t\t\t\t\t\t<div class=\"tlp-portfolio-thum tlp-item\">\r\n\t\t\t<img loading=\"lazy\" decoding=\"async\" width=\"300\" height=\"300\" src=\"https:\/\/carterembry.com\/wp-content\/uploads\/2018\/01\/IMG_20170706_102728-300x300.jpg\" class=\"img-responsive\" alt=\"\" \/>\r\n\t\t\t<div class=\"tlp-overlay\">\r\n\t\t\t\t<p class=\"link-icon\">\r\n\t\t\t\t\t\r\n\t\t\t\t\t<a href=\"https:\/\/carterembry.com\/de\/portfolio\/dinosaurs\" aria-label=\"Dinosaurier\"><i class=\"demo-icon icon-link-ext\"><\/i><\/a>\r\n\t\t\t\t<\/p>\r\n\t\t\t<\/div>\r\n\t\t<\/div><div class=\"tlp-content\">\r\n\t\t\t\t\t<div class=\"tlp-content-holder\">\r\n\t\t\t\t\t\t<h3><a href=\"https:\/\/carterembry.com\/de\/portfolio\/dinosaurs\">Dinosaurier<\/a><\/h3>\r\n\t\t\t\t\t\t\r\n\t\t\t\t\t<\/div>\r\n\t\t\t\t<\/div>\t<\/div>\r\n<\/div>\r\n<div class=\"tlp-col-md-3 tlp-col-sm-6 tlp-col-xs-12 tlp-single-item tlp-isotope-item\">\r\n\t<div class=\"tlp-portfolio-item\">\r\n\t\t\t\t\t\t\t\t\t<div class=\"tlp-portfolio-thum tlp-item\">\r\n\t\t\t<img loading=\"lazy\" decoding=\"async\" width=\"300\" height=\"300\" src=\"https:\/\/carterembry.com\/wp-content\/uploads\/2018\/01\/tumblr_ob9a8sJLxw1qcotygo6_1280-300x300.jpg\" class=\"img-responsive\" alt=\"\" \/>\r\n\t\t\t<div class=\"tlp-overlay\">\r\n\t\t\t\t<p class=\"link-icon\">\r\n\t\t\t\t\t\r\n\t\t\t\t\t<a href=\"https:\/\/carterembry.com\/de\/portfolio\/nashville-skyline-oil\" aria-label=\"Nashville Skyline \u00d6l auf Leinwand\"><i class=\"demo-icon icon-link-ext\"><\/i><\/a>\r\n\t\t\t\t<\/p>\r\n\t\t\t<\/div>\r\n\t\t<\/div><div class=\"tlp-content\">\r\n\t\t\t\t\t<div class=\"tlp-content-holder\">\r\n\t\t\t\t\t\t<h3><a href=\"https:\/\/carterembry.com\/de\/portfolio\/nashville-skyline-oil\">Nashville Skyline \u00d6l auf Leinwand<\/a><\/h3>\r\n\t\t\t\t\t\t\r\n\t\t\t\t\t<\/div>\r\n\t\t\t\t<\/div>\t<\/div>\r\n<\/div>\r\n<div class=\"tlp-col-md-3 tlp-col-sm-6 tlp-col-xs-12 tlp-single-item tlp-isotope-item\">\r\n\t<div class=\"tlp-portfolio-item\">\r\n\t\t\t\t\t\t\t\t\t<div class=\"tlp-portfolio-thum tlp-item\">\r\n\t\t\t<img loading=\"lazy\" decoding=\"async\" width=\"300\" height=\"300\" src=\"https:\/\/carterembry.com\/wp-content\/uploads\/2018\/01\/IMG_20161017_153943-1-300x300.jpg\" class=\"img-responsive\" alt=\"\" \/>\r\n\t\t\t<div class=\"tlp-overlay\">\r\n\t\t\t\t<p class=\"link-icon\">\r\n\t\t\t\t\t\r\n\t\t\t\t\t<a href=\"https:\/\/carterembry.com\/de\/portfolio\/a-walk-on-the-beach\" aria-label=\"Ein Spaziergang am Strand\"><i class=\"demo-icon icon-link-ext\"><\/i><\/a>\r\n\t\t\t\t<\/p>\r\n\t\t\t<\/div>\r\n\t\t<\/div><div class=\"tlp-content\">\r\n\t\t\t\t\t<div class=\"tlp-content-holder\">\r\n\t\t\t\t\t\t<h3><a href=\"https:\/\/carterembry.com\/de\/portfolio\/a-walk-on-the-beach\">Ein Spaziergang am Strand<\/a><\/h3>\r\n\t\t\t\t\t\t\r\n\t\t\t\t\t<\/div>\r\n\t\t\t\t<\/div>\t<\/div>\r\n<\/div>\r\n<div class=\"tlp-col-md-3 tlp-col-sm-6 tlp-col-xs-12 tlp-single-item tlp-isotope-item\">\r\n\t<div class=\"tlp-portfolio-item\">\r\n\t\t\t\t\t\t\t\t\t<div class=\"tlp-portfolio-thum tlp-item\">\r\n\t\t\t<img loading=\"lazy\" decoding=\"async\" width=\"300\" height=\"300\" src=\"https:\/\/carterembry.com\/wp-content\/uploads\/2018\/02\/1518917949320-d71bf3a6-e01f-48a4-9484-f93d0b7222c5_-300x300.jpg\" class=\"img-responsive\" alt=\"\" \/>\r\n\t\t\t<div class=\"tlp-overlay\">\r\n\t\t\t\t<p class=\"link-icon\">\r\n\t\t\t\t\t\r\n\t\t\t\t\t<a href=\"https:\/\/carterembry.com\/de\/portfolio\/watercolor-daffodil\" aria-label=\"Aquarell-Narzisse\"><i class=\"demo-icon icon-link-ext\"><\/i><\/a>\r\n\t\t\t\t<\/p>\r\n\t\t\t<\/div>\r\n\t\t<\/div><div class=\"tlp-content\">\r\n\t\t\t\t\t<div class=\"tlp-content-holder\">\r\n\t\t\t\t\t\t<h3><a href=\"https:\/\/carterembry.com\/de\/portfolio\/watercolor-daffodil\">Aquarell-Narzisse<\/a><\/h3>\r\n\t\t\t\t\t\t\r\n\t\t\t\t\t<\/div>\r\n\t\t\t\t<\/div>\t<\/div>\r\n<\/div>\r\n<div class=\"tlp-col-md-3 tlp-col-sm-6 tlp-col-xs-12 tlp-single-item tlp-isotope-item\">\r\n\t<div class=\"tlp-portfolio-item\">\r\n\t\t\t\t\t\t\t\t\t<div class=\"tlp-portfolio-thum tlp-item\">\r\n\t\t\t<img loading=\"lazy\" decoding=\"async\" width=\"300\" height=\"300\" src=\"https:\/\/carterembry.com\/wp-content\/uploads\/2018\/02\/1519076798508-862a2ddf-f1b6-4c28-8566-bae16cbf5c72_-300x300.jpg\" class=\"img-responsive\" alt=\"\" \/>\r\n\t\t\t<div class=\"tlp-overlay\">\r\n\t\t\t\t<p class=\"link-icon\">\r\n\t\t\t\t\t\r\n\t\t\t\t\t<a href=\"https:\/\/carterembry.com\/de\/portfolio\/naked-guy-studies\" aria-label=\"Nackter Kerl &amp; Studien\"><i class=\"demo-icon icon-link-ext\"><\/i><\/a>\r\n\t\t\t\t<\/p>\r\n\t\t\t<\/div>\r\n\t\t<\/div><div class=\"tlp-content\">\r\n\t\t\t\t\t<div class=\"tlp-content-holder\">\r\n\t\t\t\t\t\t<h3><a href=\"https:\/\/carterembry.com\/de\/portfolio\/naked-guy-studies\">Nackter Kerl &amp; Studien<\/a><\/h3>\r\n\t\t\t\t\t\t\r\n\t\t\t\t\t<\/div>\r\n\t\t\t\t<\/div>\t<\/div>\r\n<\/div>\r\n<div class=\"tlp-col-md-3 tlp-col-sm-6 tlp-col-xs-12 tlp-single-item tlp-isotope-item\">\r\n\t<div class=\"tlp-portfolio-item\">\r\n\t\t\t\t\t\t\t\t\t<div class=\"tlp-portfolio-thum tlp-item\">\r\n\t\t\t<img loading=\"lazy\" decoding=\"async\" width=\"300\" height=\"300\" src=\"https:\/\/carterembry.com\/wp-content\/uploads\/2018\/01\/1516551160307-6b004534-aa4b-4b14-8ec3-3880324fcac5-300x300.jpg\" class=\"img-responsive\" alt=\"\" \/>\r\n\t\t\t<div class=\"tlp-overlay\">\r\n\t\t\t\t<p class=\"link-icon\">\r\n\t\t\t\t\t\r\n\t\t\t\t\t<a href=\"https:\/\/carterembry.com\/de\/portfolio\/stewarts-soda-in-acrylic\" aria-label=\"&quot;Stewart&#039;s Orange &amp; Cream Soda&quot; Acryl auf Masonit\"><i class=\"demo-icon icon-link-ext\"><\/i><\/a>\r\n\t\t\t\t<\/p>\r\n\t\t\t<\/div>\r\n\t\t<\/div><div class=\"tlp-content\">\r\n\t\t\t\t\t<div class=\"tlp-content-holder\">\r\n\t\t\t\t\t\t<h3><a href=\"https:\/\/carterembry.com\/de\/portfolio\/stewarts-soda-in-acrylic\">\"Stewarts Orange &amp; Cream Soda\" Acryl auf Masonit<\/a><\/h3>\r\n\t\t\t\t\t\t\r\n\t\t\t\t\t<\/div>\r\n\t\t\t\t<\/div>\t<\/div>\r\n<\/div>\r\n<div class=\"tlp-col-md-3 tlp-col-sm-6 tlp-col-xs-12 tlp-single-item tlp-isotope-item\">\r\n\t<div class=\"tlp-portfolio-item\">\r\n\t\t\t\t\t\t\t\t\t<div class=\"tlp-portfolio-thum tlp-item\">\r\n\t\t\t<img loading=\"lazy\" decoding=\"async\" width=\"300\" height=\"300\" src=\"https:\/\/carterembry.com\/wp-content\/uploads\/2018\/01\/1516550715839-7686d9f9-8ef2-4e9a-be80-bf5ce1753b0d_-300x300.jpg\" class=\"img-responsive\" alt=\"\" \/>\r\n\t\t\t<div class=\"tlp-overlay\">\r\n\t\t\t\t<p class=\"link-icon\">\r\n\t\t\t\t\t\r\n\t\t\t\t\t<a href=\"https:\/\/carterembry.com\/de\/portfolio\/charcoal-3\" aria-label=\"Holzkohle #3\"><i class=\"demo-icon icon-link-ext\"><\/i><\/a>\r\n\t\t\t\t<\/p>\r\n\t\t\t<\/div>\r\n\t\t<\/div><div class=\"tlp-content\">\r\n\t\t\t\t\t<div class=\"tlp-content-holder\">\r\n\t\t\t\t\t\t<h3><a href=\"https:\/\/carterembry.com\/de\/portfolio\/charcoal-3\">Holzkohle #3<\/a><\/h3>\r\n\t\t\t\t\t\t\r\n\t\t\t\t\t<\/div>\r\n\t\t\t\t<\/div>\t<\/div>\r\n<\/div>\r\n<div class=\"tlp-col-md-3 tlp-col-sm-6 tlp-col-xs-12 tlp-single-item tlp-isotope-item\">\r\n\t<div class=\"tlp-portfolio-item\">\r\n\t\t\t\t\t\t\t\t\t<div class=\"tlp-portfolio-thum tlp-item\">\r\n\t\t\t<img loading=\"lazy\" decoding=\"async\" width=\"300\" height=\"300\" src=\"https:\/\/carterembry.com\/wp-content\/uploads\/2018\/01\/1516550838021-0d320582-4f9b-40e2-923e-7a7adf7cb280-300x300.jpg\" class=\"img-responsive\" alt=\"\" \/>\r\n\t\t\t<div class=\"tlp-overlay\">\r\n\t\t\t\t<p class=\"link-icon\">\r\n\t\t\t\t\t\r\n\t\t\t\t\t<a href=\"https:\/\/carterembry.com\/de\/portfolio\/charcoal-sphere-and-face\" aria-label=\"Holzkohlekugel (und Gesicht)\"><i class=\"demo-icon icon-link-ext\"><\/i><\/a>\r\n\t\t\t\t<\/p>\r\n\t\t\t<\/div>\r\n\t\t<\/div><div class=\"tlp-content\">\r\n\t\t\t\t\t<div class=\"tlp-content-holder\">\r\n\t\t\t\t\t\t<h3><a href=\"https:\/\/carterembry.com\/de\/portfolio\/charcoal-sphere-and-face\">Holzkohlekugel (und Gesicht)<\/a><\/h3>\r\n\t\t\t\t\t\t\r\n\t\t\t\t\t<\/div>\r\n\t\t\t\t<\/div>\t<\/div>\r\n<\/div>\r\n<div class=\"tlp-col-md-3 tlp-col-sm-6 tlp-col-xs-12 tlp-single-item tlp-isotope-item\">\r\n\t<div class=\"tlp-portfolio-item\">\r\n\t\t\t\t\t\t\t\t\t<div class=\"tlp-portfolio-thum tlp-item\">\r\n\t\t\t<img loading=\"lazy\" decoding=\"async\" width=\"300\" height=\"300\" src=\"https:\/\/carterembry.com\/wp-content\/uploads\/2018\/01\/1516550954921-2f734be8-de2a-4c1f-adb6-d9c7d7c6a06f-300x300.jpg\" class=\"img-responsive\" alt=\"\" \/>\r\n\t\t\t<div class=\"tlp-overlay\">\r\n\t\t\t\t<p class=\"link-icon\">\r\n\t\t\t\t\t\r\n\t\t\t\t\t<a href=\"https:\/\/carterembry.com\/de\/portfolio\/charcoal-boxes-in-a-space\" aria-label=\"Holzkohle - Boxen in einem Raum\"><i class=\"demo-icon icon-link-ext\"><\/i><\/a>\r\n\t\t\t\t<\/p>\r\n\t\t\t<\/div>\r\n\t\t<\/div><div class=\"tlp-content\">\r\n\t\t\t\t\t<div class=\"tlp-content-holder\">\r\n\t\t\t\t\t\t<h3><a href=\"https:\/\/carterembry.com\/de\/portfolio\/charcoal-boxes-in-a-space\">Holzkohle - Boxen im Raum<\/a><\/h3>\r\n\t\t\t\t\t\t\r\n\t\t\t\t\t<\/div>\r\n\t\t\t\t<\/div>\t<\/div>\r\n<\/div>\r\n <\/div><\/div><\/div><\/div><\/div><\/div><\/div><\/div>","protected":false},"excerpt":{"rendered":"<p>Stardew Valley Illustrated Portrait Star Trek Lower Decks Digital Illustration Dual Clay Display Bowl Handmade Paper Tree Planter Ceramic Trees Wedding Quilting Welcome Home Myndi Throwing Small Bowls Throwing Larger Bowl Variations Ceramic Knitting Bowls Dinosaurs Nashville Skyline Oil on Canvas A walk on the beach Watercolor Daffodil Naked Guy &amp; studies \"Stewart's Orange &amp; [...]<\/p>","protected":false},"author":2,"featured_media":0,"parent":0,"menu_order":0,"comment_status":"closed","ping_status":"closed","template":"","meta":{"wprm-recipe-roundup-name":"","wprm-recipe-roundup-description":"","site-sidebar-layout":"default","site-content-layout":"default","ast-site-content-layout":"default","site-content-style":"default","site-sidebar-style":"default","ast-global-header-display":"","ast-banner-title-visibility":"","ast-main-header-display":"","ast-hfb-above-header-display":"","ast-hfb-below-header-display":"","ast-hfb-mobile-header-display":"","site-post-title":"","ast-breadcrumbs-content":"","ast-featured-img":"","footer-sml-layout":"","ast-disable-related-posts":"","theme-transparent-header-meta":"","adv-header-id-meta":"","stick-header-meta":"","header-above-stick-meta":"","header-main-stick-meta":"","header-below-stick-meta":"","astra-migrate-meta-layouts":"default","ast-page-background-enabled":"default","ast-page-background-meta":{"desktop":{"background-color":"var(--ast-global-color-4)","background-image":"","background-repeat":"repeat","background-position":"center center","background-size":"auto","background-attachment":"scroll","background-type":"","background-media":"","overlay-type":"","overlay-color":"","overlay-opacity":"","overlay-gradient":""},"tablet":{"background-color":"","background-image":"","background-repeat":"repeat","background-position":"center center","background-size":"auto","background-attachment":"scroll","background-type":"","background-media":"","overlay-type":"","overlay-color":"","overlay-opacity":"","overlay-gradient":""},"mobile":{"background-color":"","background-image":"","background-repeat":"repeat","background-position":"center center","background-size":"auto","background-attachment":"scroll","background-type":"","background-media":"","overlay-type":"","overlay-color":"","overlay-opacity":"","overlay-gradient":""}},"ast-content-background-meta":{"desktop":{"background-color":"var(--ast-global-color-5)","background-image":"","background-repeat":"repeat","background-position":"center center","background-size":"auto","background-attachment":"scroll","background-type":"","background-media":"","overlay-type":"","overlay-color":"","overlay-opacity":"","overlay-gradient":""},"tablet":{"background-color":"var(--ast-global-color-5)","background-image":"","background-repeat":"repeat","background-position":"center center","background-size":"auto","background-attachment":"scroll","background-type":"","background-media":"","overlay-type":"","overlay-color":"","overlay-opacity":"","overlay-gradient":""},"mobile":{"background-color":"var(--ast-global-color-5)","background-image":"","background-repeat":"repeat","background-position":"center center","background-size":"auto","background-attachment":"scroll","background-type":"","background-media":"","overlay-type":"","overlay-color":"","overlay-opacity":"","overlay-gradient":""}},"footnotes":""},"class_list":["post-10351","page","type-page","status-publish","hentry"],"_links":{"self":[{"href":"https:\/\/carterembry.com\/de\/wp-json\/wp\/v2\/pages\/10351","targetHints":{"allow":["GET"]}}],"collection":[{"href":"https:\/\/carterembry.com\/de\/wp-json\/wp\/v2\/pages"}],"about":[{"href":"https:\/\/carterembry.com\/de\/wp-json\/wp\/v2\/types\/page"}],"author":[{"embeddable":true,"href":"https:\/\/carterembry.com\/de\/wp-json\/wp\/v2\/users\/2"}],"replies":[{"embeddable":true,"href":"https:\/\/carterembry.com\/de\/wp-json\/wp\/v2\/comments?post=10351"}],"version-history":[{"count":12,"href":"https:\/\/carterembry.com\/de\/wp-json\/wp\/v2\/pages\/10351\/revisions"}],"predecessor-version":[{"id":14050,"href":"https:\/\/carterembry.com\/de\/wp-json\/wp\/v2\/pages\/10351\/revisions\/14050"}],"wp:attachment":[{"href":"https:\/\/carterembry.com\/de\/wp-json\/wp\/v2\/media?parent=10351"}],"curies":[{"name":"wp","href":"https:\/\/api.w.org\/{rel}","templated":true}]}}